{"id":14326,"date":"2025-10-08T14:07:24","date_gmt":"2025-10-08T14:07:24","guid":{"rendered":"http:\/\/hexexist.com\/product\/royal-elementor-kiti\/"},"modified":"2025-10-14T18:15:40","modified_gmt":"2025-10-14T18:15:40","slug":"royal-elementor-kiti","status":"publish","type":"product","link":"https:\/\/hexexist.com\/tr\/urun\/royal-elementor-kiti\/","title":{"rendered":"Royal Elementor Kiti"},"content":{"rendered":"\n<p>Elementor Severler \u0130\u00e7in Ger\u00e7ekten Hepsi Bir Arada \u00c7\u00f6z\u00fcm. 90+ Elementor \u015eablon K\u0130T\u0130, 100+ Profesyonel Elementor Widget&#8217;\u0131, Elementor tema olu\u015fturucu, Elementor Popup Builder, Elementor Haz\u0131r bloklar ve Yap\u0131\u015fkan Ba\u015fl\u0131k, Par\u00e7ac\u0131k efektleri, paralaks arka planlar ve di\u011fer bir\u00e7ok elementor eklentisi gibi di\u011fer bir\u00e7ok harika \u00f6zellik. Temay\u0131 basit\u00e7e y\u00fckleyin, \u015eablon Kiti ile Ba\u015flay\u0131n d\u00fc\u011fmesine t\u0131klay\u0131n ve hepsi bu kadar. WordPress&#8217;e yeni ba\u015flayanlar veya profesyoneller i\u00e7in bile kullan\u0131m\u0131 \u00e7ok kolayd\u0131r. Di\u011fer t\u00fcm Elementor temalar\u0131n\u0131 ve Elementor eklentilerini geride b\u0131rakan Hepsi Bir Arada Elementor \u00c7\u00f6z\u00fcm\u00fc. ########### \u015eABLONLARI DAHILDIR: Elementor Blog \u015eablonu, Elementor Dergi Blog \u015eablonu, Elementor Yemek Blogu \u015eablonu, Elementor Seyahat Blogu \u015eablonu, Elementor Portf\u00f6y \u015eablonu, Elementor NFT \u015eablonu, Elementor Pizza Restoran \u015eablonu, Elementor Seyahat Blogger &amp; Influencer \u015eablonu, Elementor Siber G\u00fcvenlik \u015eablonu, Elementor Foto\u011fraf\u00e7\u0131 Portf\u00f6y\u00fc \u015eablonu, Elementor Kripto Para Birimi \u015eablonu, Elementor Cilt Bak\u0131m\u0131 \u015eablonu, Elementor Avukat \u015eablonu, Elementor T\u0131bbi \u015eablon, Elementor Dijital Ajans \u015eablonu, Elementor Drone \u015eablonu, Elementro Mimarl\u0131k \u015eablonu, Elementor Yemek Da\u011f\u0131t\u0131m \u015eablonu, Elementor \u0130n\u015faat \u015eablonu, Elementor BT Teknolojisi \u015eablonu, Elementor Emlak \u015eablonu, Elementor Restoran \u015eablonu, Elementor \u015earap Bar\u0131 ve Restoran \u015eablonu, Elementor D\u00fc\u011f\u00fcn \u015eablonu ve di\u011fer g\u00fczel elementor i\u015f \u015fablonlar\u0131. T\u00fcm bu \u015fablonlar elementor sayfa olu\u015fturucu ile olu\u015fturulmu\u015ftur.        <\/p>\n","protected":false},"excerpt":{"rendered":"<p>Elementor Severler \u0130\u00e7in Ger\u00e7ekten Hepsi Bir Arada \u00c7\u00f6z\u00fcm. 90+ Elementor \u015eablon K\u0130T\u0130, 100+ Profesyonel Elementor Widget&#8217;\u0131, Elementor tema olu\u015fturucu, Elementor Popup Builder, Elementor Haz\u0131r bloklar ve Yap\u0131\u015fkan Ba\u015fl\u0131k, Par\u00e7ac\u0131k efektleri, paralaks arka planlar ve di\u011fer bir\u00e7ok elementor eklentisi gibi di\u011fer bir\u00e7ok harika \u00f6zellik. Temay\u0131 basit\u00e7e y\u00fckleyin, \u015eablon Kiti ile Ba\u015flay\u0131n d\u00fc\u011fmesine t\u0131klay\u0131n ve hepsi bu [&hellip;]<\/p>\n","protected":false},"featured_media":12727,"comment_status":"open","ping_status":"closed","template":"","meta":[],"product_brand":[],"product_cat":[1415,1416],"product_tag":[2651,1575,2648,2647,2747,2644,2642,2653,2643,2753,2748,2709,2755],"class_list":{"0":"post-14326","1":"product","2":"type-product","3":"status-publish","4":"has-post-thumbnail","6":"product_cat-temalar","7":"product_cat-wordpress-tr","8":"product_tag-bir-sutun","9":"product_tag-blog-tr","10":"product_tag-ceviri-hazir","11":"product_tag-disli-yorumlar","12":"product_tag-e-ticaret-tr","13":"product_tag-one-cikan-gorseller","14":"product_tag-ozel-arka-plan","15":"product_tag-ozel-logo","16":"product_tag-ozel-menu","17":"product_tag-ozel-renkler","18":"product_tag-tam-genislikte-sablon","19":"product_tag-tema-secenekleri","20":"product_tag-yapiskan-gonderi","22":"first","23":"instock","24":"downloadable","25":"virtual","26":"product-type-simple"},"_links":{"self":[{"href":"https:\/\/hexexist.com\/tr\/wp-json\/wp\/v2\/product\/14326","targetHints":{"allow":["GET"]}}],"collection":[{"href":"https:\/\/hexexist.com\/tr\/wp-json\/wp\/v2\/product"}],"about":[{"href":"https:\/\/hexexist.com\/tr\/wp-json\/wp\/v2\/types\/product"}],"replies":[{"embeddable":true,"href":"https:\/\/hexexist.com\/tr\/wp-json\/wp\/v2\/comments?post=14326"}],"wp:featuredmedia":[{"embeddable":true,"href":"https:\/\/hexexist.com\/tr\/wp-json\/wp\/v2\/media\/12727"}],"wp:attachment":[{"href":"https:\/\/hexexist.com\/tr\/wp-json\/wp\/v2\/media?parent=14326"}],"wp:term":[{"taxonomy":"product_brand","embeddable":true,"href":"https:\/\/hexexist.com\/tr\/wp-json\/wp\/v2\/product_brand?post=14326"},{"taxonomy":"product_cat","embeddable":true,"href":"https:\/\/hexexist.com\/tr\/wp-json\/wp\/v2\/product_cat?post=14326"},{"taxonomy":"product_tag","embeddable":true,"href":"https:\/\/hexexist.com\/tr\/wp-json\/wp\/v2\/product_tag?post=14326"}],"curies":[{"name":"wp","href":"https:\/\/api.w.org\/{rel}","templated":true}]}}