{"id":14327,"date":"2025-10-08T14:07:27","date_gmt":"2025-10-08T14:07:27","guid":{"rendered":"http:\/\/hexexist.com\/product\/merhaba-biz\/"},"modified":"2025-10-14T18:15:41","modified_gmt":"2025-10-14T18:15:41","slug":"merhaba-biz","status":"publish","type":"product","link":"https:\/\/hexexist.com\/tr\/urun\/merhaba-biz\/","title":{"rendered":"Merhaba Biz"},"content":{"rendered":"\n<p>Hello Biz, Elementor site olu\u015fturucu ile sorunsuz entegrasyon i\u00e7in haz\u0131rlanm\u0131\u015f ve \u00f6zellikle i\u015fletme web siteleri i\u00e7in uyarlanm\u0131\u015f \u00fccretsiz, kullan\u0131c\u0131 dostu bir Hibrit WordPress Temas\u0131d\u0131r. Yeni ba\u015flayanlar i\u00e7in m\u00fckemmeldir, ancak sadece onlarla s\u0131n\u0131rl\u0131 de\u011fildir, web olu\u015fturma s\u00fcrecini basitle\u015ftirmek ve kolayla\u015ft\u0131rmak i\u00e7in yeni ba\u015flayanlara y\u00f6nelik \u00f6zel bir &#8220;Ana Sayfa&#8221; ekran\u0131na sahiptir. Hello Biz ayr\u0131ca Elementor&#8217;un premium \u00f6zellikleriyle entegre olarak yapay zeka ve eri\u015filebilirlik geli\u015ftirmeleri gibi ara\u00e7lara tek bir yerden eri\u015fmenizi sa\u011flar. \u0130ster bir ba\u015flang\u0131\u00e7 sitesi ba\u015flat\u0131yor ister bir \u015firket portf\u00f6y\u00fcn\u00fc geli\u015ftiriyor olun, Hello Biz t\u00fcm web yarat\u0131c\u0131lar\u0131 i\u00e7in sa\u011flam ve duyarl\u0131 bir temel sunar. Patchstack G\u00fcvenlik A\u00e7\u0131\u011f\u0131 A\u00e7\u0131klama Program\u0131 arac\u0131l\u0131\u011f\u0131yla g\u00fcvenlik hatalar\u0131n\u0131 bildirin. Patchstack ekibi g\u00fcvenlik a\u00e7\u0131klar\u0131n\u0131 do\u011frular, \u00f6nceliklendirir ve ele al\u0131r. Buradan bildirin: https:\/\/patchstack.com\/database\/wordpress\/theme\/hello-biz\/vdp.      <\/p>\n","protected":false},"excerpt":{"rendered":"<p>Hello Biz, Elementor site olu\u015fturucu ile sorunsuz entegrasyon i\u00e7in haz\u0131rlanm\u0131\u015f ve \u00f6zellikle i\u015fletme web siteleri i\u00e7in uyarlanm\u0131\u015f \u00fccretsiz, kullan\u0131c\u0131 dostu bir Hibrit WordPress Temas\u0131d\u0131r. Yeni ba\u015flayanlar i\u00e7in m\u00fckemmeldir, ancak sadece onlarla s\u0131n\u0131rl\u0131 de\u011fildir, web olu\u015fturma s\u00fcrecini basitle\u015ftirmek ve kolayla\u015ft\u0131rmak i\u00e7in yeni ba\u015flayanlara y\u00f6nelik \u00f6zel bir &#8220;Ana Sayfa&#8221; ekran\u0131na sahiptir. Hello Biz ayr\u0131ca Elementor&#8217;un premium \u00f6zellikleriyle [&hellip;]<\/p>\n","protected":false},"featured_media":12732,"comment_status":"open","ping_status":"closed","template":"","meta":[],"product_brand":[],"product_cat":[1415,1416],"product_tag":[2648,2647,2756,2644,2653,2643,2753,2750,2757],"class_list":{"0":"post-14327","1":"product","2":"type-product","3":"status-publish","4":"has-post-thumbnail","6":"product_cat-temalar","7":"product_cat-wordpress-tr","8":"product_tag-ceviri-hazir","9":"product_tag-disli-yorumlar","10":"product_tag-esnek-baslik","11":"product_tag-one-cikan-gorseller","12":"product_tag-ozel-logo","13":"product_tag-ozel-menu","14":"product_tag-ozel-renkler","15":"product_tag-rtl-dil-destegi","16":"product_tag-stil-varyasyonlari","18":"first","19":"instock","20":"downloadable","21":"virtual","22":"product-type-simple"},"_links":{"self":[{"href":"https:\/\/hexexist.com\/tr\/wp-json\/wp\/v2\/product\/14327","targetHints":{"allow":["GET"]}}],"collection":[{"href":"https:\/\/hexexist.com\/tr\/wp-json\/wp\/v2\/product"}],"about":[{"href":"https:\/\/hexexist.com\/tr\/wp-json\/wp\/v2\/types\/product"}],"replies":[{"embeddable":true,"href":"https:\/\/hexexist.com\/tr\/wp-json\/wp\/v2\/comments?post=14327"}],"wp:featuredmedia":[{"embeddable":true,"href":"https:\/\/hexexist.com\/tr\/wp-json\/wp\/v2\/media\/12732"}],"wp:attachment":[{"href":"https:\/\/hexexist.com\/tr\/wp-json\/wp\/v2\/media?parent=14327"}],"wp:term":[{"taxonomy":"product_brand","embeddable":true,"href":"https:\/\/hexexist.com\/tr\/wp-json\/wp\/v2\/product_brand?post=14327"},{"taxonomy":"product_cat","embeddable":true,"href":"https:\/\/hexexist.com\/tr\/wp-json\/wp\/v2\/product_cat?post=14327"},{"taxonomy":"product_tag","embeddable":true,"href":"https:\/\/hexexist.com\/tr\/wp-json\/wp\/v2\/product_tag?post=14327"}],"curies":[{"name":"wp","href":"https:\/\/api.w.org\/{rel}","templated":true}]}}