{"id":14328,"date":"2025-10-08T14:07:25","date_gmt":"2025-10-08T14:07:25","guid":{"rendered":"http:\/\/hexexist.com\/product\/yith-wonder\/"},"modified":"2025-10-14T18:15:40","modified_gmt":"2025-10-14T18:15:40","slug":"yith-wonder","status":"publish","type":"product","link":"https:\/\/hexexist.com\/tr\/urun\/yith-wonder\/","title":{"rendered":"YITH Wonder"},"content":{"rendered":"\n<p>Wonder, YITH&#8217;in yeni blok tabanl\u0131, \u00e7ok ama\u00e7l\u0131 WordPress temas\u0131d\u0131r. Tam Site D\u00fczenlemenin (FSE) g\u00fcc\u00fc ve dahil edilen geni\u015f Blok Kal\u0131plar\u0131 yelpazesi ile sayfalar\u0131n\u0131z\u0131 istedi\u011finiz tasar\u0131ma uyacak \u015fekilde olu\u015fturun. \u00d6nceden olu\u015fturulmu\u015f sayfalar, web sitenizi doldurman\u0131za ve harika bir web sitesine d\u00f6n\u00fc\u015ft\u00fcrmenize yard\u0131mc\u0131 olacakt\u0131r. Kendi benzersiz g\u00f6r\u00fcn\u00fcm\u00fcn\u00fcz\u00fc ve hissinizi olu\u015fturmak i\u00e7in renkleri ve yaz\u0131 tipi e\u015fle\u015ftirmelerini \u00f6zelle\u015ftirin. Demo siteye https:\/\/wonder.yithemes.com\/ adresinden g\u00f6z at\u0131n.    <\/p>\n","protected":false},"excerpt":{"rendered":"<p>Wonder, YITH&#8217;in yeni blok tabanl\u0131, \u00e7ok ama\u00e7l\u0131 WordPress temas\u0131d\u0131r. Tam Site D\u00fczenlemenin (FSE) g\u00fcc\u00fc ve dahil edilen geni\u015f Blok Kal\u0131plar\u0131 yelpazesi ile sayfalar\u0131n\u0131z\u0131 istedi\u011finiz tasar\u0131ma uyacak \u015fekilde olu\u015fturun. \u00d6nceden olu\u015fturulmu\u015f sayfalar, web sitenizi doldurman\u0131za ve harika bir web sitesine d\u00f6n\u00fc\u015ft\u00fcrmenize yard\u0131mc\u0131 olacakt\u0131r. Kendi benzersiz g\u00f6r\u00fcn\u00fcm\u00fcn\u00fcz\u00fc ve hissinizi olu\u015fturmak i\u00e7in renkleri ve yaz\u0131 tipi e\u015fle\u015ftirmelerini \u00f6zelle\u015ftirin. [&hellip;]<\/p>\n","protected":false},"featured_media":12729,"comment_status":"open","ping_status":"closed","template":"","meta":[],"product_brand":[],"product_cat":[1415,1416],"product_tag":[2645,2747,2754,2644,2642,2653,2643,2753],"class_list":{"0":"post-14328","1":"product","2":"type-product","3":"status-publish","4":"has-post-thumbnail","6":"product_cat-temalar","7":"product_cat-wordpress-tr","8":"product_tag-altbilgi-widgetlari","9":"product_tag-e-ticaret-tr","10":"product_tag-editor-stili","11":"product_tag-one-cikan-gorseller","12":"product_tag-ozel-arka-plan","13":"product_tag-ozel-logo","14":"product_tag-ozel-menu","15":"product_tag-ozel-renkler","17":"first","18":"instock","19":"downloadable","20":"virtual","21":"product-type-simple"},"_links":{"self":[{"href":"https:\/\/hexexist.com\/tr\/wp-json\/wp\/v2\/product\/14328","targetHints":{"allow":["GET"]}}],"collection":[{"href":"https:\/\/hexexist.com\/tr\/wp-json\/wp\/v2\/product"}],"about":[{"href":"https:\/\/hexexist.com\/tr\/wp-json\/wp\/v2\/types\/product"}],"replies":[{"embeddable":true,"href":"https:\/\/hexexist.com\/tr\/wp-json\/wp\/v2\/comments?post=14328"}],"wp:featuredmedia":[{"embeddable":true,"href":"https:\/\/hexexist.com\/tr\/wp-json\/wp\/v2\/media\/12729"}],"wp:attachment":[{"href":"https:\/\/hexexist.com\/tr\/wp-json\/wp\/v2\/media?parent=14328"}],"wp:term":[{"taxonomy":"product_brand","embeddable":true,"href":"https:\/\/hexexist.com\/tr\/wp-json\/wp\/v2\/product_brand?post=14328"},{"taxonomy":"product_cat","embeddable":true,"href":"https:\/\/hexexist.com\/tr\/wp-json\/wp\/v2\/product_cat?post=14328"},{"taxonomy":"product_tag","embeddable":true,"href":"https:\/\/hexexist.com\/tr\/wp-json\/wp\/v2\/product_tag?post=14328"}],"curies":[{"name":"wp","href":"https:\/\/api.w.org\/{rel}","templated":true}]}}