{"id":14329,"date":"2025-10-08T14:07:28","date_gmt":"2025-10-08T14:07:28","guid":{"rendered":"http:\/\/hexexist.com\/product\/envo-royal\/"},"modified":"2025-10-14T18:15:41","modified_gmt":"2025-10-14T18:15:41","slug":"envo-royal","status":"publish","type":"product","link":"https:\/\/hexexist.com\/tr\/urun\/envo-royal\/","title":{"rendered":"Envo Royal"},"content":{"rendered":"\n<p>Envo Royal h\u0131zl\u0131, temiz, hafif, \u00f6zelle\u015ftirilebilir ve modern g\u00f6r\u00fcn\u00fcml\u00fc \u00fccretsiz duyarl\u0131 \u00e7ok ama\u00e7l\u0131 bir WordPress temas\u0131d\u0131r. Blog, yarat\u0131c\u0131, portf\u00f6y veya i\u015fletme web sitesi ve WooCommerce vitrini i\u00e7in uygundur. Tema Elementor, Beaver Builder, SiteOrigin, Thrive Architect, Divi, Brizy, Visual Composer, Gutenberg gibi pop\u00fcler sayfa olu\u015fturucular\u0131 destekler. Envo Royal, benzersiz WooCommerce \u00d6zellikleri ile birlikte gelir ve YITH WooCommerce Wishlist, YITH WooCommerce Compare, WooCommerce Variation Swatches ve di\u011fer pop\u00fcler eklentilerle uyumludur. Tema SEO dostu, WPML ve RTL haz\u0131rd\u0131r. Dok\u00fcmantasyon: https:\/\/envothemes.com\/docs\/envo-royal\/ \u0130\u00e7e aktar\u0131lmaya haz\u0131r tema demolar\u0131: https:\/\/envothemes.com\/envo-royal-free-wp-theme\/#demos     <\/p>\n","protected":false},"excerpt":{"rendered":"<p>Envo Royal h\u0131zl\u0131, temiz, hafif, \u00f6zelle\u015ftirilebilir ve modern g\u00f6r\u00fcn\u00fcml\u00fc \u00fccretsiz duyarl\u0131 \u00e7ok ama\u00e7l\u0131 bir WordPress temas\u0131d\u0131r. Blog, yarat\u0131c\u0131, portf\u00f6y veya i\u015fletme web sitesi ve WooCommerce vitrini i\u00e7in uygundur. Tema Elementor, Beaver Builder, SiteOrigin, Thrive Architect, Divi, Brizy, Visual Composer, Gutenberg gibi pop\u00fcler sayfa olu\u015fturucular\u0131 destekler. Envo Royal, benzersiz WooCommerce \u00d6zellikleri ile birlikte gelir ve YITH [&hellip;]<\/p>\n","protected":false},"featured_media":12734,"comment_status":"open","ping_status":"closed","template":"","meta":[],"product_brand":[],"product_cat":[1415,1416],"product_tag":[2645,2651,1575,2648,2647,2747,2754,2644,2642,2758,2653,2643,2750,2646,2748],"class_list":{"0":"post-14329","1":"product","2":"type-product","3":"status-publish","4":"has-post-thumbnail","6":"product_cat-temalar","7":"product_cat-wordpress-tr","8":"product_tag-altbilgi-widgetlari","9":"product_tag-bir-sutun","10":"product_tag-blog-tr","11":"product_tag-ceviri-hazir","12":"product_tag-disli-yorumlar","13":"product_tag-e-ticaret-tr","14":"product_tag-editor-stili","15":"product_tag-one-cikan-gorseller","16":"product_tag-ozel-arka-plan","17":"product_tag-ozel-baslik","18":"product_tag-ozel-logo","19":"product_tag-ozel-menu","20":"product_tag-rtl-dil-destegi","21":"product_tag-sag-kenar-cubugu","22":"product_tag-tam-genislikte-sablon","24":"first","25":"instock","26":"downloadable","27":"virtual","28":"product-type-simple"},"_links":{"self":[{"href":"https:\/\/hexexist.com\/tr\/wp-json\/wp\/v2\/product\/14329","targetHints":{"allow":["GET"]}}],"collection":[{"href":"https:\/\/hexexist.com\/tr\/wp-json\/wp\/v2\/product"}],"about":[{"href":"https:\/\/hexexist.com\/tr\/wp-json\/wp\/v2\/types\/product"}],"replies":[{"embeddable":true,"href":"https:\/\/hexexist.com\/tr\/wp-json\/wp\/v2\/comments?post=14329"}],"wp:featuredmedia":[{"embeddable":true,"href":"https:\/\/hexexist.com\/tr\/wp-json\/wp\/v2\/media\/12734"}],"wp:attachment":[{"href":"https:\/\/hexexist.com\/tr\/wp-json\/wp\/v2\/media?parent=14329"}],"wp:term":[{"taxonomy":"product_brand","embeddable":true,"href":"https:\/\/hexexist.com\/tr\/wp-json\/wp\/v2\/product_brand?post=14329"},{"taxonomy":"product_cat","embeddable":true,"href":"https:\/\/hexexist.com\/tr\/wp-json\/wp\/v2\/product_cat?post=14329"},{"taxonomy":"product_tag","embeddable":true,"href":"https:\/\/hexexist.com\/tr\/wp-json\/wp\/v2\/product_tag?post=14329"}],"curies":[{"name":"wp","href":"https:\/\/api.w.org\/{rel}","templated":true}]}}