{"id":14330,"date":"2025-10-08T14:07:26","date_gmt":"2025-10-08T14:07:26","guid":{"rendered":"http:\/\/hexexist.com\/product\/yirmi-on-dokuz\/"},"modified":"2025-10-14T18:15:41","modified_gmt":"2025-10-14T18:15:41","slug":"yirmi-on-dokuz","status":"publish","type":"product","link":"https:\/\/hexexist.com\/tr\/urun\/yirmi-on-dokuz\/","title":{"rendered":"Yirmi On Dokuz"},"content":{"rendered":"\n<p>2019 varsay\u0131lan temam\u0131z, blok d\u00fczenleyicinin g\u00fcc\u00fcn\u00fc g\u00f6stermek i\u00e7in tasarlanm\u0131\u015ft\u0131r. T\u00fcm varsay\u0131lan bloklar i\u00e7in \u00f6zel stillere sahiptir ve edit\u00f6rde g\u00f6rd\u00fckleriniz web sitenizde g\u00f6receklerinize benzeyecek \u015fekilde olu\u015fturulmu\u015ftur. Twenty Nineteen, ister bir foto\u011fraf blogu i\u015fletiyor, ister yeni bir i\u015f kuruyor ya da k\u00e2r amac\u0131 g\u00fctmeyen bir kurulu\u015fu destekliyor olun, \u00e7ok \u00e7e\u015fitli web sitelerine uyarlanabilecek \u015fekilde tasarlanm\u0131\u015ft\u0131r. Klasik serif g\u00f6vde metni ile e\u015fle\u015ftirilmi\u015f geni\u015f beyaz bo\u015fluk ve modern sans-serif ba\u015fl\u0131klar\u0131 ile t\u00fcm ekran boyutlar\u0131nda g\u00fczel g\u00f6r\u00fcnecek \u015fekilde tasarlanm\u0131\u015ft\u0131r.   <\/p>\n\n<p><\/p>\n","protected":false},"excerpt":{"rendered":"<p>2019 varsay\u0131lan temam\u0131z, blok d\u00fczenleyicinin g\u00fcc\u00fcn\u00fc g\u00f6stermek i\u00e7in tasarlanm\u0131\u015ft\u0131r. T\u00fcm varsay\u0131lan bloklar i\u00e7in \u00f6zel stillere sahiptir ve edit\u00f6rde g\u00f6rd\u00fckleriniz web sitenizde g\u00f6receklerinize benzeyecek \u015fekilde olu\u015fturulmu\u015ftur. Twenty Nineteen, ister bir foto\u011fraf blogu i\u015fletiyor, ister yeni bir i\u015f kuruyor ya da k\u00e2r amac\u0131 g\u00fctmeyen bir kurulu\u015fu destekliyor olun, \u00e7ok \u00e7e\u015fitli web sitelerine uyarlanabilecek \u015fekilde tasarlanm\u0131\u015ft\u0131r. Klasik serif [&hellip;]<\/p>\n","protected":false},"featured_media":12731,"comment_status":"open","ping_status":"closed","template":"","meta":[],"product_brand":[],"product_cat":[1415,1416],"product_tag":[2645,2651,2652,2648,2647,2754,2759,2644,2653,2643,2753,2750,2755],"class_list":{"0":"post-14330","1":"product","2":"type-product","3":"status-publish","4":"has-post-thumbnail","6":"product_cat-temalar","7":"product_cat-wordpress-tr","8":"product_tag-altbilgi-widgetlari","9":"product_tag-bir-sutun","10":"product_tag-blok-duzenleyici-kaliplari","11":"product_tag-ceviri-hazir","12":"product_tag-disli-yorumlar","13":"product_tag-editor-stili","14":"product_tag-erisilebilirlik-hazir","15":"product_tag-one-cikan-gorseller","16":"product_tag-ozel-logo","17":"product_tag-ozel-menu","18":"product_tag-ozel-renkler","19":"product_tag-rtl-dil-destegi","20":"product_tag-yapiskan-gonderi","22":"first","23":"instock","24":"downloadable","25":"virtual","26":"product-type-simple"},"_links":{"self":[{"href":"https:\/\/hexexist.com\/tr\/wp-json\/wp\/v2\/product\/14330","targetHints":{"allow":["GET"]}}],"collection":[{"href":"https:\/\/hexexist.com\/tr\/wp-json\/wp\/v2\/product"}],"about":[{"href":"https:\/\/hexexist.com\/tr\/wp-json\/wp\/v2\/types\/product"}],"replies":[{"embeddable":true,"href":"https:\/\/hexexist.com\/tr\/wp-json\/wp\/v2\/comments?post=14330"}],"wp:featuredmedia":[{"embeddable":true,"href":"https:\/\/hexexist.com\/tr\/wp-json\/wp\/v2\/media\/12731"}],"wp:attachment":[{"href":"https:\/\/hexexist.com\/tr\/wp-json\/wp\/v2\/media?parent=14330"}],"wp:term":[{"taxonomy":"product_brand","embeddable":true,"href":"https:\/\/hexexist.com\/tr\/wp-json\/wp\/v2\/product_brand?post=14330"},{"taxonomy":"product_cat","embeddable":true,"href":"https:\/\/hexexist.com\/tr\/wp-json\/wp\/v2\/product_cat?post=14330"},{"taxonomy":"product_tag","embeddable":true,"href":"https:\/\/hexexist.com\/tr\/wp-json\/wp\/v2\/product_tag?post=14330"}],"curies":[{"name":"wp","href":"https:\/\/api.w.org\/{rel}","templated":true}]}}