{"id":14331,"date":"2025-10-08T14:07:29","date_gmt":"2025-10-08T14:07:29","guid":{"rendered":"http:\/\/hexexist.com\/product\/inspiro\/"},"modified":"2025-10-14T18:15:42","modified_gmt":"2025-10-14T18:15:42","slug":"inspiro","status":"publish","type":"product","link":"https:\/\/hexexist.com\/tr\/urun\/inspiro\/","title":{"rendered":"Inspiro"},"content":{"rendered":"\n<p>Inspiro, modern bir tasar\u0131ma sahip profesyonel ve hafif bir foto\u011fraf ve video odakl\u0131 WordPress temas\u0131d\u0131r. Vimeo, YouTube ve kendi kendine bar\u0131nd\u0131r\u0131lan video arka plan\u0131n\u0131 destekleyen tam ekran alan\u0131, Sayfa Olu\u015fturucu entegrasyonu gibi \u00f6zelliklerle dolu olan Inspiro, foto\u011fraf ve video portf\u00f6y\u00fcn\u00fcz\u00fc g\u00f6stermek i\u00e7in m\u00fckemmeldir. Ayr\u0131ca, tema WooCommerce ve Elementor, Beaver Builder gibi pop\u00fcler Sayfa Olu\u015fturucular ile uyumludur. Tema tamamen GDPR uyumludur ve herhangi bir harici Google Yaz\u0131 Tipi kullanmaz. T\u00fcm yaz\u0131 tipleri yerel olarak bar\u0131nd\u0131r\u0131l\u0131r. Daha fazla bilgi edinin ve https:\/\/www.wpzoom.com\/themes\/inspiro\/ adresindeki g\u00fc\u00e7l\u00fc PREMIUM s\u00fcr\u00fcm\u00fcm\u00fcze g\u00f6z at\u0131n.     <\/p>\n","protected":false},"excerpt":{"rendered":"<p>Inspiro, modern bir tasar\u0131ma sahip profesyonel ve hafif bir foto\u011fraf ve video odakl\u0131 WordPress temas\u0131d\u0131r. Vimeo, YouTube ve kendi kendine bar\u0131nd\u0131r\u0131lan video arka plan\u0131n\u0131 destekleyen tam ekran alan\u0131, Sayfa Olu\u015fturucu entegrasyonu gibi \u00f6zelliklerle dolu olan Inspiro, foto\u011fraf ve video portf\u00f6y\u00fcn\u00fcz\u00fc g\u00f6stermek i\u00e7in m\u00fckemmeldir. Ayr\u0131ca, tema WooCommerce ve Elementor, Beaver Builder gibi pop\u00fcler Sayfa Olu\u015fturucular ile [&hellip;]<\/p>\n","protected":false},"featured_media":12735,"comment_status":"open","ping_status":"closed","template":"","meta":[],"product_brand":[],"product_cat":[1415,1416],"product_tag":[2645,2651,1575,2652,2641,2648,2647,2747,2754,2756,2649,2760,2644,2642,2758,2653,2643,2753,1702,2749,2750,2646,2748,2709,2755],"class_list":{"0":"post-14331","1":"product","2":"type-product","3":"status-publish","4":"has-post-thumbnail","6":"product_cat-temalar","7":"product_cat-wordpress-tr","8":"product_tag-altbilgi-widgetlari","9":"product_tag-bir-sutun","10":"product_tag-blog-tr","11":"product_tag-blok-duzenleyici-kaliplari","12":"product_tag-blok-duzenleyici-stilleri","13":"product_tag-ceviri-hazir","14":"product_tag-disli-yorumlar","15":"product_tag-e-ticaret-tr","16":"product_tag-editor-stili","17":"product_tag-esnek-baslik","18":"product_tag-iki-sutun","19":"product_tag-one-cikan-gorsel-basligi","20":"product_tag-one-cikan-gorseller","21":"product_tag-ozel-arka-plan","22":"product_tag-ozel-baslik","23":"product_tag-ozel-logo","24":"product_tag-ozel-menu","25":"product_tag-ozel-renkler","26":"product_tag-portfoy","27":"product_tag-post-formatlari","28":"product_tag-rtl-dil-destegi","29":"product_tag-sag-kenar-cubugu","30":"product_tag-tam-genislikte-sablon","31":"product_tag-tema-secenekleri","32":"product_tag-yapiskan-gonderi","34":"first","35":"instock","36":"downloadable","37":"virtual","38":"product-type-simple"},"_links":{"self":[{"href":"https:\/\/hexexist.com\/tr\/wp-json\/wp\/v2\/product\/14331","targetHints":{"allow":["GET"]}}],"collection":[{"href":"https:\/\/hexexist.com\/tr\/wp-json\/wp\/v2\/product"}],"about":[{"href":"https:\/\/hexexist.com\/tr\/wp-json\/wp\/v2\/types\/product"}],"replies":[{"embeddable":true,"href":"https:\/\/hexexist.com\/tr\/wp-json\/wp\/v2\/comments?post=14331"}],"wp:featuredmedia":[{"embeddable":true,"href":"https:\/\/hexexist.com\/tr\/wp-json\/wp\/v2\/media\/12735"}],"wp:attachment":[{"href":"https:\/\/hexexist.com\/tr\/wp-json\/wp\/v2\/media?parent=14331"}],"wp:term":[{"taxonomy":"product_brand","embeddable":true,"href":"https:\/\/hexexist.com\/tr\/wp-json\/wp\/v2\/product_brand?post=14331"},{"taxonomy":"product_cat","embeddable":true,"href":"https:\/\/hexexist.com\/tr\/wp-json\/wp\/v2\/product_cat?post=14331"},{"taxonomy":"product_tag","embeddable":true,"href":"https:\/\/hexexist.com\/tr\/wp-json\/wp\/v2\/product_tag?post=14331"}],"curies":[{"name":"wp","href":"https:\/\/api.w.org\/{rel}","templated":true}]}}