{"id":14334,"date":"2025-10-08T14:07:31","date_gmt":"2025-10-08T14:07:31","guid":{"rendered":"http:\/\/hexexist.com\/product\/gumus-firtina\/"},"modified":"2025-10-14T18:15:53","modified_gmt":"2025-10-14T18:15:53","slug":"gumus-firtina","status":"publish","type":"product","link":"https:\/\/hexexist.com\/tr\/urun\/gumus-firtina\/","title":{"rendered":"G\u00fcm\u00fc\u015f F\u0131rt\u0131na"},"content":{"rendered":"\n<p>S\u00fcr\u00fckle ve b\u0131rak yoluyla harika web siteleri olu\u015fturmak i\u00e7in kullanabilece\u011finiz g\u00fczel, \u00e7ok \u00f6zelle\u015ftirilebilir, \u00e7ok ama\u00e7l\u0131 bir tema. \u00d6nceden tasarlanm\u0131\u015f bir ana sayfa, 5 ba\u015fl\u0131k tasar\u0131m\u0131 ve kolayca \u00f6zelle\u015ftirebilece\u011finiz 35&#8217;in \u00fczerinde kullan\u0131ma haz\u0131r i\u00e7erik blo\u011fu ile birlikte gelir. Ayr\u0131ca 25&#8217;ten fazla s\u00fcr\u00fckle ve b\u0131rak bile\u015fenini birle\u015ftirerek kendi \u00f6zel bloklar\u0131n\u0131z\u0131 da tasarlayabilirsiniz. K\u0131sa s\u00fcrede \u00f6ne \u00e7\u0131kan bir web sitesi olu\u015fturman\u0131za yard\u0131mc\u0131 olmak i\u00e7in \u00e7ok say\u0131da \u00f6zelle\u015ftirme se\u00e7ene\u011fi (video arka plan\u0131, slayt g\u00f6sterisi arka plan\u0131, ba\u015fl\u0131k i\u00e7erik t\u00fcrleri vb. Ayr\u0131ca, kutudan \u00e7\u0131kar \u00e7\u0131kmaz mobil cihazlarda \u00e7al\u0131\u015facak \u015fekilde duyarl\u0131l\u0131kla tasarlanm\u0131\u015ft\u0131r. \u0130htiyac\u0131n\u0131z olan tek tema bu!     <\/p>\n","protected":false},"excerpt":{"rendered":"<p>S\u00fcr\u00fckle ve b\u0131rak yoluyla harika web siteleri olu\u015fturmak i\u00e7in kullanabilece\u011finiz g\u00fczel, \u00e7ok \u00f6zelle\u015ftirilebilir, \u00e7ok ama\u00e7l\u0131 bir tema. \u00d6nceden tasarlanm\u0131\u015f bir ana sayfa, 5 ba\u015fl\u0131k tasar\u0131m\u0131 ve kolayca \u00f6zelle\u015ftirebilece\u011finiz 35&#8217;in \u00fczerinde kullan\u0131ma haz\u0131r i\u00e7erik blo\u011fu ile birlikte gelir. Ayr\u0131ca 25&#8217;ten fazla s\u00fcr\u00fckle ve b\u0131rak bile\u015fenini birle\u015ftirerek kendi \u00f6zel bloklar\u0131n\u0131z\u0131 da tasarlayabilirsiniz. K\u0131sa s\u00fcrede \u00f6ne \u00e7\u0131kan bir [&hellip;]<\/p>\n","protected":false},"featured_media":12738,"comment_status":"open","ping_status":"closed","template":"","meta":[],"product_brand":[],"product_cat":[1415,1416],"product_tag":[2651,2648,2647,2751,2649,2761,2644,2758,2653,2643,1702,2646,2748,2709],"class_list":{"0":"post-14334","1":"product","2":"type-product","3":"status-publish","4":"has-post-thumbnail","6":"product_cat-temalar","7":"product_cat-wordpress-tr","8":"product_tag-bir-sutun","9":"product_tag-ceviri-hazir","10":"product_tag-disli-yorumlar","11":"product_tag-eglence","12":"product_tag-iki-sutun","13":"product_tag-izgara-duzeni","14":"product_tag-one-cikan-gorseller","15":"product_tag-ozel-baslik","16":"product_tag-ozel-logo","17":"product_tag-ozel-menu","18":"product_tag-portfoy","19":"product_tag-sag-kenar-cubugu","20":"product_tag-tam-genislikte-sablon","21":"product_tag-tema-secenekleri","23":"first","24":"instock","25":"downloadable","26":"virtual","27":"product-type-simple"},"_links":{"self":[{"href":"https:\/\/hexexist.com\/tr\/wp-json\/wp\/v2\/product\/14334","targetHints":{"allow":["GET"]}}],"collection":[{"href":"https:\/\/hexexist.com\/tr\/wp-json\/wp\/v2\/product"}],"about":[{"href":"https:\/\/hexexist.com\/tr\/wp-json\/wp\/v2\/types\/product"}],"replies":[{"embeddable":true,"href":"https:\/\/hexexist.com\/tr\/wp-json\/wp\/v2\/comments?post=14334"}],"wp:featuredmedia":[{"embeddable":true,"href":"https:\/\/hexexist.com\/tr\/wp-json\/wp\/v2\/media\/12738"}],"wp:attachment":[{"href":"https:\/\/hexexist.com\/tr\/wp-json\/wp\/v2\/media?parent=14334"}],"wp:term":[{"taxonomy":"product_brand","embeddable":true,"href":"https:\/\/hexexist.com\/tr\/wp-json\/wp\/v2\/product_brand?post=14334"},{"taxonomy":"product_cat","embeddable":true,"href":"https:\/\/hexexist.com\/tr\/wp-json\/wp\/v2\/product_cat?post=14334"},{"taxonomy":"product_tag","embeddable":true,"href":"https:\/\/hexexist.com\/tr\/wp-json\/wp\/v2\/product_tag?post=14334"}],"curies":[{"name":"wp","href":"https:\/\/api.w.org\/{rel}","templated":true}]}}