{"id":14336,"date":"2025-10-08T14:07:36","date_gmt":"2025-10-08T14:07:36","guid":{"rendered":"http:\/\/hexexist.com\/product\/hestia\/"},"modified":"2025-10-14T18:15:53","modified_gmt":"2025-10-14T18:15:53","slug":"hestia","status":"publish","type":"product","link":"https:\/\/hexexist.com\/tr\/urun\/hestia\/","title":{"rendered":"Hestia"},"content":{"rendered":"\n<p>Hestia profesyoneller i\u00e7in modern bir WordPress temas\u0131d\u0131r. Yarat\u0131c\u0131 i\u015fletmeler, k\u00fc\u00e7\u00fck i\u015fletmeler (restoranlar, d\u00fc\u011f\u00fcn planlay\u0131c\u0131lar\u0131, spor \/ t\u0131bbi ma\u011fazalar), yeni ba\u015flayanlar, kurumsal i\u015fletmeler, \u00e7evrimi\u00e7i ajanslar ve firmalar, portf\u00f6yler, e-ticaret (WooCommerce) ve serbest \u00e7al\u0131\u015fanlar i\u00e7in uygundur. \u00c7ok ama\u00e7l\u0131 tek sayfal\u0131k bir tasar\u0131ma, widget&#8217;l\u0131 altbilgiye, blog \/ haber sayfas\u0131na ve temiz bir g\u00f6r\u00fcn\u00fcme sahiptir, a\u015fa\u011f\u0131dakilerle uyumludur: Flat Parallax Slider, Foto\u011fraf Galerisi, Seyahat Haritas\u0131 ve Elementor Sayfa Olu\u015fturucu ile uyumludur. Tema duyarl\u0131, WPML, Retina haz\u0131r, SEO dostu ve tasar\u0131m i\u00e7in Material Kit kullan\u0131yor.   <\/p>\n","protected":false},"excerpt":{"rendered":"<p>Hestia profesyoneller i\u00e7in modern bir WordPress temas\u0131d\u0131r. Yarat\u0131c\u0131 i\u015fletmeler, k\u00fc\u00e7\u00fck i\u015fletmeler (restoranlar, d\u00fc\u011f\u00fcn planlay\u0131c\u0131lar\u0131, spor \/ t\u0131bbi ma\u011fazalar), yeni ba\u015flayanlar, kurumsal i\u015fletmeler, \u00e7evrimi\u00e7i ajanslar ve firmalar, portf\u00f6yler, e-ticaret (WooCommerce) ve serbest \u00e7al\u0131\u015fanlar i\u00e7in uygundur. \u00c7ok ama\u00e7l\u0131 tek sayfal\u0131k bir tasar\u0131ma, widget&#8217;l\u0131 altbilgiye, blog \/ haber sayfas\u0131na ve temiz bir g\u00f6r\u00fcn\u00fcme sahiptir, a\u015fa\u011f\u0131dakilerle uyumludur: Flat Parallax [&hellip;]<\/p>\n","protected":false},"featured_media":12743,"comment_status":"open","ping_status":"closed","template":"","meta":[],"product_brand":[],"product_cat":[1415,1416],"product_tag":[2645,2651,1575,2648,2647,2747,2754,2756,2649,2761,2760,2644,2642,2758,2653,2643,2753,1702,2749,2750,2646,2650,2748,2709,2755],"class_list":{"0":"post-14336","1":"product","2":"type-product","3":"status-publish","4":"has-post-thumbnail","6":"product_cat-temalar","7":"product_cat-wordpress-tr","8":"product_tag-altbilgi-widgetlari","9":"product_tag-bir-sutun","10":"product_tag-blog-tr","11":"product_tag-ceviri-hazir","12":"product_tag-disli-yorumlar","13":"product_tag-e-ticaret-tr","14":"product_tag-editor-stili","15":"product_tag-esnek-baslik","16":"product_tag-iki-sutun","17":"product_tag-izgara-duzeni","18":"product_tag-one-cikan-gorsel-basligi","19":"product_tag-one-cikan-gorseller","20":"product_tag-ozel-arka-plan","21":"product_tag-ozel-baslik","22":"product_tag-ozel-logo","23":"product_tag-ozel-menu","24":"product_tag-ozel-renkler","25":"product_tag-portfoy","26":"product_tag-post-formatlari","27":"product_tag-rtl-dil-destegi","28":"product_tag-sag-kenar-cubugu","29":"product_tag-sol-kenar-cubugu","30":"product_tag-tam-genislikte-sablon","31":"product_tag-tema-secenekleri","32":"product_tag-yapiskan-gonderi","34":"first","35":"instock","36":"downloadable","37":"virtual","38":"product-type-simple"},"_links":{"self":[{"href":"https:\/\/hexexist.com\/tr\/wp-json\/wp\/v2\/product\/14336","targetHints":{"allow":["GET"]}}],"collection":[{"href":"https:\/\/hexexist.com\/tr\/wp-json\/wp\/v2\/product"}],"about":[{"href":"https:\/\/hexexist.com\/tr\/wp-json\/wp\/v2\/types\/product"}],"replies":[{"embeddable":true,"href":"https:\/\/hexexist.com\/tr\/wp-json\/wp\/v2\/comments?post=14336"}],"wp:featuredmedia":[{"embeddable":true,"href":"https:\/\/hexexist.com\/tr\/wp-json\/wp\/v2\/media\/12743"}],"wp:attachment":[{"href":"https:\/\/hexexist.com\/tr\/wp-json\/wp\/v2\/media?parent=14336"}],"wp:term":[{"taxonomy":"product_brand","embeddable":true,"href":"https:\/\/hexexist.com\/tr\/wp-json\/wp\/v2\/product_brand?post=14336"},{"taxonomy":"product_cat","embeddable":true,"href":"https:\/\/hexexist.com\/tr\/wp-json\/wp\/v2\/product_cat?post=14336"},{"taxonomy":"product_tag","embeddable":true,"href":"https:\/\/hexexist.com\/tr\/wp-json\/wp\/v2\/product_tag?post=14336"}],"curies":[{"name":"wp","href":"https:\/\/api.w.org\/{rel}","templated":true}]}}