{"id":14337,"date":"2025-10-08T14:07:31","date_gmt":"2025-10-08T14:07:31","guid":{"rendered":"http:\/\/hexexist.com\/product\/newsblogger\/"},"modified":"2025-10-14T18:15:53","modified_gmt":"2025-10-14T18:15:53","slug":"newsblogger","status":"publish","type":"product","link":"https:\/\/hexexist.com\/tr\/urun\/newsblogger\/","title":{"rendered":"NewsBlogger"},"content":{"rendered":"\n<p>NewsBlogger, pop\u00fcler NewCrunch WordPress temas\u0131 i\u00e7in dinamik ve \u00e7ok y\u00f6nl\u00fc bir alt temad\u0131r. Blog yazarlar\u0131, gazeteciler ve \u00e7evrimi\u00e7i dergiler i\u00e7in m\u00fckemmel olan bu tema, geli\u015fmi\u015f \u00f6zelle\u015ftirme se\u00e7enekleri, geli\u015fmi\u015f performans ve hem Gutenberg hem de Klasik edit\u00f6rlerle sorunsuz entegrasyon sunar. Elementor, Contact Form 7, Polylang ve WPML gibi \u00e7e\u015fitli pop\u00fcler eklentilerle uyumludur. Tema RTL&#8217;ye haz\u0131rd\u0131r ve kullan\u0131c\u0131 gizlili\u011fine \u00f6ncelik verir ve GDPR kapsam\u0131nda k\u0131s\u0131tlanan herhangi bir ki\u015fisel veriyi toplamaktan ka\u00e7\u0131narak Genel Veri Koruma Y\u00f6netmeli\u011fi (GDPR) y\u00f6nergelerine uyar. Tema ayr\u0131ca arama motoru g\u00f6r\u00fcn\u00fcrl\u00fc\u011f\u00fcn\u00fc ve optimizasyonunu art\u0131ran \u015femaya haz\u0131rd\u0131r.      <\/p>\n","protected":false},"excerpt":{"rendered":"<p>NewsBlogger, pop\u00fcler NewCrunch WordPress temas\u0131 i\u00e7in dinamik ve \u00e7ok y\u00f6nl\u00fc bir alt temad\u0131r. Blog yazarlar\u0131, gazeteciler ve \u00e7evrimi\u00e7i dergiler i\u00e7in m\u00fckemmel olan bu tema, geli\u015fmi\u015f \u00f6zelle\u015ftirme se\u00e7enekleri, geli\u015fmi\u015f performans ve hem Gutenberg hem de Klasik edit\u00f6rlerle sorunsuz entegrasyon sunar. Elementor, Contact Form 7, Polylang ve WPML gibi \u00e7e\u015fitli pop\u00fcler eklentilerle uyumludur. Tema RTL&#8217;ye haz\u0131rd\u0131r ve [&hellip;]<\/p>\n","protected":false},"featured_media":12737,"comment_status":"open","ping_status":"closed","template":"","meta":[],"product_brand":[],"product_cat":[1415,1416],"product_tag":[2645,2651,1575,2648,2647,2158,2110,2649,2761,2644,2642,2653,2643,2750,2646,2748,2755],"class_list":{"0":"post-14337","1":"product","2":"type-product","3":"status-publish","4":"has-post-thumbnail","6":"product_cat-temalar","7":"product_cat-wordpress-tr","8":"product_tag-altbilgi-widgetlari","9":"product_tag-bir-sutun","10":"product_tag-blog-tr","11":"product_tag-ceviri-hazir","12":"product_tag-disli-yorumlar","13":"product_tag-fotografcilik","14":"product_tag-haberler","15":"product_tag-iki-sutun","16":"product_tag-izgara-duzeni","17":"product_tag-one-cikan-gorseller","18":"product_tag-ozel-arka-plan","19":"product_tag-ozel-logo","20":"product_tag-ozel-menu","21":"product_tag-rtl-dil-destegi","22":"product_tag-sag-kenar-cubugu","23":"product_tag-tam-genislikte-sablon","24":"product_tag-yapiskan-gonderi","26":"first","27":"instock","28":"downloadable","29":"virtual","30":"product-type-simple"},"_links":{"self":[{"href":"https:\/\/hexexist.com\/tr\/wp-json\/wp\/v2\/product\/14337","targetHints":{"allow":["GET"]}}],"collection":[{"href":"https:\/\/hexexist.com\/tr\/wp-json\/wp\/v2\/product"}],"about":[{"href":"https:\/\/hexexist.com\/tr\/wp-json\/wp\/v2\/types\/product"}],"replies":[{"embeddable":true,"href":"https:\/\/hexexist.com\/tr\/wp-json\/wp\/v2\/comments?post=14337"}],"wp:featuredmedia":[{"embeddable":true,"href":"https:\/\/hexexist.com\/tr\/wp-json\/wp\/v2\/media\/12737"}],"wp:attachment":[{"href":"https:\/\/hexexist.com\/tr\/wp-json\/wp\/v2\/media?parent=14337"}],"wp:term":[{"taxonomy":"product_brand","embeddable":true,"href":"https:\/\/hexexist.com\/tr\/wp-json\/wp\/v2\/product_brand?post=14337"},{"taxonomy":"product_cat","embeddable":true,"href":"https:\/\/hexexist.com\/tr\/wp-json\/wp\/v2\/product_cat?post=14337"},{"taxonomy":"product_tag","embeddable":true,"href":"https:\/\/hexexist.com\/tr\/wp-json\/wp\/v2\/product_tag?post=14337"}],"curies":[{"name":"wp","href":"https:\/\/api.w.org\/{rel}","templated":true}]}}