{"id":14338,"date":"2025-10-08T14:07:37","date_gmt":"2025-10-08T14:07:37","guid":{"rendered":"http:\/\/hexexist.com\/product\/yirmi-on-alti\/"},"modified":"2025-10-14T18:15:53","modified_gmt":"2025-10-14T18:15:53","slug":"yirmi-on-alti","status":"publish","type":"product","link":"https:\/\/hexexist.com\/tr\/urun\/yirmi-on-alti\/","title":{"rendered":"Yirmi On Alt\u0131"},"content":{"rendered":"\n<p>Twenty Sixteen, bloglar ve web siteleri i\u00e7in m\u00fckemmel bir \u015fekilde \u00e7al\u0131\u015fan iste\u011fe ba\u011fl\u0131 bir sa\u011f kenar \u00e7ubu\u011funa sahip yatay masthead gibi her zaman pop\u00fcler olan bir WordPress d\u00fczeninin modernize edilmi\u015f halidir. G\u00fczel varsay\u0131lan renk \u015femalar\u0131 ile \u00f6zel renk se\u00e7eneklerine, mobil \u00f6ncelikli bir yakla\u015f\u0131m kullanan uyumlu bir ak\u0131\u015fkan \u0131zgaraya ve her ayr\u0131nt\u0131da kusursuz bir cilaya sahiptir. Twenty Sixteen WordPress&#8217;inizin her yerde g\u00fczel g\u00f6r\u00fcnmesini sa\u011flayacakt\u0131r.  <\/p>\n","protected":false},"excerpt":{"rendered":"<p>Twenty Sixteen, bloglar ve web siteleri i\u00e7in m\u00fckemmel bir \u015fekilde \u00e7al\u0131\u015fan iste\u011fe ba\u011fl\u0131 bir sa\u011f kenar \u00e7ubu\u011funa sahip yatay masthead gibi her zaman pop\u00fcler olan bir WordPress d\u00fczeninin modernize edilmi\u015f halidir. G\u00fczel varsay\u0131lan renk \u015femalar\u0131 ile \u00f6zel renk se\u00e7eneklerine, mobil \u00f6ncelikli bir yakla\u015f\u0131m kullanan uyumlu bir ak\u0131\u015fkan \u0131zgaraya ve her ayr\u0131nt\u0131da kusursuz bir cilaya sahiptir. [&hellip;]<\/p>\n","protected":false},"featured_media":10112,"comment_status":"open","ping_status":"closed","template":"","meta":[],"product_brand":[],"product_cat":[1415,1416],"product_tag":[2651,1575,2652,2648,2647,2754,2759,2756,2649,2752,2644,2642,2758,2643,2753,2749,2750,2646,2755],"class_list":{"0":"post-14338","1":"product","2":"type-product","3":"status-publish","4":"has-post-thumbnail","6":"product_cat-temalar","7":"product_cat-wordpress-tr","8":"product_tag-bir-sutun","9":"product_tag-blog-tr","10":"product_tag-blok-duzenleyici-kaliplari","11":"product_tag-ceviri-hazir","12":"product_tag-disli-yorumlar","13":"product_tag-editor-stili","14":"product_tag-erisilebilirlik-hazir","15":"product_tag-esnek-baslik","16":"product_tag-iki-sutun","17":"product_tag-mikroformatlar","18":"product_tag-one-cikan-gorseller","19":"product_tag-ozel-arka-plan","20":"product_tag-ozel-baslik","21":"product_tag-ozel-menu","22":"product_tag-ozel-renkler","23":"product_tag-post-formatlari","24":"product_tag-rtl-dil-destegi","25":"product_tag-sag-kenar-cubugu","26":"product_tag-yapiskan-gonderi","28":"first","29":"instock","30":"downloadable","31":"virtual","32":"product-type-simple"},"_links":{"self":[{"href":"https:\/\/hexexist.com\/tr\/wp-json\/wp\/v2\/product\/14338","targetHints":{"allow":["GET"]}}],"collection":[{"href":"https:\/\/hexexist.com\/tr\/wp-json\/wp\/v2\/product"}],"about":[{"href":"https:\/\/hexexist.com\/tr\/wp-json\/wp\/v2\/types\/product"}],"replies":[{"embeddable":true,"href":"https:\/\/hexexist.com\/tr\/wp-json\/wp\/v2\/comments?post=14338"}],"wp:featuredmedia":[{"embeddable":true,"href":"https:\/\/hexexist.com\/tr\/wp-json\/wp\/v2\/media\/10112"}],"wp:attachment":[{"href":"https:\/\/hexexist.com\/tr\/wp-json\/wp\/v2\/media?parent=14338"}],"wp:term":[{"taxonomy":"product_brand","embeddable":true,"href":"https:\/\/hexexist.com\/tr\/wp-json\/wp\/v2\/product_brand?post=14338"},{"taxonomy":"product_cat","embeddable":true,"href":"https:\/\/hexexist.com\/tr\/wp-json\/wp\/v2\/product_cat?post=14338"},{"taxonomy":"product_tag","embeddable":true,"href":"https:\/\/hexexist.com\/tr\/wp-json\/wp\/v2\/product_tag?post=14338"}],"curies":[{"name":"wp","href":"https:\/\/api.w.org\/{rel}","templated":true}]}}