{"id":14339,"date":"2025-10-08T14:07:32","date_gmt":"2025-10-08T14:07:32","guid":{"rendered":"http:\/\/hexexist.com\/product\/git\/"},"modified":"2025-10-14T18:15:53","modified_gmt":"2025-10-14T18:15:53","slug":"git","status":"publish","type":"product","link":"https:\/\/hexexist.com\/tr\/urun\/git\/","title":{"rendered":"Git"},"content":{"rendered":"\n<p>Go, yap\u0131mc\u0131lar\u0131 WordPress ile g\u00fczel ve zengin web siteleri olu\u015fturmalar\u0131 i\u00e7in g\u00fc\u00e7lendirmeye odaklanan yenilik\u00e7i, Gutenberg \u00f6ncelikli bir WordPress temas\u0131d\u0131r.<\/p>\n\n<p><\/p>\n","protected":false},"excerpt":{"rendered":"<p>Go, yap\u0131mc\u0131lar\u0131 WordPress ile g\u00fczel ve zengin web siteleri olu\u015fturmalar\u0131 i\u00e7in g\u00fc\u00e7lendirmeye odaklanan yenilik\u00e7i, Gutenberg \u00f6ncelikli bir WordPress temas\u0131d\u0131r.<\/p>\n","protected":false},"featured_media":12739,"comment_status":"open","ping_status":"closed","template":"","meta":[],"product_brand":[],"product_cat":[1415,1416],"product_tag":[2651,2641,2648,2647,2747,2754,2653,2643,2753,2709],"class_list":{"0":"post-14339","1":"product","2":"type-product","3":"status-publish","4":"has-post-thumbnail","6":"product_cat-temalar","7":"product_cat-wordpress-tr","8":"product_tag-bir-sutun","9":"product_tag-blok-duzenleyici-stilleri","10":"product_tag-ceviri-hazir","11":"product_tag-disli-yorumlar","12":"product_tag-e-ticaret-tr","13":"product_tag-editor-stili","14":"product_tag-ozel-logo","15":"product_tag-ozel-menu","16":"product_tag-ozel-renkler","17":"product_tag-tema-secenekleri","19":"first","20":"instock","21":"downloadable","22":"virtual","23":"product-type-simple"},"_links":{"self":[{"href":"https:\/\/hexexist.com\/tr\/wp-json\/wp\/v2\/product\/14339","targetHints":{"allow":["GET"]}}],"collection":[{"href":"https:\/\/hexexist.com\/tr\/wp-json\/wp\/v2\/product"}],"about":[{"href":"https:\/\/hexexist.com\/tr\/wp-json\/wp\/v2\/types\/product"}],"replies":[{"embeddable":true,"href":"https:\/\/hexexist.com\/tr\/wp-json\/wp\/v2\/comments?post=14339"}],"wp:featuredmedia":[{"embeddable":true,"href":"https:\/\/hexexist.com\/tr\/wp-json\/wp\/v2\/media\/12739"}],"wp:attachment":[{"href":"https:\/\/hexexist.com\/tr\/wp-json\/wp\/v2\/media?parent=14339"}],"wp:term":[{"taxonomy":"product_brand","embeddable":true,"href":"https:\/\/hexexist.com\/tr\/wp-json\/wp\/v2\/product_brand?post=14339"},{"taxonomy":"product_cat","embeddable":true,"href":"https:\/\/hexexist.com\/tr\/wp-json\/wp\/v2\/product_cat?post=14339"},{"taxonomy":"product_tag","embeddable":true,"href":"https:\/\/hexexist.com\/tr\/wp-json\/wp\/v2\/product_tag?post=14339"}],"curies":[{"name":"wp","href":"https:\/\/api.w.org\/{rel}","templated":true}]}}