{"id":14340,"date":"2025-10-08T14:07:38","date_gmt":"2025-10-08T14:07:38","guid":{"rendered":"http:\/\/hexexist.com\/product\/onsoz\/"},"modified":"2025-10-14T18:15:53","modified_gmt":"2025-10-14T18:15:53","slug":"onsoz","status":"publish","type":"product","link":"https:\/\/hexexist.com\/tr\/urun\/onsoz\/","title":{"rendered":"\u00d6ns\u00f6z"},"content":{"rendered":"\n<p>H\u0131z ve esneklik i\u00e7in tasarlanm\u0131\u015f hafif WordPress blok temas\u0131 Frontis ile tan\u0131\u015f\u0131n. Her t\u00fcrl\u00fc proje i\u00e7in m\u00fckemmel olan Frontis, basit blok edit\u00f6r\u00fc sayesinde s\u0131n\u0131rs\u0131z \u00f6zelle\u015ftirilebilirlik sunarak hi\u00e7 u\u011fra\u015fmadan \u00e7arp\u0131c\u0131, h\u0131zl\u0131 y\u00fcklenen web siteleri olu\u015fturman\u0131z\u0131 sa\u011flar. \u0130ster blog, ister i\u015fletme veya portf\u00f6y i\u00e7in olsun, Frontis ihtiya\u00e7lar\u0131n\u0131za g\u00f6re \u00f6l\u00e7eklenen sa\u011flam bir temel sa\u011flarken m\u00fckemmel SEO performans\u0131n\u0131 da korur. H\u0131z\u0131n sofistikelikle bulu\u015ftu\u011fu Frontis ile cesur bir a\u00e7\u0131klama yap\u0131n. WordPress i\u00e7in H\u0131zl\u0131, Son Derece \u00d6zelle\u015ftirilebilir Bir Blok Tema.    <\/p>\n","protected":false},"excerpt":{"rendered":"<p>H\u0131z ve esneklik i\u00e7in tasarlanm\u0131\u015f hafif WordPress blok temas\u0131 Frontis ile tan\u0131\u015f\u0131n. Her t\u00fcrl\u00fc proje i\u00e7in m\u00fckemmel olan Frontis, basit blok edit\u00f6r\u00fc sayesinde s\u0131n\u0131rs\u0131z \u00f6zelle\u015ftirilebilirlik sunarak hi\u00e7 u\u011fra\u015fmadan \u00e7arp\u0131c\u0131, h\u0131zl\u0131 y\u00fcklenen web siteleri olu\u015fturman\u0131z\u0131 sa\u011flar. \u0130ster blog, ister i\u015fletme veya portf\u00f6y i\u00e7in olsun, Frontis ihtiya\u00e7lar\u0131n\u0131za g\u00f6re \u00f6l\u00e7eklenen sa\u011flam bir temel sa\u011flarken m\u00fckemmel SEO performans\u0131n\u0131 da [&hellip;]<\/p>\n","protected":false},"featured_media":12746,"comment_status":"open","ping_status":"closed","template":"","meta":[],"product_brand":[],"product_cat":[1415,1416],"product_tag":[2651,1575,2652,2641,2654,2648,2647,2754,2759,2110,2644,2653,2643,2753,1702,2750,2757,2755],"class_list":{"0":"post-14340","1":"product","2":"type-product","3":"status-publish","4":"has-post-thumbnail","6":"product_cat-temalar","7":"product_cat-wordpress-tr","8":"product_tag-bir-sutun","9":"product_tag-blog-tr","10":"product_tag-blok-duzenleyici-kaliplari","11":"product_tag-blok-duzenleyici-stilleri","12":"product_tag-blok-temalari","13":"product_tag-ceviri-hazir","14":"product_tag-disli-yorumlar","15":"product_tag-editor-stili","16":"product_tag-erisilebilirlik-hazir","17":"product_tag-haberler","18":"product_tag-one-cikan-gorseller","19":"product_tag-ozel-logo","20":"product_tag-ozel-menu","21":"product_tag-ozel-renkler","22":"product_tag-portfoy","23":"product_tag-rtl-dil-destegi","24":"product_tag-stil-varyasyonlari","25":"product_tag-yapiskan-gonderi","27":"first","28":"instock","29":"downloadable","30":"virtual","31":"product-type-simple"},"_links":{"self":[{"href":"https:\/\/hexexist.com\/tr\/wp-json\/wp\/v2\/product\/14340","targetHints":{"allow":["GET"]}}],"collection":[{"href":"https:\/\/hexexist.com\/tr\/wp-json\/wp\/v2\/product"}],"about":[{"href":"https:\/\/hexexist.com\/tr\/wp-json\/wp\/v2\/types\/product"}],"replies":[{"embeddable":true,"href":"https:\/\/hexexist.com\/tr\/wp-json\/wp\/v2\/comments?post=14340"}],"wp:featuredmedia":[{"embeddable":true,"href":"https:\/\/hexexist.com\/tr\/wp-json\/wp\/v2\/media\/12746"}],"wp:attachment":[{"href":"https:\/\/hexexist.com\/tr\/wp-json\/wp\/v2\/media?parent=14340"}],"wp:term":[{"taxonomy":"product_brand","embeddable":true,"href":"https:\/\/hexexist.com\/tr\/wp-json\/wp\/v2\/product_brand?post=14340"},{"taxonomy":"product_cat","embeddable":true,"href":"https:\/\/hexexist.com\/tr\/wp-json\/wp\/v2\/product_cat?post=14340"},{"taxonomy":"product_tag","embeddable":true,"href":"https:\/\/hexexist.com\/tr\/wp-json\/wp\/v2\/product_tag?post=14340"}],"curies":[{"name":"wp","href":"https:\/\/api.w.org\/{rel}","templated":true}]}}