{"id":14342,"date":"2025-10-08T14:07:38","date_gmt":"2025-10-08T14:07:38","guid":{"rendered":"http:\/\/hexexist.com\/product\/vitrin\/"},"modified":"2025-10-14T18:15:53","modified_gmt":"2025-10-14T18:15:53","slug":"vitrin","status":"publish","type":"product","link":"https:\/\/hexexist.com\/tr\/urun\/vitrin\/","title":{"rendered":"Vitrin"},"content":{"rendered":"\n<p>Storefront, bir sonraki WooCommerce projeniz i\u00e7in m\u00fckemmel bir temad\u0131r. WooCommerce Core geli\u015ftiricileri taraf\u0131ndan tasarlanan ve geli\u015ftirilen tema, WooCommerce&#8217;in kendisi ve m\u00fc\u015fteriye y\u00f6nelik en pop\u00fcler WooCommerce uzant\u0131lar\u0131n\u0131n bir\u00e7o\u011fu ile \u0131smarlama bir entegrasyona sahiptir. Ma\u011fazan\u0131z\u0131 ki\u015fiselle\u015ftirmek i\u00e7in \u00e7e\u015fitli d\u00fczen ve renk se\u00e7enekleri, birden fazla widget b\u00f6lgesi, duyarl\u0131 bir tasar\u0131m ve \u00e7ok daha fazlas\u0131 vard\u0131r. Geli\u015ftiriciler, \u00f6zelle\u015ftirmeyi ve geni\u015fletmeyi bir zevk haline getiren yal\u0131n ve geni\u015fletilebilir kod taban\u0131n\u0131 sevecekler. Bir WooCommerce temas\u0131 m\u0131 ar\u0131yorsunuz? Ba\u015fka yere bakmay\u0131n!     <\/p>\n","protected":false},"excerpt":{"rendered":"<p>Storefront, bir sonraki WooCommerce projeniz i\u00e7in m\u00fckemmel bir temad\u0131r. WooCommerce Core geli\u015ftiricileri taraf\u0131ndan tasarlanan ve geli\u015ftirilen tema, WooCommerce&#8217;in kendisi ve m\u00fc\u015fteriye y\u00f6nelik en pop\u00fcler WooCommerce uzant\u0131lar\u0131n\u0131n bir\u00e7o\u011fu ile \u0131smarlama bir entegrasyona sahiptir. Ma\u011fazan\u0131z\u0131 ki\u015fiselle\u015ftirmek i\u00e7in \u00e7e\u015fitli d\u00fczen ve renk se\u00e7enekleri, birden fazla widget b\u00f6lgesi, duyarl\u0131 bir tasar\u0131m ve \u00e7ok daha fazlas\u0131 vard\u0131r. Geli\u015ftiriciler, \u00f6zelle\u015ftirmeyi ve [&hellip;]<\/p>\n","protected":false},"featured_media":12745,"comment_status":"open","ping_status":"closed","template":"","meta":[],"product_brand":[],"product_cat":[1415,1416],"product_tag":[2645,2647,2747,2754,2759,2649,2644,2642,2758,2643,2753,2750,2646,2650,2748,2709,2755],"class_list":{"0":"post-14342","1":"product","2":"type-product","3":"status-publish","4":"has-post-thumbnail","6":"product_cat-temalar","7":"product_cat-wordpress-tr","8":"product_tag-altbilgi-widgetlari","9":"product_tag-disli-yorumlar","10":"product_tag-e-ticaret-tr","11":"product_tag-editor-stili","12":"product_tag-erisilebilirlik-hazir","13":"product_tag-iki-sutun","14":"product_tag-one-cikan-gorseller","15":"product_tag-ozel-arka-plan","16":"product_tag-ozel-baslik","17":"product_tag-ozel-menu","18":"product_tag-ozel-renkler","19":"product_tag-rtl-dil-destegi","20":"product_tag-sag-kenar-cubugu","21":"product_tag-sol-kenar-cubugu","22":"product_tag-tam-genislikte-sablon","23":"product_tag-tema-secenekleri","24":"product_tag-yapiskan-gonderi","26":"first","27":"instock","28":"downloadable","29":"virtual","30":"product-type-simple"},"_links":{"self":[{"href":"https:\/\/hexexist.com\/tr\/wp-json\/wp\/v2\/product\/14342","targetHints":{"allow":["GET"]}}],"collection":[{"href":"https:\/\/hexexist.com\/tr\/wp-json\/wp\/v2\/product"}],"about":[{"href":"https:\/\/hexexist.com\/tr\/wp-json\/wp\/v2\/types\/product"}],"replies":[{"embeddable":true,"href":"https:\/\/hexexist.com\/tr\/wp-json\/wp\/v2\/comments?post=14342"}],"wp:featuredmedia":[{"embeddable":true,"href":"https:\/\/hexexist.com\/tr\/wp-json\/wp\/v2\/media\/12745"}],"wp:attachment":[{"href":"https:\/\/hexexist.com\/tr\/wp-json\/wp\/v2\/media?parent=14342"}],"wp:term":[{"taxonomy":"product_brand","embeddable":true,"href":"https:\/\/hexexist.com\/tr\/wp-json\/wp\/v2\/product_brand?post=14342"},{"taxonomy":"product_cat","embeddable":true,"href":"https:\/\/hexexist.com\/tr\/wp-json\/wp\/v2\/product_cat?post=14342"},{"taxonomy":"product_tag","embeddable":true,"href":"https:\/\/hexexist.com\/tr\/wp-json\/wp\/v2\/product_tag?post=14342"}],"curies":[{"name":"wp","href":"https:\/\/api.w.org\/{rel}","templated":true}]}}