{"id":14344,"date":"2025-10-08T14:07:39","date_gmt":"2025-10-08T14:07:39","guid":{"rendered":"http:\/\/hexexist.com\/product\/colibri-wp\/"},"modified":"2025-10-14T18:16:04","modified_gmt":"2025-10-14T18:16:04","slug":"colibri-wp","status":"publish","type":"product","link":"https:\/\/hexexist.com\/tr\/urun\/colibri-wp\/","title":{"rendered":"Colibri WP"},"content":{"rendered":"\n<p>Colibri, s\u00fcr\u00fckle ve b\u0131rak y\u00f6ntemiyle harika bir web sitesi olu\u015fturmak i\u00e7in kullanabilece\u011finiz g\u00fczel, son derece \u00f6zelle\u015ftirilebilir, \u00e7ok ama\u00e7l\u0131 bir temad\u0131r. \u00d6nceden tasarlanm\u0131\u015f bir ana sayfa, 5 ba\u015fl\u0131k tasar\u0131m\u0131 ve kolayca \u00f6zelle\u015ftirebilece\u011finiz 35&#8217;in \u00fczerinde kullan\u0131ma haz\u0131r i\u00e7erik blo\u011fu ile birlikte gelir. Ayr\u0131ca 25&#8217;ten fazla s\u00fcr\u00fckle ve b\u0131rak bile\u015fenini birle\u015ftirerek kendi \u00f6zel bloklar\u0131n\u0131z\u0131 da tasarlayabilirsiniz. Colibri, k\u0131sa s\u00fcrede \u00f6ne \u00e7\u0131kan bir web sitesi olu\u015fturman\u0131za yard\u0131mc\u0131 olacak \u00e7ok say\u0131da \u00f6zelle\u015ftirme se\u00e7ene\u011fine (video arka plan\u0131, slayt g\u00f6sterisi arka plan\u0131, ba\u015fl\u0131k i\u00e7erik t\u00fcrleri vb. Ayr\u0131ca duyarl\u0131 oldu\u011fundan mobil cihazlarda kutudan \u00e7\u0131kar \u00e7\u0131kmaz \u00e7al\u0131\u015f\u0131r. Colibri ihtiyac\u0131n\u0131z olan tek tema!     <\/p>\n","protected":false},"excerpt":{"rendered":"<p>Colibri, s\u00fcr\u00fckle ve b\u0131rak y\u00f6ntemiyle harika bir web sitesi olu\u015fturmak i\u00e7in kullanabilece\u011finiz g\u00fczel, son derece \u00f6zelle\u015ftirilebilir, \u00e7ok ama\u00e7l\u0131 bir temad\u0131r. \u00d6nceden tasarlanm\u0131\u015f bir ana sayfa, 5 ba\u015fl\u0131k tasar\u0131m\u0131 ve kolayca \u00f6zelle\u015ftirebilece\u011finiz 35&#8217;in \u00fczerinde kullan\u0131ma haz\u0131r i\u00e7erik blo\u011fu ile birlikte gelir. Ayr\u0131ca 25&#8217;ten fazla s\u00fcr\u00fckle ve b\u0131rak bile\u015fenini birle\u015ftirerek kendi \u00f6zel bloklar\u0131n\u0131z\u0131 da tasarlayabilirsiniz. Colibri, k\u0131sa [&hellip;]<\/p>\n","protected":false},"featured_media":12748,"comment_status":"open","ping_status":"closed","template":"","meta":[],"product_brand":[],"product_cat":[1415,1416],"product_tag":[2651,2648,2647,2751,2761,2644,2758,2653,2643,1702,2646,2748,2709],"class_list":{"0":"post-14344","1":"product","2":"type-product","3":"status-publish","4":"has-post-thumbnail","6":"product_cat-temalar","7":"product_cat-wordpress-tr","8":"product_tag-bir-sutun","9":"product_tag-ceviri-hazir","10":"product_tag-disli-yorumlar","11":"product_tag-eglence","12":"product_tag-izgara-duzeni","13":"product_tag-one-cikan-gorseller","14":"product_tag-ozel-baslik","15":"product_tag-ozel-logo","16":"product_tag-ozel-menu","17":"product_tag-portfoy","18":"product_tag-sag-kenar-cubugu","19":"product_tag-tam-genislikte-sablon","20":"product_tag-tema-secenekleri","22":"first","23":"instock","24":"downloadable","25":"virtual","26":"product-type-simple"},"_links":{"self":[{"href":"https:\/\/hexexist.com\/tr\/wp-json\/wp\/v2\/product\/14344","targetHints":{"allow":["GET"]}}],"collection":[{"href":"https:\/\/hexexist.com\/tr\/wp-json\/wp\/v2\/product"}],"about":[{"href":"https:\/\/hexexist.com\/tr\/wp-json\/wp\/v2\/types\/product"}],"replies":[{"embeddable":true,"href":"https:\/\/hexexist.com\/tr\/wp-json\/wp\/v2\/comments?post=14344"}],"wp:featuredmedia":[{"embeddable":true,"href":"https:\/\/hexexist.com\/tr\/wp-json\/wp\/v2\/media\/12748"}],"wp:attachment":[{"href":"https:\/\/hexexist.com\/tr\/wp-json\/wp\/v2\/media?parent=14344"}],"wp:term":[{"taxonomy":"product_brand","embeddable":true,"href":"https:\/\/hexexist.com\/tr\/wp-json\/wp\/v2\/product_brand?post=14344"},{"taxonomy":"product_cat","embeddable":true,"href":"https:\/\/hexexist.com\/tr\/wp-json\/wp\/v2\/product_cat?post=14344"},{"taxonomy":"product_tag","embeddable":true,"href":"https:\/\/hexexist.com\/tr\/wp-json\/wp\/v2\/product_tag?post=14344"}],"curies":[{"name":"wp","href":"https:\/\/api.w.org\/{rel}","templated":true}]}}