{"id":14345,"date":"2025-10-08T14:07:43","date_gmt":"2025-10-08T14:07:43","guid":{"rendered":"http:\/\/hexexist.com\/product\/haber-dergisi-x\/"},"modified":"2025-10-14T18:16:04","modified_gmt":"2025-10-14T18:16:04","slug":"haber-dergisi-x","status":"publish","type":"product","link":"https:\/\/hexexist.com\/tr\/urun\/haber-dergisi-x\/","title":{"rendered":"Haber Dergisi X"},"content":{"rendered":"\n<p>Kullan\u0131m\u0131 kolay Ki\u015fisel ve \u00c7ok Yazarl\u0131 \u00dccretsiz WordPress Blog Dergi Temas\u0131 &#8211; WordPress&#8217;e Yeni Ba\u015flayanlar ve Profesyoneller i\u00e7in de Uygun. Blogcular, gazeteciler ve \u00e7evrimi\u00e7i dergiler, haberler, bloglar ve dergi web siteleri i\u00e7in m\u00fckemmeldir. Temada Dergi Izgara Widget&#8217;\u0131, Klasik Yaz\u0131 Izgara Widget&#8217;\u0131, \u00d6ne \u00c7\u0131kan Sekmeler widget&#8217;\u0131, \u00d6ne \u00c7\u0131kan Yaz\u0131 Widget&#8217;\u0131, Abonelik (b\u00fclten) Widget&#8217;\u0131, Kategori Listesi widget&#8217;\u0131 ve di\u011fer bir\u00e7ok widget yerle\u015fiktir. Reklamlar\u0131n\u0131z\u0131 \u00fcstbilgi, altbilgi, \u00e7e\u015fitli ana sayfa b\u00f6l\u00fcmleri ve di\u011fer sayfalar da dahil olmak \u00fczere web sitesinin herhangi bir yerine yerle\u015ftirebilirsiniz. Tema ayr\u0131ca Men\u00fc Widget&#8217;\u0131, Logo Widget&#8217;\u0131, Haber Ticker Widget&#8217;\u0131, Sosyal Simgeler Widget&#8217;\u0131, Arama Widget&#8217;\u0131, Koyu Mod De\u011fi\u015ftirici Widget&#8217;\u0131, Hava Durumu Widget&#8217;\u0131 (PRO), Rastgele G\u00f6nderi Widget&#8217;\u0131, Offcanvas Widget&#8217;\u0131 (yan men\u00fc) Widget&#8217;\u0131, \u00dcstbilgi Resmi ve g\u00f6z al\u0131c\u0131 \u00fcstbilgiler ve altbilgiler olu\u015fturmak i\u00e7in ba\u015fka bir widget i\u00e7eren bir \u00dcstbilgi Altbilgi olu\u015fturucu sunar. Temiz ve Modern Duyarl\u0131 tasar\u0131m, i\u00e7eri\u011finizi tablet, mobil ve retina ekranlarda bile herhangi bir cihazda m\u00fckemmel bir \u015fekilde sergileyecektir. \u00c7ok h\u0131zl\u0131, Arama motoru optimize edilmi\u015f h\u0131zl\u0131 y\u00fckleme h\u0131z\u0131 ve SEO optimizasyonu, bir\u00e7ok pop\u00fcler eklenti ile uyumluluk ve elbette \u00e7eviriye haz\u0131r, en iyi SEO uygulamalar\u0131 ile kodlanm\u0131\u015ft\u0131r. GDPR kapsam\u0131nda k\u0131s\u0131tlanan herhangi bir ki\u015fisel veriyi toplamaktan ka\u00e7\u0131narak Genel Veri Koruma Y\u00f6netmeli\u011fi (GDPR) y\u00f6nergelerine uygundur. Elementor, Gutenberg, Brizy, Beaver Builder, Visual Composer, SiteOrigin, Divi gibi t\u00fcm b\u00fcy\u00fck s\u00fcr\u00fckle ve b\u0131rak sayfa olu\u015fturucularla m\u00fckemmel \u00e7al\u0131\u015f\u0131r. Size sadece yazmak ve harika olmak kal\u0131yor!         <\/p>\n","protected":false},"excerpt":{"rendered":"<p>Kullan\u0131m\u0131 kolay Ki\u015fisel ve \u00c7ok Yazarl\u0131 \u00dccretsiz WordPress Blog Dergi Temas\u0131 &#8211; WordPress&#8217;e Yeni Ba\u015flayanlar ve Profesyoneller i\u00e7in de Uygun. Blogcular, gazeteciler ve \u00e7evrimi\u00e7i dergiler, haberler, bloglar ve dergi web siteleri i\u00e7in m\u00fckemmeldir. Temada Dergi Izgara Widget&#8217;\u0131, Klasik Yaz\u0131 Izgara Widget&#8217;\u0131, \u00d6ne \u00c7\u0131kan Sekmeler widget&#8217;\u0131, \u00d6ne \u00c7\u0131kan Yaz\u0131 Widget&#8217;\u0131, Abonelik (b\u00fclten) Widget&#8217;\u0131, Kategori Listesi widget&#8217;\u0131 [&hellip;]<\/p>\n","protected":false},"featured_media":12753,"comment_status":"open","ping_status":"closed","template":"","meta":[],"product_brand":[],"product_cat":[1415,1416],"product_tag":[2645,2651,1575,2641,2648,2647,2747,2751,2756,2110,2649,2761,2644,2642,2758,2643,2753,2749,2750,2646,2709,2755],"class_list":{"0":"post-14345","1":"product","2":"type-product","3":"status-publish","4":"has-post-thumbnail","6":"product_cat-temalar","7":"product_cat-wordpress-tr","8":"product_tag-altbilgi-widgetlari","9":"product_tag-bir-sutun","10":"product_tag-blog-tr","11":"product_tag-blok-duzenleyici-stilleri","12":"product_tag-ceviri-hazir","13":"product_tag-disli-yorumlar","14":"product_tag-e-ticaret-tr","15":"product_tag-eglence","16":"product_tag-esnek-baslik","17":"product_tag-haberler","18":"product_tag-iki-sutun","19":"product_tag-izgara-duzeni","20":"product_tag-one-cikan-gorseller","21":"product_tag-ozel-arka-plan","22":"product_tag-ozel-baslik","23":"product_tag-ozel-menu","24":"product_tag-ozel-renkler","25":"product_tag-post-formatlari","26":"product_tag-rtl-dil-destegi","27":"product_tag-sag-kenar-cubugu","28":"product_tag-tema-secenekleri","29":"product_tag-yapiskan-gonderi","31":"first","32":"instock","33":"downloadable","34":"virtual","35":"product-type-simple"},"_links":{"self":[{"href":"https:\/\/hexexist.com\/tr\/wp-json\/wp\/v2\/product\/14345","targetHints":{"allow":["GET"]}}],"collection":[{"href":"https:\/\/hexexist.com\/tr\/wp-json\/wp\/v2\/product"}],"about":[{"href":"https:\/\/hexexist.com\/tr\/wp-json\/wp\/v2\/types\/product"}],"replies":[{"embeddable":true,"href":"https:\/\/hexexist.com\/tr\/wp-json\/wp\/v2\/comments?post=14345"}],"wp:featuredmedia":[{"embeddable":true,"href":"https:\/\/hexexist.com\/tr\/wp-json\/wp\/v2\/media\/12753"}],"wp:attachment":[{"href":"https:\/\/hexexist.com\/tr\/wp-json\/wp\/v2\/media?parent=14345"}],"wp:term":[{"taxonomy":"product_brand","embeddable":true,"href":"https:\/\/hexexist.com\/tr\/wp-json\/wp\/v2\/product_brand?post=14345"},{"taxonomy":"product_cat","embeddable":true,"href":"https:\/\/hexexist.com\/tr\/wp-json\/wp\/v2\/product_cat?post=14345"},{"taxonomy":"product_tag","embeddable":true,"href":"https:\/\/hexexist.com\/tr\/wp-json\/wp\/v2\/product_tag?post=14345"}],"curies":[{"name":"wp","href":"https:\/\/api.w.org\/{rel}","templated":true}]}}