{"id":14347,"date":"2025-10-08T14:07:43","date_gmt":"2025-10-08T14:07:43","guid":{"rendered":"http:\/\/hexexist.com\/product\/saaslauncher\/"},"modified":"2025-10-14T18:16:04","modified_gmt":"2025-10-14T18:16:04","slug":"saaslauncher","status":"publish","type":"product","link":"https:\/\/hexexist.com\/tr\/urun\/saaslauncher\/","title":{"rendered":"SaasLauncher"},"content":{"rendered":"\n<p>SaasLauncher, \u00e7ok \u00e7e\u015fitli web siteleri i\u00e7in ideal, g\u00fc\u00e7l\u00fc ve \u00e7ok y\u00f6nl\u00fc bir Tam Site D\u00fczenleme (FSE) uyumlu, blok tabanl\u0131 WordPress temas\u0131d\u0131r. SaasLauncher, kurumsal i\u015fletmeler ve yarat\u0131c\u0131 ajanslardan SaaS a\u00e7\u0131l\u0131\u015f sayfalar\u0131, mobil uygulama a\u00e7\u0131l\u0131\u015f sayfas\u0131, teknoloji giri\u015fimleri ve dijital ajanslar gibi ni\u015fe \u00f6zel projelere kadar her \u015feyi kapsar. Yaz\u0131l\u0131m \u015firketleri, emlak, profesyonel hizmetler, dan\u0131\u015fmanl\u0131k, pazarlama ajanslar\u0131, oteller, konaklama ve daha fazlas\u0131 dahil olmak \u00fczere birden fazla sekt\u00f6re hizmet etmek i\u00e7in tasarlanm\u0131\u015ft\u0131r. ########## 50&#8217;DEN FAZLA \u00d6N YAPILI B\u00d6L\u00dcM, TEK TIKLA DEMO \u0130THAL ED\u0130C\u0130 \u0130LE \u00c7E\u015e\u0130TL\u0130 \u0130\u015eLETME N\u0130TEL\u0130KLER\u0130 \u0130\u00c7\u0130N 50&#8217;DEN FAZLA BA\u015eLANGI\u00c7 S\u0130TES\u0130 \u015eABLONU, 20&#8217;DEN FAZLA ENTEGRE FONKS\u0130YON ########## SaasLauncher, ana sayfa ve blog i\u00e7in \u00f6nceden olu\u015fturulmu\u015f d\u00fczenlerin yan\u0131 s\u0131ra Hakk\u0131m\u0131zda, \u0130leti\u015fim, Hizmetler ve Fiyatland\u0131rma gibi temel sayfalar i\u00e7in \u015fablonlar i\u00e7erir. \u0130\u015flevsellik ve tasar\u0131m esnekli\u011finin m\u00fckemmel bir kar\u0131\u015f\u0131m\u0131n\u0131 sunar. K\u00fcresel eri\u015fim i\u00e7in tasarlanan tema, ########## FRANSIZCA, \u0130SPANYOLCA G\u0130B\u0130 POP\u00dcLER D\u0130LLERDE VE \u00c7OKLU \u0130NG\u0130L\u0130ZCE VARYASYONLARINDA MEVCUTTUR VE HER D\u0130L \u0130\u00c7\u0130N RTL VE \u00c7EV\u0130R\u0130YE HAZIRDIR ########## d\u00fcnya \u00e7ap\u0131nda bir kitle i\u00e7in eri\u015filebilirlik sa\u011flar. Tema ayr\u0131ca ki\u015fisel bloglar, seyahat bloglar\u0131, yemek bloglar\u0131, sa\u011fl\u0131k ve zindelik bloglar\u0131, ya\u015fam tarz\u0131 bloglar\u0131 ve haber veya dergi web siteleri i\u00e7in de idealdir. E-ticaret ma\u011fazalar\u0131 i\u00e7in WooCommerce uyumludur ve \u00e7evrimi\u00e7i ma\u011fazalar\u0131, minimal ma\u011fazalar\u0131, moda ma\u011fazalar\u0131n\u0131, elektronik ma\u011fazalar\u0131n\u0131, el yap\u0131m\u0131 el sanatlar\u0131n\u0131 ve daha fazlas\u0131n\u0131 destekler. SaasLauncher ayr\u0131ca portf\u00f6y web siteleri, dijital ajanslar, hay\u0131r kurumlar\u0131 ve kar amac\u0131 g\u00fctmeyen kurulu\u015flar, evcil hayvan bak\u0131m\u0131 ve hizmetleri yarat\u0131c\u0131 portf\u00f6yler, grafik tasar\u0131mc\u0131lar, foto\u011fraf\u00e7\u0131lar, serbest \u00e7al\u0131\u015fanlar, Yazar ve yazar, seyahat acentesi, sa\u011fl\u0131k hizmetleri, finans hizmeti, AI i\u015fi, giri\u015fimci, influencer, f\u0131r\u0131n ve kahve d\u00fckkan\u0131, ev hizmetleri, web bar\u0131nd\u0131rma \u015firketi, siber g\u00fcvenlik, in\u015faat acentesi, HVAC ve di\u011fer profesyoneller i\u00e7in yarat\u0131c\u0131 tasar\u0131m se\u00e7enekleri ve web sitesi olu\u015fturmay\u0131 basitle\u015ftirmek i\u00e7in \u00e7e\u015fitli ni\u015fler i\u00e7in \u00f6nceden olu\u015fturulmu\u015f \u015fablonlarla minimalist bir estetik sunarak m\u00fckemmeldir. \u0130ster bir \u00fcr\u00fcn vitrini, ister emlak sitesi, ister kurumsal i\u015fletme veya yarat\u0131c\u0131 ve dijital ajans sitesi olu\u015fturuyor olun, SaasLauncher&#8217;\u0131n duyarl\u0131 tasar\u0131m\u0131 sitenizin her cihazda harika g\u00f6r\u00fcnmesini sa\u011flar. 100 \u00f6zelle\u015ftirmeye izin vererek temay\u0131 marka kimli\u011finize uyacak \u015fekilde uyarlamay\u0131 kolayla\u015ft\u0131r\u0131r. Tek t\u0131klamal\u0131 demo i\u00e7e aktar\u0131c\u0131s\u0131 ile h\u0131zl\u0131 bir \u015fekilde ba\u015flayabilirsiniz ve tek sayfal\u0131k tema tasar\u0131m\u0131 ak\u0131c\u0131 bir deneyim sa\u011flar. SaasLauncher, WooCommerce, Elementor ve Yoast SEO gibi pop\u00fcler WordPress eklentileriyle tamamen uyumludur ve sorunsuz web sitesi olu\u015fturma imkan\u0131 sunar. ##########COZY BLOCKS&#8217;un 50&#8217;den fazla GEL\u0130\u015eM\u0130\u015e GUTENBERG BLOCKS ########## ile entegre olan SaasLauncher, tam site d\u00fczenlemeyi bir \u00fcst seviyeye ta\u015f\u0131yor. Bu g\u00fc\u00e7l\u00fc entegrasyon, onu en geli\u015fmi\u015f WordPress temas\u0131 haline getirerek herhangi bir i\u015f alan\u0131 i\u00e7in i\u015flevsel ve \u00e7arp\u0131c\u0131 web sitelerinin zahmetsizce olu\u015fturulmas\u0131n\u0131 sa\u011flar.              <\/p>\n","protected":false},"excerpt":{"rendered":"<p>SaasLauncher, \u00e7ok \u00e7e\u015fitli web siteleri i\u00e7in ideal, g\u00fc\u00e7l\u00fc ve \u00e7ok y\u00f6nl\u00fc bir Tam Site D\u00fczenleme (FSE) uyumlu, blok tabanl\u0131 WordPress temas\u0131d\u0131r. SaasLauncher, kurumsal i\u015fletmeler ve yarat\u0131c\u0131 ajanslardan SaaS a\u00e7\u0131l\u0131\u015f sayfalar\u0131, mobil uygulama a\u00e7\u0131l\u0131\u015f sayfas\u0131, teknoloji giri\u015fimleri ve dijital ajanslar gibi ni\u015fe \u00f6zel projelere kadar her \u015feyi kapsar. Yaz\u0131l\u0131m \u015firketleri, emlak, profesyonel hizmetler, dan\u0131\u015fmanl\u0131k, pazarlama ajanslar\u0131, [&hellip;]<\/p>\n","protected":false},"featured_media":12752,"comment_status":"open","ping_status":"closed","template":"","meta":[],"product_brand":[],"product_cat":[1415,1416],"product_tag":[2651,1575,2652,2641,2654,2648,2647,2747,2754,2644,2642,2653,2643,2753,1702,2750,2757,2748],"class_list":{"0":"post-14347","1":"product","2":"type-product","3":"status-publish","4":"has-post-thumbnail","6":"product_cat-temalar","7":"product_cat-wordpress-tr","8":"product_tag-bir-sutun","9":"product_tag-blog-tr","10":"product_tag-blok-duzenleyici-kaliplari","11":"product_tag-blok-duzenleyici-stilleri","12":"product_tag-blok-temalari","13":"product_tag-ceviri-hazir","14":"product_tag-disli-yorumlar","15":"product_tag-e-ticaret-tr","16":"product_tag-editor-stili","17":"product_tag-one-cikan-gorseller","18":"product_tag-ozel-arka-plan","19":"product_tag-ozel-logo","20":"product_tag-ozel-menu","21":"product_tag-ozel-renkler","22":"product_tag-portfoy","23":"product_tag-rtl-dil-destegi","24":"product_tag-stil-varyasyonlari","25":"product_tag-tam-genislikte-sablon","27":"first","28":"instock","29":"downloadable","30":"virtual","31":"product-type-simple"},"_links":{"self":[{"href":"https:\/\/hexexist.com\/tr\/wp-json\/wp\/v2\/product\/14347","targetHints":{"allow":["GET"]}}],"collection":[{"href":"https:\/\/hexexist.com\/tr\/wp-json\/wp\/v2\/product"}],"about":[{"href":"https:\/\/hexexist.com\/tr\/wp-json\/wp\/v2\/types\/product"}],"replies":[{"embeddable":true,"href":"https:\/\/hexexist.com\/tr\/wp-json\/wp\/v2\/comments?post=14347"}],"wp:featuredmedia":[{"embeddable":true,"href":"https:\/\/hexexist.com\/tr\/wp-json\/wp\/v2\/media\/12752"}],"wp:attachment":[{"href":"https:\/\/hexexist.com\/tr\/wp-json\/wp\/v2\/media?parent=14347"}],"wp:term":[{"taxonomy":"product_brand","embeddable":true,"href":"https:\/\/hexexist.com\/tr\/wp-json\/wp\/v2\/product_brand?post=14347"},{"taxonomy":"product_cat","embeddable":true,"href":"https:\/\/hexexist.com\/tr\/wp-json\/wp\/v2\/product_cat?post=14347"},{"taxonomy":"product_tag","embeddable":true,"href":"https:\/\/hexexist.com\/tr\/wp-json\/wp\/v2\/product_tag?post=14347"}],"curies":[{"name":"wp","href":"https:\/\/api.w.org\/{rel}","templated":true}]}}