{"id":14348,"date":"2025-10-08T14:07:40","date_gmt":"2025-10-08T14:07:40","guid":{"rendered":"http:\/\/hexexist.com\/product\/kahve-dukkani\/"},"modified":"2025-10-14T18:16:04","modified_gmt":"2025-10-14T18:16:04","slug":"kahve-dukkani","status":"publish","type":"product","link":"https:\/\/hexexist.com\/tr\/urun\/kahve-dukkani\/","title":{"rendered":"Kahve D\u00fckkan\u0131"},"content":{"rendered":"\n<p>Kahve D\u00fckkan\u0131, kahve d\u00fckkanlar\u0131, restoranlar ve kafeler i\u00e7in harika bir \u00fccretsiz WordPress temas\u0131d\u0131r &#8211; bir barista, yemek \/ kahve blog yazar\u0131 veya yorumcuysan\u0131z da harika \u00e7al\u0131\u015f\u0131r, ancak tam bir web sitesi veya a\u00e7\u0131l\u0131\u015f sayfas\u0131 olu\u015fturmak isteyen bir \u015firket veya i\u015fletme t\u00fcr\u00fc i\u00e7in yeterince esnektir. Bu renkli, temiz ve minimal tema sat\u0131\u015flar\u0131n\u0131z\u0131 art\u0131rmak i\u00e7in tasarlanm\u0131\u015ft\u0131r ve st\u00fcdyolar, kafeler ve yemek mekanlar\u0131 i\u00e7in m\u00fckemmeldir. Adsense, reklam ve ba\u011fl\u0131 kurulu\u015f pazarlamas\u0131 i\u00e7in entegre edilmi\u015ftir, bu tema iste\u011fe ba\u011fl\u0131 afi\u015flerinizin ve reklamlar\u0131n\u0131z\u0131n parlamas\u0131n\u0131 sa\u011flar. Kullan\u0131m\u0131 kolay sayfa olu\u015fturucu, Gutenberg bloklar\u0131 ve her cihazda \u00e7arp\u0131c\u0131 g\u00f6r\u00fcnen duyarl\u0131, mobil dostu tasar\u0131m\u0131n keyfini \u00e7\u0131kar\u0131n. Tariflerinizi, men\u00fclerinizi, konumunuzu, kahvenizi, pastalar\u0131n\u0131z\u0131, tatl\u0131lar\u0131n\u0131z\u0131 ve yemek pi\u015firme becerilerinizi h\u0131zl\u0131 ve kolay bir \u015fekilde sergileyin. \u0130ster bir \u015fef, kafe sahibi, inceleme yazar\u0131, yemek blogger\u0131 olun, ister fast food mekan\u0131 i\u015fletiyor olun, bu tema en iyi m\u00fcttefikiniz. \u015eema i\u015faretleme ile SEO&#8217;nuzu g\u00fc\u00e7lendirin ve sitenizi arama motoru dostu hale getirin. Tema, kahve, kurabiye, \u015farap, kek ve vegan ikramlar\u0131 \u00e7evrimi\u00e7i satmak i\u00e7in m\u00fckemmel olan e-Ticaret i\u00e7in Woocommerce&#8217;i destekler. Yeni ba\u015flayanlar, barlar, bistrolar, kafeteryalar, \u00e7ay evi, lokantalar ve butikler i\u00e7in ideal olan bu tema, her t\u00fcrl\u00fc yemek deneyimi i\u00e7in temiz, basit ve etkili bir se\u00e7imdir. Temay\u0131 y\u00fckleyin, kendi metninizi yazmaya ba\u015flay\u0131n ve g\u00fczel web sitenizi bug\u00fcn yay\u0131nlay\u0131n!         <\/p>\n","protected":false},"excerpt":{"rendered":"<p>Kahve D\u00fckkan\u0131, kahve d\u00fckkanlar\u0131, restoranlar ve kafeler i\u00e7in harika bir \u00fccretsiz WordPress temas\u0131d\u0131r &#8211; bir barista, yemek \/ kahve blog yazar\u0131 veya yorumcuysan\u0131z da harika \u00e7al\u0131\u015f\u0131r, ancak tam bir web sitesi veya a\u00e7\u0131l\u0131\u015f sayfas\u0131 olu\u015fturmak isteyen bir \u015firket veya i\u015fletme t\u00fcr\u00fc i\u00e7in yeterince esnektir. Bu renkli, temiz ve minimal tema sat\u0131\u015flar\u0131n\u0131z\u0131 art\u0131rmak i\u00e7in tasarlanm\u0131\u015ft\u0131r ve [&hellip;]<\/p>\n","protected":false},"featured_media":12749,"comment_status":"open","ping_status":"closed","template":"","meta":[],"product_brand":[],"product_cat":[1415,1416],"product_tag":[2645,2651,1575,2652,2641,2654,2648,2647,2747,2754,2649,2760,2644,2642,2758,2653,2643,2753,2763,2757,2748,2755],"class_list":{"0":"post-14348","1":"product","2":"type-product","3":"status-publish","4":"has-post-thumbnail","6":"product_cat-temalar","7":"product_cat-wordpress-tr","8":"product_tag-altbilgi-widgetlari","9":"product_tag-bir-sutun","10":"product_tag-blog-tr","11":"product_tag-blok-duzenleyici-kaliplari","12":"product_tag-blok-duzenleyici-stilleri","13":"product_tag-blok-temalari","14":"product_tag-ceviri-hazir","15":"product_tag-disli-yorumlar","16":"product_tag-e-ticaret-tr","17":"product_tag-editor-stili","18":"product_tag-iki-sutun","19":"product_tag-one-cikan-gorsel-basligi","20":"product_tag-one-cikan-gorseller","21":"product_tag-ozel-arka-plan","22":"product_tag-ozel-baslik","23":"product_tag-ozel-logo","24":"product_tag-ozel-menu","25":"product_tag-ozel-renkler","26":"product_tag-sablon-duzenleme","27":"product_tag-stil-varyasyonlari","28":"product_tag-tam-genislikte-sablon","29":"product_tag-yapiskan-gonderi","31":"first","32":"instock","33":"downloadable","34":"virtual","35":"product-type-simple"},"_links":{"self":[{"href":"https:\/\/hexexist.com\/tr\/wp-json\/wp\/v2\/product\/14348","targetHints":{"allow":["GET"]}}],"collection":[{"href":"https:\/\/hexexist.com\/tr\/wp-json\/wp\/v2\/product"}],"about":[{"href":"https:\/\/hexexist.com\/tr\/wp-json\/wp\/v2\/types\/product"}],"replies":[{"embeddable":true,"href":"https:\/\/hexexist.com\/tr\/wp-json\/wp\/v2\/comments?post=14348"}],"wp:featuredmedia":[{"embeddable":true,"href":"https:\/\/hexexist.com\/tr\/wp-json\/wp\/v2\/media\/12749"}],"wp:attachment":[{"href":"https:\/\/hexexist.com\/tr\/wp-json\/wp\/v2\/media?parent=14348"}],"wp:term":[{"taxonomy":"product_brand","embeddable":true,"href":"https:\/\/hexexist.com\/tr\/wp-json\/wp\/v2\/product_brand?post=14348"},{"taxonomy":"product_cat","embeddable":true,"href":"https:\/\/hexexist.com\/tr\/wp-json\/wp\/v2\/product_cat?post=14348"},{"taxonomy":"product_tag","embeddable":true,"href":"https:\/\/hexexist.com\/tr\/wp-json\/wp\/v2\/product_tag?post=14348"}],"curies":[{"name":"wp","href":"https:\/\/api.w.org\/{rel}","templated":true}]}}