{"id":14349,"date":"2025-10-08T14:07:44","date_gmt":"2025-10-08T14:07:44","guid":{"rendered":"http:\/\/hexexist.com\/product\/newsmatic\/"},"modified":"2025-10-14T18:16:04","modified_gmt":"2025-10-14T18:16:04","slug":"newsmatic","status":"publish","type":"product","link":"https:\/\/hexexist.com\/tr\/urun\/newsmatic\/","title":{"rendered":"Newsmatic"},"content":{"rendered":"\n<p>Newsmatic, tam Elementor uyumlulu\u011fu ile haber web siteniz i\u00e7in eksiksiz bir \u00e7\u00f6z\u00fcmd\u00fcr. News Kit Elementor Addons eklentisini sitenize entegre ederek, art\u0131k teman\u0131n herhangi bir b\u00f6l\u00fcm\u00fcn\u00fc Elementor sayfa olu\u015fturucu ile \u00f6zelle\u015ftirebilirsiniz. H\u0131zl\u0131, zengin \u00f6zelliklere sahip, \u00f6zelle\u015ftirici tabanl\u0131 ve \u00e7ok ama\u00e7l\u0131 \u00fccretsiz haber temas\u0131d\u0131r. \u00c7ok dilli uyumluluk, gutenberg uyumlulu\u011fu, elementor uyumlulu\u011fu ve b\u00fclten \/ form eklentileri ile kolayca entegre edilebilir. Bu tema \u015femaya haz\u0131rd\u0131r, bu da onu arama motorlar\u0131 i\u00e7in favori yapar. Newsmatic Theme, GDPR kapsam\u0131nda k\u0131s\u0131tlanan hi\u00e7bir ki\u015fisel veriyi toplamaz, bu nedenle temam\u0131z\u0131 web sitenizde kullanarak endi\u015felenmeden uyuyabilirsiniz. \u00d6zel geli\u015ftiriciler taraf\u0131ndan geli\u015ftirilen tema, select2, react renk se\u00e7ici, resim se\u00e7ici, tipografi alan\u0131 ve tema i\u00e7inde \u00e7ok daha fazlas\u0131 gibi kullan\u0131c\u0131 dostu ve kullan\u0131m\u0131 kolay geli\u015fmi\u015f kontrol alanlar\u0131na sahiptir.        <\/p>\n","protected":false},"excerpt":{"rendered":"<p>Newsmatic, tam Elementor uyumlulu\u011fu ile haber web siteniz i\u00e7in eksiksiz bir \u00e7\u00f6z\u00fcmd\u00fcr. News Kit Elementor Addons eklentisini sitenize entegre ederek, art\u0131k teman\u0131n herhangi bir b\u00f6l\u00fcm\u00fcn\u00fc Elementor sayfa olu\u015fturucu ile \u00f6zelle\u015ftirebilirsiniz. H\u0131zl\u0131, zengin \u00f6zelliklere sahip, \u00f6zelle\u015ftirici tabanl\u0131 ve \u00e7ok ama\u00e7l\u0131 \u00fccretsiz haber temas\u0131d\u0131r. \u00c7ok dilli uyumluluk, gutenberg uyumlulu\u011fu, elementor uyumlulu\u011fu ve b\u00fclten \/ form eklentileri ile [&hellip;]<\/p>\n","protected":false},"featured_media":12754,"comment_status":"open","ping_status":"closed","template":"","meta":[],"product_brand":[],"product_cat":[1415,1416],"product_tag":[2645,2651,1575,2641,2648,2647,2751,2756,2110,2649,2761,2644,2642,2758,2643,2753,2749,2750,2646,2650,2748,2709,2755],"class_list":{"0":"post-14349","1":"product","2":"type-product","3":"status-publish","4":"has-post-thumbnail","6":"product_cat-temalar","7":"product_cat-wordpress-tr","8":"product_tag-altbilgi-widgetlari","9":"product_tag-bir-sutun","10":"product_tag-blog-tr","11":"product_tag-blok-duzenleyici-stilleri","12":"product_tag-ceviri-hazir","13":"product_tag-disli-yorumlar","14":"product_tag-eglence","15":"product_tag-esnek-baslik","16":"product_tag-haberler","17":"product_tag-iki-sutun","18":"product_tag-izgara-duzeni","19":"product_tag-one-cikan-gorseller","20":"product_tag-ozel-arka-plan","21":"product_tag-ozel-baslik","22":"product_tag-ozel-menu","23":"product_tag-ozel-renkler","24":"product_tag-post-formatlari","25":"product_tag-rtl-dil-destegi","26":"product_tag-sag-kenar-cubugu","27":"product_tag-sol-kenar-cubugu","28":"product_tag-tam-genislikte-sablon","29":"product_tag-tema-secenekleri","30":"product_tag-yapiskan-gonderi","32":"first","33":"instock","34":"downloadable","35":"virtual","36":"product-type-simple"},"_links":{"self":[{"href":"https:\/\/hexexist.com\/tr\/wp-json\/wp\/v2\/product\/14349","targetHints":{"allow":["GET"]}}],"collection":[{"href":"https:\/\/hexexist.com\/tr\/wp-json\/wp\/v2\/product"}],"about":[{"href":"https:\/\/hexexist.com\/tr\/wp-json\/wp\/v2\/types\/product"}],"replies":[{"embeddable":true,"href":"https:\/\/hexexist.com\/tr\/wp-json\/wp\/v2\/comments?post=14349"}],"wp:featuredmedia":[{"embeddable":true,"href":"https:\/\/hexexist.com\/tr\/wp-json\/wp\/v2\/media\/12754"}],"wp:attachment":[{"href":"https:\/\/hexexist.com\/tr\/wp-json\/wp\/v2\/media?parent=14349"}],"wp:term":[{"taxonomy":"product_brand","embeddable":true,"href":"https:\/\/hexexist.com\/tr\/wp-json\/wp\/v2\/product_brand?post=14349"},{"taxonomy":"product_cat","embeddable":true,"href":"https:\/\/hexexist.com\/tr\/wp-json\/wp\/v2\/product_cat?post=14349"},{"taxonomy":"product_tag","embeddable":true,"href":"https:\/\/hexexist.com\/tr\/wp-json\/wp\/v2\/product_tag?post=14349"}],"curies":[{"name":"wp","href":"https:\/\/api.w.org\/{rel}","templated":true}]}}