{"id":14350,"date":"2025-10-08T14:07:45","date_gmt":"2025-10-08T14:07:45","guid":{"rendered":"http:\/\/hexexist.com\/product\/hybridmag\/"},"modified":"2025-10-14T18:16:04","modified_gmt":"2025-10-14T18:16:04","slug":"hybridmag","status":"publish","type":"product","link":"https:\/\/hexexist.com\/tr\/urun\/hybridmag\/","title":{"rendered":"HybridMag"},"content":{"rendered":"\n<p>HybridMag bloglar, gazeteler ve dergi web siteleri i\u00e7in modern ve \u015f\u0131k bir WordPress temas\u0131d\u0131r. HybridMag ile sa\u011flanan geli\u015fmi\u015f se\u00e7enekler, web sitenizin her y\u00f6n\u00fcn\u00fc markan\u0131za uyacak \u015fekilde uyarlaman\u0131za olanak tan\u0131yarak onu \u00e7evrimi\u00e7i yay\u0131nc\u0131lar i\u00e7in en iyi se\u00e7im haline getirir. <\/p>\n","protected":false},"excerpt":{"rendered":"<p>HybridMag bloglar, gazeteler ve dergi web siteleri i\u00e7in modern ve \u015f\u0131k bir WordPress temas\u0131d\u0131r. HybridMag ile sa\u011flanan geli\u015fmi\u015f se\u00e7enekler, web sitenizin her y\u00f6n\u00fcn\u00fc markan\u0131za uyacak \u015fekilde uyarlaman\u0131za olanak tan\u0131yarak onu \u00e7evrimi\u00e7i yay\u0131nc\u0131lar i\u00e7in en iyi se\u00e7im haline getirir.<\/p>\n","protected":false},"featured_media":12756,"comment_status":"open","ping_status":"closed","template":"","meta":[],"product_brand":[],"product_cat":[1415,1416],"product_tag":[2645,1575,2648,2647,2110,2649,2761,2644,2653,2643,2750,2646,2709],"class_list":{"0":"post-14350","1":"product","2":"type-product","3":"status-publish","4":"has-post-thumbnail","6":"product_cat-temalar","7":"product_cat-wordpress-tr","8":"product_tag-altbilgi-widgetlari","9":"product_tag-blog-tr","10":"product_tag-ceviri-hazir","11":"product_tag-disli-yorumlar","12":"product_tag-haberler","13":"product_tag-iki-sutun","14":"product_tag-izgara-duzeni","15":"product_tag-one-cikan-gorseller","16":"product_tag-ozel-logo","17":"product_tag-ozel-menu","18":"product_tag-rtl-dil-destegi","19":"product_tag-sag-kenar-cubugu","20":"product_tag-tema-secenekleri","22":"first","23":"instock","24":"downloadable","25":"virtual","26":"product-type-simple"},"_links":{"self":[{"href":"https:\/\/hexexist.com\/tr\/wp-json\/wp\/v2\/product\/14350","targetHints":{"allow":["GET"]}}],"collection":[{"href":"https:\/\/hexexist.com\/tr\/wp-json\/wp\/v2\/product"}],"about":[{"href":"https:\/\/hexexist.com\/tr\/wp-json\/wp\/v2\/types\/product"}],"replies":[{"embeddable":true,"href":"https:\/\/hexexist.com\/tr\/wp-json\/wp\/v2\/comments?post=14350"}],"wp:featuredmedia":[{"embeddable":true,"href":"https:\/\/hexexist.com\/tr\/wp-json\/wp\/v2\/media\/12756"}],"wp:attachment":[{"href":"https:\/\/hexexist.com\/tr\/wp-json\/wp\/v2\/media?parent=14350"}],"wp:term":[{"taxonomy":"product_brand","embeddable":true,"href":"https:\/\/hexexist.com\/tr\/wp-json\/wp\/v2\/product_brand?post=14350"},{"taxonomy":"product_cat","embeddable":true,"href":"https:\/\/hexexist.com\/tr\/wp-json\/wp\/v2\/product_cat?post=14350"},{"taxonomy":"product_tag","embeddable":true,"href":"https:\/\/hexexist.com\/tr\/wp-json\/wp\/v2\/product_tag?post=14350"}],"curies":[{"name":"wp","href":"https:\/\/api.w.org\/{rel}","templated":true}]}}