{"id":14351,"date":"2025-10-08T14:07:41","date_gmt":"2025-10-08T14:07:41","guid":{"rendered":"http:\/\/hexexist.com\/product\/yildirim\/"},"modified":"2025-10-14T18:16:04","modified_gmt":"2025-10-14T18:16:04","slug":"yildirim","status":"publish","type":"product","link":"https:\/\/hexexist.com\/tr\/urun\/yildirim\/","title":{"rendered":"Y\u0131ld\u0131r\u0131m"},"content":{"rendered":"\n<p>Lightning, Bootstrap tabanl\u0131 \u00e7ok basit ve \u00f6zelle\u015ftirmesi kolay bir temad\u0131r. Ayr\u0131ca \u00f6zel g\u00f6nderi t\u00fcrleri ve \u00f6zel taksonomiler ile de \u00e7ok uyumludur. Yeni bir tane ekledi\u011finizde, ekmek k\u0131r\u0131nt\u0131lar\u0131 ayarlanacak ve g\u00f6nderiler bir \u015fablon dosyas\u0131 d\u00fczenlemeden veya eklemeden g\u00fczel g\u00f6r\u00fcnecektir.  <\/p>\n","protected":false},"excerpt":{"rendered":"<p>Lightning, Bootstrap tabanl\u0131 \u00e7ok basit ve \u00f6zelle\u015ftirmesi kolay bir temad\u0131r. Ayr\u0131ca \u00f6zel g\u00f6nderi t\u00fcrleri ve \u00f6zel taksonomiler ile de \u00e7ok uyumludur. Yeni bir tane ekledi\u011finizde, ekmek k\u0131r\u0131nt\u0131lar\u0131 ayarlanacak ve g\u00f6nderiler bir \u015fablon dosyas\u0131 d\u00fczenlemeden veya eklemeden g\u00fczel g\u00f6r\u00fcnecektir.<\/p>\n","protected":false},"featured_media":12750,"comment_status":"open","ping_status":"closed","template":"","meta":[],"product_brand":[],"product_cat":[1415,1416],"product_tag":[2645,2651,1575,2641,2648,2647,2754,2644,2642,2653,2643,2753,2748,2709,2755],"class_list":{"0":"post-14351","1":"product","2":"type-product","3":"status-publish","4":"has-post-thumbnail","6":"product_cat-temalar","7":"product_cat-wordpress-tr","8":"product_tag-altbilgi-widgetlari","9":"product_tag-bir-sutun","10":"product_tag-blog-tr","11":"product_tag-blok-duzenleyici-stilleri","12":"product_tag-ceviri-hazir","13":"product_tag-disli-yorumlar","14":"product_tag-editor-stili","15":"product_tag-one-cikan-gorseller","16":"product_tag-ozel-arka-plan","17":"product_tag-ozel-logo","18":"product_tag-ozel-menu","19":"product_tag-ozel-renkler","20":"product_tag-tam-genislikte-sablon","21":"product_tag-tema-secenekleri","22":"product_tag-yapiskan-gonderi","24":"first","25":"instock","26":"downloadable","27":"virtual","28":"product-type-simple"},"_links":{"self":[{"href":"https:\/\/hexexist.com\/tr\/wp-json\/wp\/v2\/product\/14351","targetHints":{"allow":["GET"]}}],"collection":[{"href":"https:\/\/hexexist.com\/tr\/wp-json\/wp\/v2\/product"}],"about":[{"href":"https:\/\/hexexist.com\/tr\/wp-json\/wp\/v2\/types\/product"}],"replies":[{"embeddable":true,"href":"https:\/\/hexexist.com\/tr\/wp-json\/wp\/v2\/comments?post=14351"}],"wp:featuredmedia":[{"embeddable":true,"href":"https:\/\/hexexist.com\/tr\/wp-json\/wp\/v2\/media\/12750"}],"wp:attachment":[{"href":"https:\/\/hexexist.com\/tr\/wp-json\/wp\/v2\/media?parent=14351"}],"wp:term":[{"taxonomy":"product_brand","embeddable":true,"href":"https:\/\/hexexist.com\/tr\/wp-json\/wp\/v2\/product_brand?post=14351"},{"taxonomy":"product_cat","embeddable":true,"href":"https:\/\/hexexist.com\/tr\/wp-json\/wp\/v2\/product_cat?post=14351"},{"taxonomy":"product_tag","embeddable":true,"href":"https:\/\/hexexist.com\/tr\/wp-json\/wp\/v2\/product_tag?post=14351"}],"curies":[{"name":"wp","href":"https:\/\/api.w.org\/{rel}","templated":true}]}}