{"id":14352,"date":"2025-10-08T14:07:45","date_gmt":"2025-10-08T14:07:45","guid":{"rendered":"http:\/\/hexexist.com\/product\/ona-mimarlik\/"},"modified":"2025-10-14T18:16:04","modified_gmt":"2025-10-14T18:16:04","slug":"ona-mimarlik","status":"publish","type":"product","link":"https:\/\/hexexist.com\/tr\/urun\/ona-mimarlik\/","title":{"rendered":"Ona Mimarl\u0131k"},"content":{"rendered":"\n<p>Ona Architecture, mimarlar, i\u00e7 mimarlar, tasar\u0131m st\u00fcdyolar\u0131, in\u015faat firmalar\u0131 ve yap\u0131l\u0131 \u00e7evredeki yarat\u0131c\u0131 profesyoneller i\u00e7in \u00f6zel olarak tasarlanm\u0131\u015f \u015f\u0131k ve sofistike bir WordPress temas\u0131d\u0131r. Bu titizlikle haz\u0131rlanm\u0131\u015f blok tabanl\u0131 tema, mimari projeleri ve portf\u00f6yleri g\u00fczel bir \u015fekilde sergileyen temiz, minimalist bir estetik sunuyor. Prestijli Anyone Can WP tasar\u0131m yar\u0131\u015fmas\u0131n\u0131 kazanan Ona Architecture, en yeni tasar\u0131m\u0131 ola\u011fan\u00fcst\u00fc i\u015flevsellikle birle\u015ftiriyor. Tema, t\u00fcm cihazlara sorunsuz bir \u015fekilde uyum sa\u011flayan duyarl\u0131 bir d\u00fczene sahiptir ve mimari vizyonunuzun masa\u00fcst\u00fc bilgisayarlarda, tabletlerde ve ak\u0131ll\u0131 telefonlarda \u00e7arp\u0131c\u0131 g\u00f6r\u00fcnmesini sa\u011flar.   <\/p>\n","protected":false},"excerpt":{"rendered":"<p>Ona Architecture, mimarlar, i\u00e7 mimarlar, tasar\u0131m st\u00fcdyolar\u0131, in\u015faat firmalar\u0131 ve yap\u0131l\u0131 \u00e7evredeki yarat\u0131c\u0131 profesyoneller i\u00e7in \u00f6zel olarak tasarlanm\u0131\u015f \u015f\u0131k ve sofistike bir WordPress temas\u0131d\u0131r. Bu titizlikle haz\u0131rlanm\u0131\u015f blok tabanl\u0131 tema, mimari projeleri ve portf\u00f6yleri g\u00fczel bir \u015fekilde sergileyen temiz, minimalist bir estetik sunuyor. Prestijli Anyone Can WP tasar\u0131m yar\u0131\u015fmas\u0131n\u0131 kazanan Ona Architecture, en yeni tasar\u0131m\u0131 [&hellip;]<\/p>\n","protected":false},"featured_media":12755,"comment_status":"open","ping_status":"closed","template":"","meta":[],"product_brand":[],"product_cat":[1415,1416],"product_tag":[2651,1575,2652,2641,2654,2648,2647,2765,2754,2751,2649,2761,2644,2653,2643,2753,1702,2750,2763,2757,2748,2709,2764,2755],"class_list":{"0":"post-14352","1":"product","2":"type-product","3":"status-publish","4":"has-post-thumbnail","6":"product_cat-temalar","7":"product_cat-wordpress-tr","8":"product_tag-bir-sutun","9":"product_tag-blog-tr","10":"product_tag-blok-duzenleyici-kaliplari","11":"product_tag-blok-duzenleyici-stilleri","12":"product_tag-blok-temalari","13":"product_tag-ceviri-hazir","14":"product_tag-disli-yorumlar","15":"product_tag-dort-sutun","16":"product_tag-editor-stili","17":"product_tag-eglence","18":"product_tag-iki-sutun","19":"product_tag-izgara-duzeni","20":"product_tag-one-cikan-gorseller","21":"product_tag-ozel-logo","22":"product_tag-ozel-menu","23":"product_tag-ozel-renkler","24":"product_tag-portfoy","25":"product_tag-rtl-dil-destegi","26":"product_tag-sablon-duzenleme","27":"product_tag-stil-varyasyonlari","28":"product_tag-tam-genislikte-sablon","29":"product_tag-tema-secenekleri","30":"product_tag-uc-sutun","31":"product_tag-yapiskan-gonderi","33":"first","34":"instock","35":"downloadable","36":"virtual","37":"product-type-simple"},"_links":{"self":[{"href":"https:\/\/hexexist.com\/tr\/wp-json\/wp\/v2\/product\/14352","targetHints":{"allow":["GET"]}}],"collection":[{"href":"https:\/\/hexexist.com\/tr\/wp-json\/wp\/v2\/product"}],"about":[{"href":"https:\/\/hexexist.com\/tr\/wp-json\/wp\/v2\/types\/product"}],"replies":[{"embeddable":true,"href":"https:\/\/hexexist.com\/tr\/wp-json\/wp\/v2\/comments?post=14352"}],"wp:featuredmedia":[{"embeddable":true,"href":"https:\/\/hexexist.com\/tr\/wp-json\/wp\/v2\/media\/12755"}],"wp:attachment":[{"href":"https:\/\/hexexist.com\/tr\/wp-json\/wp\/v2\/media?parent=14352"}],"wp:term":[{"taxonomy":"product_brand","embeddable":true,"href":"https:\/\/hexexist.com\/tr\/wp-json\/wp\/v2\/product_brand?post=14352"},{"taxonomy":"product_cat","embeddable":true,"href":"https:\/\/hexexist.com\/tr\/wp-json\/wp\/v2\/product_cat?post=14352"},{"taxonomy":"product_tag","embeddable":true,"href":"https:\/\/hexexist.com\/tr\/wp-json\/wp\/v2\/product_tag?post=14352"}],"curies":[{"name":"wp","href":"https:\/\/api.w.org\/{rel}","templated":true}]}}