{"id":14353,"date":"2025-10-08T14:07:42","date_gmt":"2025-10-08T14:07:42","guid":{"rendered":"http:\/\/hexexist.com\/product\/sidney\/"},"modified":"2025-10-14T18:16:04","modified_gmt":"2025-10-14T18:16:04","slug":"sidney","status":"publish","type":"product","link":"https:\/\/hexexist.com\/tr\/urun\/sidney\/","title":{"rendered":"Sidney"},"content":{"rendered":"\n<p>Sydney, \u015firketlerin veya serbest \u00e7al\u0131\u015fanlar\u0131n harika bir \u00e7evrimi\u00e7i varl\u0131k olu\u015fturmalar\u0131 i\u00e7in h\u0131zl\u0131 bir yol sa\u011flayan g\u00fc\u00e7l\u00fc bir i\u015f temas\u0131d\u0131r. Elementor ile tamamen uyumlu olmas\u0131n\u0131n yan\u0131 s\u0131ra Sydney, t\u00fcm Google Yaz\u0131 Tiplerine eri\u015fim, tam renk kontrol\u00fc, d\u00fczen kontrol\u00fc, logo y\u00fckleme, tam ekran kayd\u0131r\u0131c\u0131, ba\u015fl\u0131k resmi, yap\u0131\u015fkan gezinme ve \u00e7ok daha fazlas\u0131 gibi bir\u00e7ok \u00f6zelle\u015ftirme olana\u011f\u0131 sunar. Ayr\u0131ca Sydney, h\u0131zl\u0131 bir \u015fekilde ilgi \u00e7ekici bir \u00f6n sayfa olu\u015fturmak i\u00e7in ihtiyac\u0131n\u0131z olan t\u00fcm yap\u0131 bloklar\u0131n\u0131 sa\u011flar. Sydney ile h\u0131zl\u0131 bir ba\u015flang\u0131\u00e7 m\u0131 yapmak istiyorsunuz? Sadece birka\u00e7 t\u0131klama ile mevcut demolar\u0131m\u0131zdan birini i\u00e7e aktarabilirsiniz (https:\/\/athemes.com\/sydney-demos\/)    <\/p>\n","protected":false},"excerpt":{"rendered":"<p>Sydney, \u015firketlerin veya serbest \u00e7al\u0131\u015fanlar\u0131n harika bir \u00e7evrimi\u00e7i varl\u0131k olu\u015fturmalar\u0131 i\u00e7in h\u0131zl\u0131 bir yol sa\u011flayan g\u00fc\u00e7l\u00fc bir i\u015f temas\u0131d\u0131r. Elementor ile tamamen uyumlu olmas\u0131n\u0131n yan\u0131 s\u0131ra Sydney, t\u00fcm Google Yaz\u0131 Tiplerine eri\u015fim, tam renk kontrol\u00fc, d\u00fczen kontrol\u00fc, logo y\u00fckleme, tam ekran kayd\u0131r\u0131c\u0131, ba\u015fl\u0131k resmi, yap\u0131\u015fkan gezinme ve \u00e7ok daha fazlas\u0131 gibi bir\u00e7ok \u00f6zelle\u015ftirme olana\u011f\u0131 sunar. [&hellip;]<\/p>\n","protected":false},"featured_media":12751,"comment_status":"open","ping_status":"closed","template":"","meta":[],"product_brand":[],"product_cat":[1415,1416],"product_tag":[2641,2648,2647,2649,2644,2642,2758,2643,2753,2646,2709,2755],"class_list":{"0":"post-14353","1":"product","2":"type-product","3":"status-publish","4":"has-post-thumbnail","6":"product_cat-temalar","7":"product_cat-wordpress-tr","8":"product_tag-blok-duzenleyici-stilleri","9":"product_tag-ceviri-hazir","10":"product_tag-disli-yorumlar","11":"product_tag-iki-sutun","12":"product_tag-one-cikan-gorseller","13":"product_tag-ozel-arka-plan","14":"product_tag-ozel-baslik","15":"product_tag-ozel-menu","16":"product_tag-ozel-renkler","17":"product_tag-sag-kenar-cubugu","18":"product_tag-tema-secenekleri","19":"product_tag-yapiskan-gonderi","21":"first","22":"instock","23":"downloadable","24":"virtual","25":"product-type-simple"},"_links":{"self":[{"href":"https:\/\/hexexist.com\/tr\/wp-json\/wp\/v2\/product\/14353","targetHints":{"allow":["GET"]}}],"collection":[{"href":"https:\/\/hexexist.com\/tr\/wp-json\/wp\/v2\/product"}],"about":[{"href":"https:\/\/hexexist.com\/tr\/wp-json\/wp\/v2\/types\/product"}],"replies":[{"embeddable":true,"href":"https:\/\/hexexist.com\/tr\/wp-json\/wp\/v2\/comments?post=14353"}],"wp:featuredmedia":[{"embeddable":true,"href":"https:\/\/hexexist.com\/tr\/wp-json\/wp\/v2\/media\/12751"}],"wp:attachment":[{"href":"https:\/\/hexexist.com\/tr\/wp-json\/wp\/v2\/media?parent=14353"}],"wp:term":[{"taxonomy":"product_brand","embeddable":true,"href":"https:\/\/hexexist.com\/tr\/wp-json\/wp\/v2\/product_brand?post=14353"},{"taxonomy":"product_cat","embeddable":true,"href":"https:\/\/hexexist.com\/tr\/wp-json\/wp\/v2\/product_cat?post=14353"},{"taxonomy":"product_tag","embeddable":true,"href":"https:\/\/hexexist.com\/tr\/wp-json\/wp\/v2\/product_tag?post=14353"}],"curies":[{"name":"wp","href":"https:\/\/api.w.org\/{rel}","templated":true}]}}