{"id":14354,"date":"2025-10-08T14:07:49","date_gmt":"2025-10-08T14:07:49","guid":{"rendered":"http:\/\/hexexist.com\/product\/zakra\/"},"modified":"2025-10-14T18:16:15","modified_gmt":"2025-10-14T18:16:15","slug":"zakra","status":"publish","type":"product","link":"https:\/\/hexexist.com\/tr\/urun\/zakra\/","title":{"rendered":"Zakra"},"content":{"rendered":"\n<p>Zakra, g\u00fczel ve profesyonel web siteleri olu\u015fturmay\u0131 kolayla\u015ft\u0131ran g\u00fc\u00e7l\u00fc ve \u00e7ok y\u00f6nl\u00fc \u00e7ok ama\u00e7l\u0131 bir temad\u0131r. Aralar\u0131ndan se\u00e7im yapabilece\u011finiz 40&#8217;tan fazla \u00fccretsiz \u00f6nceden tasarlanm\u0131\u015f ba\u015flang\u0131\u00e7 demo sitesi ile \u00f6zel ihtiya\u00e7lar\u0131n\u0131za uygun benzersiz ve i\u015flevsel bir siteyi h\u0131zl\u0131 bir \u015fekilde olu\u015fturabilirsiniz. \u0130ster bir blog, haber sitesi, e-ticaret ma\u011fazas\u0131 a\u00e7\u0131yor olun, ister portf\u00f6y\u00fcn\u00fcz\u00fc sergiliyor olun, ister bir i\u015f sitesi, LMS veya ni\u015f \u00f6zel bir site (kafe, spa, hay\u0131r kurumu, yoga st\u00fcdyosu, d\u00fc\u011f\u00fcn mekan\u0131, di\u015f hekimli\u011fi muayenehanesi, foto\u011fraf\u00e7\u0131l\u0131k, restoran veya e\u011fitim kurumu gibi) olu\u015fturuyor olun, Zakra ba\u015far\u0131l\u0131 olmak i\u00e7in ihtiyac\u0131n\u0131z olan her \u015feye sahiptir. Elementor, Brizy, BlockArt ve Gutenberg edit\u00f6r\u00fc gibi pop\u00fcler sayfa olu\u015fturucularla sorunsuz bir \u015fekilde entegre olan tema, hayal edebilece\u011finiz her t\u00fcrl\u00fc d\u00fczeni olu\u015fturman\u0131z i\u00e7in size tam bir \u00f6zg\u00fcrl\u00fck sunuyor. Daha da \u00f6nemlisi, Zakra h\u0131z i\u00e7in optimize edilmi\u015ftir, mobil \u00f6ncelikli duyarl\u0131 bir tasar\u0131ma sahiptir, blok tabanl\u0131 teknoloji ile olu\u015fturulmu\u015ftur ve arama motorlar\u0131 i\u00e7in optimize edilmi\u015ftir. Ayr\u0131ca \u00e7ok \u00e7e\u015fitli pop\u00fcler WordPress eklentileriyle uyumludur ve i\u015flevselli\u011fini gerekti\u011fi gibi geni\u015fletmenize olanak tan\u0131r. Bir sonraki projenizi bug\u00fcn Zakra ile olu\u015fturun ve fark\u0131 kendiniz g\u00f6r\u00fcn. !<\/p>\n","protected":false},"excerpt":{"rendered":"<p>Zakra, g\u00fczel ve profesyonel web siteleri olu\u015fturmay\u0131 kolayla\u015ft\u0131ran g\u00fc\u00e7l\u00fc ve \u00e7ok y\u00f6nl\u00fc \u00e7ok ama\u00e7l\u0131 bir temad\u0131r. Aralar\u0131ndan se\u00e7im yapabilece\u011finiz 40&#8217;tan fazla \u00fccretsiz \u00f6nceden tasarlanm\u0131\u015f ba\u015flang\u0131\u00e7 demo sitesi ile \u00f6zel ihtiya\u00e7lar\u0131n\u0131za uygun benzersiz ve i\u015flevsel bir siteyi h\u0131zl\u0131 bir \u015fekilde olu\u015fturabilirsiniz. \u0130ster bir blog, haber sitesi, e-ticaret ma\u011fazas\u0131 a\u00e7\u0131yor olun, ister portf\u00f6y\u00fcn\u00fcz\u00fc sergiliyor olun, ister bir [&hellip;]<\/p>\n","protected":false},"featured_media":12761,"comment_status":"open","ping_status":"closed","template":"","meta":[],"product_brand":[],"product_cat":[1415,1416],"product_tag":[2645,2651,1575,2648,2647,2747,2110,2649,2644,2642,2653,2753,2750,2646,2650,2748,2709],"class_list":{"0":"post-14354","1":"product","2":"type-product","3":"status-publish","4":"has-post-thumbnail","6":"product_cat-temalar","7":"product_cat-wordpress-tr","8":"product_tag-altbilgi-widgetlari","9":"product_tag-bir-sutun","10":"product_tag-blog-tr","11":"product_tag-ceviri-hazir","12":"product_tag-disli-yorumlar","13":"product_tag-e-ticaret-tr","14":"product_tag-haberler","15":"product_tag-iki-sutun","16":"product_tag-one-cikan-gorseller","17":"product_tag-ozel-arka-plan","18":"product_tag-ozel-logo","19":"product_tag-ozel-renkler","20":"product_tag-rtl-dil-destegi","21":"product_tag-sag-kenar-cubugu","22":"product_tag-sol-kenar-cubugu","23":"product_tag-tam-genislikte-sablon","24":"product_tag-tema-secenekleri","26":"first","27":"instock","28":"downloadable","29":"virtual","30":"product-type-simple"},"_links":{"self":[{"href":"https:\/\/hexexist.com\/tr\/wp-json\/wp\/v2\/product\/14354","targetHints":{"allow":["GET"]}}],"collection":[{"href":"https:\/\/hexexist.com\/tr\/wp-json\/wp\/v2\/product"}],"about":[{"href":"https:\/\/hexexist.com\/tr\/wp-json\/wp\/v2\/types\/product"}],"replies":[{"embeddable":true,"href":"https:\/\/hexexist.com\/tr\/wp-json\/wp\/v2\/comments?post=14354"}],"wp:featuredmedia":[{"embeddable":true,"href":"https:\/\/hexexist.com\/tr\/wp-json\/wp\/v2\/media\/12761"}],"wp:attachment":[{"href":"https:\/\/hexexist.com\/tr\/wp-json\/wp\/v2\/media?parent=14354"}],"wp:term":[{"taxonomy":"product_brand","embeddable":true,"href":"https:\/\/hexexist.com\/tr\/wp-json\/wp\/v2\/product_brand?post=14354"},{"taxonomy":"product_cat","embeddable":true,"href":"https:\/\/hexexist.com\/tr\/wp-json\/wp\/v2\/product_cat?post=14354"},{"taxonomy":"product_tag","embeddable":true,"href":"https:\/\/hexexist.com\/tr\/wp-json\/wp\/v2\/product_tag?post=14354"}],"curies":[{"name":"wp","href":"https:\/\/api.w.org\/{rel}","templated":true}]}}