{"id":14355,"date":"2025-10-08T14:07:46","date_gmt":"2025-10-08T14:07:46","guid":{"rendered":"http:\/\/hexexist.com\/product\/yirmi-on-bes\/"},"modified":"2025-10-14T18:16:15","modified_gmt":"2025-10-14T18:16:15","slug":"yirmi-on-bes","status":"publish","type":"product","link":"https:\/\/hexexist.com\/tr\/urun\/yirmi-on-bes\/","title":{"rendered":"Yirmi On Be\u015f"},"content":{"rendered":"\n<p>2015 varsay\u0131lan temam\u0131z temiz, blog odakl\u0131 ve netlik i\u00e7in tasarlanm\u0131\u015ft\u0131r. Twenty Fifteen&#8217;in basit, anla\u015f\u0131l\u0131r tipografisi \u00e7ok \u00e7e\u015fitli ekran boyutlar\u0131nda okunabilir ve birden fazla dil i\u00e7in uygundur. Mobil \u00f6ncelikli bir yakla\u015f\u0131m kullanarak tasarlad\u0131k, yani ziyaret\u00e7ilerinizin ak\u0131ll\u0131 telefon, tablet, diz\u00fcst\u00fc bilgisayar veya masa\u00fcst\u00fc bilgisayarla gelip gelmedi\u011fine bak\u0131lmaks\u0131z\u0131n i\u00e7eri\u011finiz merkezde yer al\u0131yor.  <\/p>\n","protected":false},"excerpt":{"rendered":"<p>2015 varsay\u0131lan temam\u0131z temiz, blog odakl\u0131 ve netlik i\u00e7in tasarlanm\u0131\u015ft\u0131r. Twenty Fifteen&#8217;in basit, anla\u015f\u0131l\u0131r tipografisi \u00e7ok \u00e7e\u015fitli ekran boyutlar\u0131nda okunabilir ve birden fazla dil i\u00e7in uygundur. Mobil \u00f6ncelikli bir yakla\u015f\u0131m kullanarak tasarlad\u0131k, yani ziyaret\u00e7ilerinizin ak\u0131ll\u0131 telefon, tablet, diz\u00fcst\u00fc bilgisayar veya masa\u00fcst\u00fc bilgisayarla gelip gelmedi\u011fine bak\u0131lmaks\u0131z\u0131n i\u00e7eri\u011finiz merkezde yer al\u0131yor.<\/p>\n","protected":false},"featured_media":12757,"comment_status":"open","ping_status":"closed","template":"","meta":[],"product_brand":[],"product_cat":[1415,1416],"product_tag":[1575,2652,2648,2647,2754,2759,2649,2752,2644,2642,2758,2653,2643,2753,2749,2750,2650,2755],"class_list":{"0":"post-14355","1":"product","2":"type-product","3":"status-publish","4":"has-post-thumbnail","6":"product_cat-temalar","7":"product_cat-wordpress-tr","8":"product_tag-blog-tr","9":"product_tag-blok-duzenleyici-kaliplari","10":"product_tag-ceviri-hazir","11":"product_tag-disli-yorumlar","12":"product_tag-editor-stili","13":"product_tag-erisilebilirlik-hazir","14":"product_tag-iki-sutun","15":"product_tag-mikroformatlar","16":"product_tag-one-cikan-gorseller","17":"product_tag-ozel-arka-plan","18":"product_tag-ozel-baslik","19":"product_tag-ozel-logo","20":"product_tag-ozel-menu","21":"product_tag-ozel-renkler","22":"product_tag-post-formatlari","23":"product_tag-rtl-dil-destegi","24":"product_tag-sol-kenar-cubugu","25":"product_tag-yapiskan-gonderi","27":"first","28":"instock","29":"downloadable","30":"virtual","31":"product-type-simple"},"_links":{"self":[{"href":"https:\/\/hexexist.com\/tr\/wp-json\/wp\/v2\/product\/14355","targetHints":{"allow":["GET"]}}],"collection":[{"href":"https:\/\/hexexist.com\/tr\/wp-json\/wp\/v2\/product"}],"about":[{"href":"https:\/\/hexexist.com\/tr\/wp-json\/wp\/v2\/types\/product"}],"replies":[{"embeddable":true,"href":"https:\/\/hexexist.com\/tr\/wp-json\/wp\/v2\/comments?post=14355"}],"wp:featuredmedia":[{"embeddable":true,"href":"https:\/\/hexexist.com\/tr\/wp-json\/wp\/v2\/media\/12757"}],"wp:attachment":[{"href":"https:\/\/hexexist.com\/tr\/wp-json\/wp\/v2\/media?parent=14355"}],"wp:term":[{"taxonomy":"product_brand","embeddable":true,"href":"https:\/\/hexexist.com\/tr\/wp-json\/wp\/v2\/product_brand?post=14355"},{"taxonomy":"product_cat","embeddable":true,"href":"https:\/\/hexexist.com\/tr\/wp-json\/wp\/v2\/product_cat?post=14355"},{"taxonomy":"product_tag","embeddable":true,"href":"https:\/\/hexexist.com\/tr\/wp-json\/wp\/v2\/product_tag?post=14355"}],"curies":[{"name":"wp","href":"https:\/\/api.w.org\/{rel}","templated":true}]}}