{"id":14356,"date":"2025-10-08T14:07:47","date_gmt":"2025-10-08T14:07:47","guid":{"rendered":"http:\/\/hexexist.com\/product\/onepress\/"},"modified":"2025-10-14T18:16:15","modified_gmt":"2025-10-14T18:16:15","slug":"onepress","status":"publish","type":"product","link":"https:\/\/hexexist.com\/tr\/urun\/onepress\/","title":{"rendered":"OnePress"},"content":{"rendered":"\n<p>OnePress, i\u015f web sitesi, portf\u00f6y, dijital ajans, \u00fcr\u00fcn vitrini, serbest \u00e7al\u0131\u015fanlar ve iyi tasar\u0131m\u0131 takdir eden herkes i\u00e7in \u00e7ok uygun, ola\u011fan\u00fcst\u00fc yarat\u0131c\u0131 ve esnek bir WordPress tek sayfa temas\u0131d\u0131r. Tema genel olarak zarif ve klasik bir tema, WooCommerce&#8217;in en son s\u00fcr\u00fcm\u00fcyle uyumlu Bootstrap 4 WordPress temas\u0131n\u0131n g\u00fczel bir \u00f6rne\u011fi. <\/p>\n","protected":false},"excerpt":{"rendered":"<p>OnePress, i\u015f web sitesi, portf\u00f6y, dijital ajans, \u00fcr\u00fcn vitrini, serbest \u00e7al\u0131\u015fanlar ve iyi tasar\u0131m\u0131 takdir eden herkes i\u00e7in \u00e7ok uygun, ola\u011fan\u00fcst\u00fc yarat\u0131c\u0131 ve esnek bir WordPress tek sayfa temas\u0131d\u0131r. Tema genel olarak zarif ve klasik bir tema, WooCommerce&#8217;in en son s\u00fcr\u00fcm\u00fcyle uyumlu Bootstrap 4 WordPress temas\u0131n\u0131n g\u00fczel bir \u00f6rne\u011fi.<\/p>\n","protected":false},"featured_media":12758,"comment_status":"open","ping_status":"closed","template":"","meta":[],"product_brand":[],"product_cat":[1415,1416],"product_tag":[2651,1575,2648,2647,2747,2649,2644,2643,1702,2646,2650,2748,2709,2755],"class_list":{"0":"post-14356","1":"product","2":"type-product","3":"status-publish","4":"has-post-thumbnail","6":"product_cat-temalar","7":"product_cat-wordpress-tr","8":"product_tag-bir-sutun","9":"product_tag-blog-tr","10":"product_tag-ceviri-hazir","11":"product_tag-disli-yorumlar","12":"product_tag-e-ticaret-tr","13":"product_tag-iki-sutun","14":"product_tag-one-cikan-gorseller","15":"product_tag-ozel-menu","16":"product_tag-portfoy","17":"product_tag-sag-kenar-cubugu","18":"product_tag-sol-kenar-cubugu","19":"product_tag-tam-genislikte-sablon","20":"product_tag-tema-secenekleri","21":"product_tag-yapiskan-gonderi","23":"first","24":"instock","25":"downloadable","26":"virtual","27":"product-type-simple"},"_links":{"self":[{"href":"https:\/\/hexexist.com\/tr\/wp-json\/wp\/v2\/product\/14356","targetHints":{"allow":["GET"]}}],"collection":[{"href":"https:\/\/hexexist.com\/tr\/wp-json\/wp\/v2\/product"}],"about":[{"href":"https:\/\/hexexist.com\/tr\/wp-json\/wp\/v2\/types\/product"}],"replies":[{"embeddable":true,"href":"https:\/\/hexexist.com\/tr\/wp-json\/wp\/v2\/comments?post=14356"}],"wp:featuredmedia":[{"embeddable":true,"href":"https:\/\/hexexist.com\/tr\/wp-json\/wp\/v2\/media\/12758"}],"wp:attachment":[{"href":"https:\/\/hexexist.com\/tr\/wp-json\/wp\/v2\/media?parent=14356"}],"wp:term":[{"taxonomy":"product_brand","embeddable":true,"href":"https:\/\/hexexist.com\/tr\/wp-json\/wp\/v2\/product_brand?post=14356"},{"taxonomy":"product_cat","embeddable":true,"href":"https:\/\/hexexist.com\/tr\/wp-json\/wp\/v2\/product_cat?post=14356"},{"taxonomy":"product_tag","embeddable":true,"href":"https:\/\/hexexist.com\/tr\/wp-json\/wp\/v2\/product_tag?post=14356"}],"curies":[{"name":"wp","href":"https:\/\/api.w.org\/{rel}","templated":true}]}}