{"id":14360,"date":"2025-10-08T14:07:51","date_gmt":"2025-10-08T14:07:51","guid":{"rendered":"http:\/\/hexexist.com\/product\/newsxo\/"},"modified":"2025-10-14T18:16:16","modified_gmt":"2025-10-14T18:16:16","slug":"newsxo","status":"publish","type":"product","link":"https:\/\/hexexist.com\/tr\/urun\/newsxo\/","title":{"rendered":"Newsxo"},"content":{"rendered":"\n<p>Newsxo h\u0131zl\u0131, temiz, modern g\u00f6r\u00fcn\u00fcml\u00fc En \u0130yi Duyarl\u0131 Haber Dergisi WordPress temas\u0131d\u0131r. Tema tamamen widget&#8217;land\u0131r\u0131lm\u0131\u015ft\u0131r, b\u00f6ylece kullan\u0131c\u0131lar kullan\u0131m\u0131 kolay widget&#8217;lar\u0131 kullanarak i\u00e7eri\u011fi y\u00f6netebilir. Newsxo, dinamik haberler, gazeteler, dergiler, yay\u0131nc\u0131lar, bloglar, edit\u00f6rler, \u00e7evrimi\u00e7i ve oyun dergileri, haber portallar\u0131, ki\u015fisel bloglar, gazete, yay\u0131nc\u0131l\u0131k veya inceleme sitesi ve herhangi bir yarat\u0131c\u0131 web sitesi i\u00e7in uygundur. Newsxo SEO dostu, WPML, Gutenberg, \u00e7eviri ve RTL&#8217;ye haz\u0131rd\u0131r.   <\/p>\n","protected":false},"excerpt":{"rendered":"<p>Newsxo h\u0131zl\u0131, temiz, modern g\u00f6r\u00fcn\u00fcml\u00fc En \u0130yi Duyarl\u0131 Haber Dergisi WordPress temas\u0131d\u0131r. Tema tamamen widget&#8217;land\u0131r\u0131lm\u0131\u015ft\u0131r, b\u00f6ylece kullan\u0131c\u0131lar kullan\u0131m\u0131 kolay widget&#8217;lar\u0131 kullanarak i\u00e7eri\u011fi y\u00f6netebilir. Newsxo, dinamik haberler, gazeteler, dergiler, yay\u0131nc\u0131lar, bloglar, edit\u00f6rler, \u00e7evrimi\u00e7i ve oyun dergileri, haber portallar\u0131, ki\u015fisel bloglar, gazete, yay\u0131nc\u0131l\u0131k veya inceleme sitesi ve herhangi bir yarat\u0131c\u0131 web sitesi i\u00e7in uygundur. Newsxo SEO dostu, [&hellip;]<\/p>\n","protected":false},"featured_media":12765,"comment_status":"open","ping_status":"closed","template":"","meta":[],"product_brand":[],"product_cat":[1415,1416],"product_tag":[2645,1575,2648,2747,2751,2649,2644,2642,2653,2646,2650,2748,2764],"class_list":{"0":"post-14360","1":"product","2":"type-product","3":"status-publish","4":"has-post-thumbnail","6":"product_cat-temalar","7":"product_cat-wordpress-tr","8":"product_tag-altbilgi-widgetlari","9":"product_tag-blog-tr","10":"product_tag-ceviri-hazir","11":"product_tag-e-ticaret-tr","12":"product_tag-eglence","13":"product_tag-iki-sutun","14":"product_tag-one-cikan-gorseller","15":"product_tag-ozel-arka-plan","16":"product_tag-ozel-logo","17":"product_tag-sag-kenar-cubugu","18":"product_tag-sol-kenar-cubugu","19":"product_tag-tam-genislikte-sablon","20":"product_tag-uc-sutun","22":"first","23":"instock","24":"downloadable","25":"virtual","26":"product-type-simple"},"_links":{"self":[{"href":"https:\/\/hexexist.com\/tr\/wp-json\/wp\/v2\/product\/14360","targetHints":{"allow":["GET"]}}],"collection":[{"href":"https:\/\/hexexist.com\/tr\/wp-json\/wp\/v2\/product"}],"about":[{"href":"https:\/\/hexexist.com\/tr\/wp-json\/wp\/v2\/types\/product"}],"replies":[{"embeddable":true,"href":"https:\/\/hexexist.com\/tr\/wp-json\/wp\/v2\/comments?post=14360"}],"wp:featuredmedia":[{"embeddable":true,"href":"https:\/\/hexexist.com\/tr\/wp-json\/wp\/v2\/media\/12765"}],"wp:attachment":[{"href":"https:\/\/hexexist.com\/tr\/wp-json\/wp\/v2\/media?parent=14360"}],"wp:term":[{"taxonomy":"product_brand","embeddable":true,"href":"https:\/\/hexexist.com\/tr\/wp-json\/wp\/v2\/product_brand?post=14360"},{"taxonomy":"product_cat","embeddable":true,"href":"https:\/\/hexexist.com\/tr\/wp-json\/wp\/v2\/product_cat?post=14360"},{"taxonomy":"product_tag","embeddable":true,"href":"https:\/\/hexexist.com\/tr\/wp-json\/wp\/v2\/product_tag?post=14360"}],"curies":[{"name":"wp","href":"https:\/\/api.w.org\/{rel}","templated":true}]}}