{"id":14361,"date":"2025-10-08T14:07:48","date_gmt":"2025-10-08T14:07:48","guid":{"rendered":"http:\/\/hexexist.com\/product\/woostify\/"},"modified":"2025-10-14T18:16:16","modified_gmt":"2025-10-14T18:16:16","slug":"woostify","status":"publish","type":"product","link":"https:\/\/hexexist.com\/tr\/urun\/woostify\/","title":{"rendered":"Woostify"},"content":{"rendered":"\n<p>Woostify, SEO, h\u0131z ve kullan\u0131labilirlik g\u00f6z \u00f6n\u00fcnde bulundurularak olu\u015fturulmu\u015f h\u0131zl\u0131, hafif, duyarl\u0131 ve s\u00fcper esnek bir WooCommerce temas\u0131d\u0131r. Tema, Elementor, Beaver Builder, SiteOrigin, Thrive Architect, Divi gibi favori sayfa olu\u015fturucular\u0131n\u0131zdan herhangi biriyle harika \u00e7al\u0131\u015f\u0131r. Bu nedenle, ma\u011faza, i\u015f ajanslar\u0131, kurumsal, portf\u00f6y, e\u011fitim, \u00fcniversite portal\u0131, dan\u0131\u015fmanl\u0131k, kilise, restoran, t\u0131bbi ve benzeri gibi her t\u00fcrl\u00fc web sitesini olu\u015fturabilirsiniz. Woostify, WooCommerce, OrbitFox, Yoast, BuddyPress, bbPress gibi b\u00fcy\u00fck eklentiler de dahil olmak \u00fczere t\u00fcm iyi kodlanm\u0131\u015f eklentilerle uyumludur.   <\/p>\n","protected":false},"excerpt":{"rendered":"<p>Woostify, SEO, h\u0131z ve kullan\u0131labilirlik g\u00f6z \u00f6n\u00fcnde bulundurularak olu\u015fturulmu\u015f h\u0131zl\u0131, hafif, duyarl\u0131 ve s\u00fcper esnek bir WooCommerce temas\u0131d\u0131r. Tema, Elementor, Beaver Builder, SiteOrigin, Thrive Architect, Divi gibi favori sayfa olu\u015fturucular\u0131n\u0131zdan herhangi biriyle harika \u00e7al\u0131\u015f\u0131r. Bu nedenle, ma\u011faza, i\u015f ajanslar\u0131, kurumsal, portf\u00f6y, e\u011fitim, \u00fcniversite portal\u0131, dan\u0131\u015fmanl\u0131k, kilise, restoran, t\u0131bbi ve benzeri gibi her t\u00fcrl\u00fc web sitesini [&hellip;]<\/p>\n","protected":false},"featured_media":12759,"comment_status":"open","ping_status":"closed","template":"","meta":[],"product_brand":[],"product_cat":[1415,1416],"product_tag":[2645,2647,2747,2649,2644,2642,2758,2643,2753,2750,2646,2650,2748,2709,2755],"class_list":{"0":"post-14361","1":"product","2":"type-product","3":"status-publish","4":"has-post-thumbnail","6":"product_cat-temalar","7":"product_cat-wordpress-tr","8":"product_tag-altbilgi-widgetlari","9":"product_tag-disli-yorumlar","10":"product_tag-e-ticaret-tr","11":"product_tag-iki-sutun","12":"product_tag-one-cikan-gorseller","13":"product_tag-ozel-arka-plan","14":"product_tag-ozel-baslik","15":"product_tag-ozel-menu","16":"product_tag-ozel-renkler","17":"product_tag-rtl-dil-destegi","18":"product_tag-sag-kenar-cubugu","19":"product_tag-sol-kenar-cubugu","20":"product_tag-tam-genislikte-sablon","21":"product_tag-tema-secenekleri","22":"product_tag-yapiskan-gonderi","24":"first","25":"instock","26":"downloadable","27":"virtual","28":"product-type-simple"},"_links":{"self":[{"href":"https:\/\/hexexist.com\/tr\/wp-json\/wp\/v2\/product\/14361","targetHints":{"allow":["GET"]}}],"collection":[{"href":"https:\/\/hexexist.com\/tr\/wp-json\/wp\/v2\/product"}],"about":[{"href":"https:\/\/hexexist.com\/tr\/wp-json\/wp\/v2\/types\/product"}],"replies":[{"embeddable":true,"href":"https:\/\/hexexist.com\/tr\/wp-json\/wp\/v2\/comments?post=14361"}],"wp:featuredmedia":[{"embeddable":true,"href":"https:\/\/hexexist.com\/tr\/wp-json\/wp\/v2\/media\/12759"}],"wp:attachment":[{"href":"https:\/\/hexexist.com\/tr\/wp-json\/wp\/v2\/media?parent=14361"}],"wp:term":[{"taxonomy":"product_brand","embeddable":true,"href":"https:\/\/hexexist.com\/tr\/wp-json\/wp\/v2\/product_brand?post=14361"},{"taxonomy":"product_cat","embeddable":true,"href":"https:\/\/hexexist.com\/tr\/wp-json\/wp\/v2\/product_cat?post=14361"},{"taxonomy":"product_tag","embeddable":true,"href":"https:\/\/hexexist.com\/tr\/wp-json\/wp\/v2\/product_tag?post=14361"}],"curies":[{"name":"wp","href":"https:\/\/api.w.org\/{rel}","templated":true}]}}