{"id":14363,"date":"2025-10-08T14:07:49","date_gmt":"2025-10-08T14:07:49","guid":{"rendered":"http:\/\/hexexist.com\/product\/blog-arkadasi\/"},"modified":"2025-10-14T18:16:16","modified_gmt":"2025-10-14T18:16:16","slug":"blog-arkadasi","status":"publish","type":"product","link":"https:\/\/hexexist.com\/tr\/urun\/blog-arkadasi\/","title":{"rendered":"Blog Arkada\u015f\u0131"},"content":{"rendered":"\n<p>Bloglo&#8217;nun bir alt temas\u0131 olan BlogMate, animasyonlu bir arka plan desenine sahip kutulu bir geni\u015flik tasar\u0131m\u0131na sahiptir. Yatay bir blog listesi stiliyle, renkler ve tipografi i\u00e7in kapsaml\u0131 \u00f6zelle\u015ftirme se\u00e7enekleri sunar. Hafif ve \u0131l\u0131ml\u0131 BlogMate, tek t\u0131klamayla demo i\u00e7e aktar\u0131c\u0131ya sahip \u00f6zelle\u015ftirilebilir bir News Magazine WordPress temas\u0131d\u0131r. Ki\u015fisel ve \u00e7ok yazarl\u0131 blog yazarlar\u0131 i\u00e7in m\u00fckemmel olan bu tema, dinamik haberler, dergiler, bloglar ve yarat\u0131c\u0131 siteler i\u00e7in idealdir. SEO dostu, WPML, Gutenberg, WooCommerce ve RTL haz\u0131r, \u00e7e\u015fitli i\u00e7erik yay\u0131nc\u0131lar\u0131 ve \u00e7evrimi\u00e7i dergiler i\u00e7in uygundur.      <\/p>\n","protected":false},"excerpt":{"rendered":"<p>Bloglo&#8217;nun bir alt temas\u0131 olan BlogMate, animasyonlu bir arka plan desenine sahip kutulu bir geni\u015flik tasar\u0131m\u0131na sahiptir. Yatay bir blog listesi stiliyle, renkler ve tipografi i\u00e7in kapsaml\u0131 \u00f6zelle\u015ftirme se\u00e7enekleri sunar. Hafif ve \u0131l\u0131ml\u0131 BlogMate, tek t\u0131klamayla demo i\u00e7e aktar\u0131c\u0131ya sahip \u00f6zelle\u015ftirilebilir bir News Magazine WordPress temas\u0131d\u0131r. Ki\u015fisel ve \u00e7ok yazarl\u0131 blog yazarlar\u0131 i\u00e7in m\u00fckemmel olan [&hellip;]<\/p>\n","protected":false},"featured_media":12762,"comment_status":"open","ping_status":"closed","template":"","meta":[],"product_brand":[],"product_cat":[1415,1416],"product_tag":[2645,1575,2648,2647,2754,2751,2756,2110,2649,2644,2642,2653,2643,2753,2749,2646,2650,2748,2709,2755],"class_list":{"0":"post-14363","1":"product","2":"type-product","3":"status-publish","4":"has-post-thumbnail","6":"product_cat-temalar","7":"product_cat-wordpress-tr","8":"product_tag-altbilgi-widgetlari","9":"product_tag-blog-tr","10":"product_tag-ceviri-hazir","11":"product_tag-disli-yorumlar","12":"product_tag-editor-stili","13":"product_tag-eglence","14":"product_tag-esnek-baslik","15":"product_tag-haberler","16":"product_tag-iki-sutun","17":"product_tag-one-cikan-gorseller","18":"product_tag-ozel-arka-plan","19":"product_tag-ozel-logo","20":"product_tag-ozel-menu","21":"product_tag-ozel-renkler","22":"product_tag-post-formatlari","23":"product_tag-sag-kenar-cubugu","24":"product_tag-sol-kenar-cubugu","25":"product_tag-tam-genislikte-sablon","26":"product_tag-tema-secenekleri","27":"product_tag-yapiskan-gonderi","29":"first","30":"instock","31":"downloadable","32":"virtual","33":"product-type-simple"},"_links":{"self":[{"href":"https:\/\/hexexist.com\/tr\/wp-json\/wp\/v2\/product\/14363","targetHints":{"allow":["GET"]}}],"collection":[{"href":"https:\/\/hexexist.com\/tr\/wp-json\/wp\/v2\/product"}],"about":[{"href":"https:\/\/hexexist.com\/tr\/wp-json\/wp\/v2\/types\/product"}],"replies":[{"embeddable":true,"href":"https:\/\/hexexist.com\/tr\/wp-json\/wp\/v2\/comments?post=14363"}],"wp:featuredmedia":[{"embeddable":true,"href":"https:\/\/hexexist.com\/tr\/wp-json\/wp\/v2\/media\/12762"}],"wp:attachment":[{"href":"https:\/\/hexexist.com\/tr\/wp-json\/wp\/v2\/media?parent=14363"}],"wp:term":[{"taxonomy":"product_brand","embeddable":true,"href":"https:\/\/hexexist.com\/tr\/wp-json\/wp\/v2\/product_brand?post=14363"},{"taxonomy":"product_cat","embeddable":true,"href":"https:\/\/hexexist.com\/tr\/wp-json\/wp\/v2\/product_cat?post=14363"},{"taxonomy":"product_tag","embeddable":true,"href":"https:\/\/hexexist.com\/tr\/wp-json\/wp\/v2\/product_tag?post=14363"}],"curies":[{"name":"wp","href":"https:\/\/api.w.org\/{rel}","templated":true}]}}