{"id":14364,"date":"2025-10-08T14:07:58","date_gmt":"2025-10-08T14:07:58","guid":{"rendered":"http:\/\/hexexist.com\/product\/ashe\/"},"modified":"2025-10-14T18:16:25","modified_gmt":"2025-10-14T18:16:25","slug":"ashe","status":"publish","type":"product","link":"https:\/\/hexexist.com\/tr\/urun\/ashe\/","title":{"rendered":"Ashe"},"content":{"rendered":"\n<p>Ki\u015fisel ve \u00c7ok Yazarl\u0131 \u00dccretsiz WordPress Blog Temas\u0131. Ki\u015fisel, ya\u015fam tarz\u0131, sa\u011fl\u0131k ve fitness, yemek, yemek pi\u015firme, f\u0131r\u0131nc\u0131l\u0131k, seyahat, g\u00fczellik, moda, d\u00fc\u011f\u00fcn, foto\u011fraf\u00e7\u0131l\u0131k, haberler, al\u0131nt\u0131lar blogu, otomobil blogu, k\u00fc\u00e7\u00fck i\u015fletme web sitesi ve di\u011fer her t\u00fcrl\u00fc harika blog i\u00e7in m\u00fckemmeldir. WooCommerce ma\u011faza (vitrin) deste\u011fi ile minimal, zarif ve mobil uyumlu d\u00fczen ziyaret\u00e7ilerinizi \u015fa\u015f\u0131rtacak ve onlara ilham verecektir. \u0130yi belgelenmi\u015f ve WordPress&#8217;e yeni ba\u015flayanlar i\u00e7in bile kullan\u0131m\u0131 \u00e7ok kolay. Temiz ve Modern Duyarl\u0131 tasar\u0131m, i\u00e7eri\u011finizi tablet, mobil ve retina ekranlarda bile herhangi bir cihazda m\u00fckemmel bir \u015fekilde sergileyecektir. \u00c7ok h\u0131zl\u0131, bir\u00e7ok pop\u00fcler eklenti ile uyumluluk ve tabii ki \u00e7eviri ve RTL (sa\u011fdan sola dil) haz\u0131r, en iyi SEO uygulamalar\u0131 ile kodlanm\u0131\u015ft\u0131r. Tema, Metin ve Resim logosu, Tam Ekran Kayd\u0131r\u0131c\u0131, Ba\u015fl\u0131k resmi, Instagram kayd\u0131r\u0131c\u0131 widget deste\u011fi, altbilgi men\u00fcs\u00fc deste\u011fi, GDPR uyumluluk eklentileri deste\u011fi ve daha bir\u00e7ok \u00f6zelli\u011fe sahiptir. Elementor, Beaver Builder, Visual Composer, SiteOrigin, Divi gibi t\u00fcm b\u00fcy\u00fck s\u00fcr\u00fckle ve b\u0131rak sayfa olu\u015fturucularla m\u00fckemmel \u00e7al\u0131\u015f\u0131r. Size sadece yazmak ve harika olmak kal\u0131yor!          <\/p>\n","protected":false},"excerpt":{"rendered":"<p>Ki\u015fisel ve \u00c7ok Yazarl\u0131 \u00dccretsiz WordPress Blog Temas\u0131. Ki\u015fisel, ya\u015fam tarz\u0131, sa\u011fl\u0131k ve fitness, yemek, yemek pi\u015firme, f\u0131r\u0131nc\u0131l\u0131k, seyahat, g\u00fczellik, moda, d\u00fc\u011f\u00fcn, foto\u011fraf\u00e7\u0131l\u0131k, haberler, al\u0131nt\u0131lar blogu, otomobil blogu, k\u00fc\u00e7\u00fck i\u015fletme web sitesi ve di\u011fer her t\u00fcrl\u00fc harika blog i\u00e7in m\u00fckemmeldir. WooCommerce ma\u011faza (vitrin) deste\u011fi ile minimal, zarif ve mobil uyumlu d\u00fczen ziyaret\u00e7ilerinizi \u015fa\u015f\u0131rtacak ve onlara [&hellip;]<\/p>\n","protected":false},"featured_media":12774,"comment_status":"open","ping_status":"closed","template":"","meta":[],"product_brand":[],"product_cat":[1415,1416],"product_tag":[2645,2651,1575,2648,2647,2747,2756,2649,2644,2642,2758,2653,2643,2753,2750,2646,2650,2748,2709,2764,2755],"class_list":{"0":"post-14364","1":"product","2":"type-product","3":"status-publish","4":"has-post-thumbnail","6":"product_cat-temalar","7":"product_cat-wordpress-tr","8":"product_tag-altbilgi-widgetlari","9":"product_tag-bir-sutun","10":"product_tag-blog-tr","11":"product_tag-ceviri-hazir","12":"product_tag-disli-yorumlar","13":"product_tag-e-ticaret-tr","14":"product_tag-esnek-baslik","15":"product_tag-iki-sutun","16":"product_tag-one-cikan-gorseller","17":"product_tag-ozel-arka-plan","18":"product_tag-ozel-baslik","19":"product_tag-ozel-logo","20":"product_tag-ozel-menu","21":"product_tag-ozel-renkler","22":"product_tag-rtl-dil-destegi","23":"product_tag-sag-kenar-cubugu","24":"product_tag-sol-kenar-cubugu","25":"product_tag-tam-genislikte-sablon","26":"product_tag-tema-secenekleri","27":"product_tag-uc-sutun","28":"product_tag-yapiskan-gonderi","30":"first","31":"instock","32":"downloadable","33":"virtual","34":"product-type-simple"},"_links":{"self":[{"href":"https:\/\/hexexist.com\/tr\/wp-json\/wp\/v2\/product\/14364","targetHints":{"allow":["GET"]}}],"collection":[{"href":"https:\/\/hexexist.com\/tr\/wp-json\/wp\/v2\/product"}],"about":[{"href":"https:\/\/hexexist.com\/tr\/wp-json\/wp\/v2\/types\/product"}],"replies":[{"embeddable":true,"href":"https:\/\/hexexist.com\/tr\/wp-json\/wp\/v2\/comments?post=14364"}],"wp:featuredmedia":[{"embeddable":true,"href":"https:\/\/hexexist.com\/tr\/wp-json\/wp\/v2\/media\/12774"}],"wp:attachment":[{"href":"https:\/\/hexexist.com\/tr\/wp-json\/wp\/v2\/media?parent=14364"}],"wp:term":[{"taxonomy":"product_brand","embeddable":true,"href":"https:\/\/hexexist.com\/tr\/wp-json\/wp\/v2\/product_brand?post=14364"},{"taxonomy":"product_cat","embeddable":true,"href":"https:\/\/hexexist.com\/tr\/wp-json\/wp\/v2\/product_cat?post=14364"},{"taxonomy":"product_tag","embeddable":true,"href":"https:\/\/hexexist.com\/tr\/wp-json\/wp\/v2\/product_tag?post=14364"}],"curies":[{"name":"wp","href":"https:\/\/api.w.org\/{rel}","templated":true}]}}