{"id":14365,"date":"2025-10-08T14:07:52","date_gmt":"2025-10-08T14:07:52","guid":{"rendered":"http:\/\/hexexist.com\/product\/phlox\/"},"modified":"2026-01-30T23:00:46","modified_gmt":"2026-01-30T23:00:46","slug":"phlox","status":"publish","type":"product","link":"https:\/\/hexexist.com\/tr\/urun\/phlox\/","title":{"rendered":"Phlox"},"content":{"rendered":"\n<p>Phlox, blog, portf\u00f6y, i\u015fletme, ajans, haber ve dergi, yemek ve restoran, seyahat ve foto\u011fraf\u00e7\u0131l\u0131\u011f\u0131n yan\u0131 s\u0131ra WooCommerce vitrini de dahil olmak \u00fczere hemen hemen her t\u00fcr web sitesi i\u00e7in m\u00fckemmel, modern, hafif ve \u00f6zelle\u015ftirilebilir bir temad\u0131r. Phlox&#8217;u rakipsiz k\u0131lan, h\u0131zl\u0131, ger\u00e7ekten duyarl\u0131, \u00e7eviriye haz\u0131r, RTL d\u00fczeni, SEO g\u00f6z \u00f6n\u00fcnde bulundurularak olu\u015fturulmu\u015f, profesyonel portf\u00f6y \u00f6zellikleri, 30 \u00f6zel widget ve \u00f6\u011fe, tek t\u0131klamayla i\u00e7e aktarma i\u00e7in 19 demo sitesi, WooCommerce Ready, WPML haz\u0131r,% 100 GDPR uyumlulu\u011fu, d\u00fczenli g\u00fcncellemelerle g\u00fcvenilir ve ayr\u0131ca Elementor, Visual Composer ve SiteOrigin sayfa olu\u015fturucular\u0131 ile entegre edilmi\u015ftir. Phlox, \u00fcnl\u00fc &#8220;Master Slider&#8221; projesinin arkas\u0131ndaki ekip taraf\u0131ndan s\u0131f\u0131rdan tasarlanm\u0131\u015ft\u0131r, bu y\u00fczden rahatlay\u0131n ve iyi bir \u015firket taraf\u0131ndan desteklendi\u011finizden emin olun. Phlox, kullanman\u0131z gereken tek temad\u0131r ve ba\u015fka yere bakman\u0131za gerek yok.     <\/p>\n","protected":false},"excerpt":{"rendered":"<p>Phlox, blog, portf\u00f6y, i\u015fletme, ajans, haber ve dergi, yemek ve restoran, seyahat ve foto\u011fraf\u00e7\u0131l\u0131\u011f\u0131n yan\u0131 s\u0131ra WooCommerce vitrini de dahil olmak \u00fczere hemen hemen her t\u00fcr web sitesi i\u00e7in m\u00fckemmel, modern, hafif ve \u00f6zelle\u015ftirilebilir bir temad\u0131r. Phlox&#8217;u rakipsiz k\u0131lan, h\u0131zl\u0131, ger\u00e7ekten duyarl\u0131, \u00e7eviriye haz\u0131r, RTL d\u00fczeni, SEO g\u00f6z \u00f6n\u00fcnde bulundurularak olu\u015fturulmu\u015f, profesyonel portf\u00f6y \u00f6zellikleri, 30 [&hellip;]<\/p>\n","protected":false},"featured_media":12766,"comment_status":"open","ping_status":"closed","template":"","meta":[],"product_brand":[],"product_cat":[1415,1416],"product_tag":[2645,2651,2648,2647,2765,2747,2754,2649,2761,2760,2644,2653,2643,2753,1702,2749,2646,2650,2748,2709,2764,2755],"class_list":{"0":"post-14365","1":"product","2":"type-product","3":"status-publish","4":"has-post-thumbnail","6":"product_cat-temalar","7":"product_cat-wordpress-tr","8":"product_tag-altbilgi-widgetlari","9":"product_tag-bir-sutun","10":"product_tag-ceviri-hazir","11":"product_tag-disli-yorumlar","12":"product_tag-dort-sutun","13":"product_tag-e-ticaret-tr","14":"product_tag-editor-stili","15":"product_tag-iki-sutun","16":"product_tag-izgara-duzeni","17":"product_tag-one-cikan-gorsel-basligi","18":"product_tag-one-cikan-gorseller","19":"product_tag-ozel-logo","20":"product_tag-ozel-menu","21":"product_tag-ozel-renkler","22":"product_tag-portfoy","23":"product_tag-post-formatlari","24":"product_tag-sag-kenar-cubugu","25":"product_tag-sol-kenar-cubugu","26":"product_tag-tam-genislikte-sablon","27":"product_tag-tema-secenekleri","28":"product_tag-uc-sutun","29":"product_tag-yapiskan-gonderi","31":"first","32":"instock","33":"featured","34":"downloadable","35":"virtual","36":"product-type-simple"},"_links":{"self":[{"href":"https:\/\/hexexist.com\/tr\/wp-json\/wp\/v2\/product\/14365","targetHints":{"allow":["GET"]}}],"collection":[{"href":"https:\/\/hexexist.com\/tr\/wp-json\/wp\/v2\/product"}],"about":[{"href":"https:\/\/hexexist.com\/tr\/wp-json\/wp\/v2\/types\/product"}],"replies":[{"embeddable":true,"href":"https:\/\/hexexist.com\/tr\/wp-json\/wp\/v2\/comments?post=14365"}],"wp:featuredmedia":[{"embeddable":true,"href":"https:\/\/hexexist.com\/tr\/wp-json\/wp\/v2\/media\/12766"}],"wp:attachment":[{"href":"https:\/\/hexexist.com\/tr\/wp-json\/wp\/v2\/media?parent=14365"}],"wp:term":[{"taxonomy":"product_brand","embeddable":true,"href":"https:\/\/hexexist.com\/tr\/wp-json\/wp\/v2\/product_brand?post=14365"},{"taxonomy":"product_cat","embeddable":true,"href":"https:\/\/hexexist.com\/tr\/wp-json\/wp\/v2\/product_cat?post=14365"},{"taxonomy":"product_tag","embeddable":true,"href":"https:\/\/hexexist.com\/tr\/wp-json\/wp\/v2\/product_tag?post=14365"}],"curies":[{"name":"wp","href":"https:\/\/api.w.org\/{rel}","templated":true}]}}