{"id":14366,"date":"2025-10-08T14:07:53","date_gmt":"2025-10-08T14:07:53","guid":{"rendered":"http:\/\/hexexist.com\/product\/ozellestir\/"},"modified":"2025-10-14T18:16:25","modified_gmt":"2025-10-14T18:16:25","slug":"ozellestir","status":"publish","type":"product","link":"https:\/\/hexexist.com\/tr\/urun\/ozellestir\/","title":{"rendered":"\u00d6zelle\u015ftir"},"content":{"rendered":"\n<p>Customify, SEO, h\u0131z ve kullan\u0131labilirlik g\u00f6z \u00f6n\u00fcnde bulundurularak olu\u015fturulmu\u015f h\u0131zl\u0131, hafif, duyarl\u0131 ve s\u00fcper esnek \u00e7ok ama\u00e7l\u0131 bir temad\u0131r. Bu tema i\u00e7in \u00f6zel olarak olu\u015fturulmu\u015f ger\u00e7ek bir WYSIWYG \u00dcstbilgi ve Altbilgi olu\u015fturucu (WordPress \u00d6zelle\u015ftirici i\u00e7inde) ile hayal g\u00fcc\u00fcn\u00fcz\u00fcn g\u00fcc\u00fcn\u00fc ortaya \u00e7\u0131kar\u0131n. Tema, Elementor, Beaver Builder, SiteOrigin, Thrive Architect, Divi, Visual Composer gibi favori sayfa olu\u015fturucular\u0131n\u0131zdan herhangi biriyle harika \u00e7al\u0131\u015f\u0131r. \u00dcstbilgi ve Altbilgi olu\u015fturucu ile birlikte, ma\u011faza, i\u015f ajanslar\u0131, kurumsal, portf\u00f6y, e\u011fitim, \u00fcniversite portal\u0131, dan\u0131\u015fmanl\u0131k, kilise, restoran, t\u0131bbi ve benzeri her t\u00fcrl\u00fc web sitesini olu\u015fturabilirsiniz. Customify, WooCommerce, OrbitFox, Yoast, BuddyPress, bbPress gibi b\u00fcy\u00fck eklentiler de dahil olmak \u00fczere t\u00fcm iyi kodlanm\u0131\u015f eklentilerle uyumludur.      <\/p>\n","protected":false},"excerpt":{"rendered":"<p>Customify, SEO, h\u0131z ve kullan\u0131labilirlik g\u00f6z \u00f6n\u00fcnde bulundurularak olu\u015fturulmu\u015f h\u0131zl\u0131, hafif, duyarl\u0131 ve s\u00fcper esnek \u00e7ok ama\u00e7l\u0131 bir temad\u0131r. Bu tema i\u00e7in \u00f6zel olarak olu\u015fturulmu\u015f ger\u00e7ek bir WYSIWYG \u00dcstbilgi ve Altbilgi olu\u015fturucu (WordPress \u00d6zelle\u015ftirici i\u00e7inde) ile hayal g\u00fcc\u00fcn\u00fcz\u00fcn g\u00fcc\u00fcn\u00fc ortaya \u00e7\u0131kar\u0131n. Tema, Elementor, Beaver Builder, SiteOrigin, Thrive Architect, Divi, Visual Composer gibi favori sayfa olu\u015fturucular\u0131n\u0131zdan [&hellip;]<\/p>\n","protected":false},"featured_media":12768,"comment_status":"open","ping_status":"closed","template":"","meta":[],"product_brand":[],"product_cat":[1415,1416],"product_tag":[2645,2651,1575,2648,2647,2747,2756,2649,2644,2642,2653,2643,2646,2650,2748,2709,2764,2755],"class_list":{"0":"post-14366","1":"product","2":"type-product","3":"status-publish","4":"has-post-thumbnail","6":"product_cat-temalar","7":"product_cat-wordpress-tr","8":"product_tag-altbilgi-widgetlari","9":"product_tag-bir-sutun","10":"product_tag-blog-tr","11":"product_tag-ceviri-hazir","12":"product_tag-disli-yorumlar","13":"product_tag-e-ticaret-tr","14":"product_tag-esnek-baslik","15":"product_tag-iki-sutun","16":"product_tag-one-cikan-gorseller","17":"product_tag-ozel-arka-plan","18":"product_tag-ozel-logo","19":"product_tag-ozel-menu","20":"product_tag-sag-kenar-cubugu","21":"product_tag-sol-kenar-cubugu","22":"product_tag-tam-genislikte-sablon","23":"product_tag-tema-secenekleri","24":"product_tag-uc-sutun","25":"product_tag-yapiskan-gonderi","27":"first","28":"instock","29":"downloadable","30":"virtual","31":"product-type-simple"},"_links":{"self":[{"href":"https:\/\/hexexist.com\/tr\/wp-json\/wp\/v2\/product\/14366","targetHints":{"allow":["GET"]}}],"collection":[{"href":"https:\/\/hexexist.com\/tr\/wp-json\/wp\/v2\/product"}],"about":[{"href":"https:\/\/hexexist.com\/tr\/wp-json\/wp\/v2\/types\/product"}],"replies":[{"embeddable":true,"href":"https:\/\/hexexist.com\/tr\/wp-json\/wp\/v2\/comments?post=14366"}],"wp:featuredmedia":[{"embeddable":true,"href":"https:\/\/hexexist.com\/tr\/wp-json\/wp\/v2\/media\/12768"}],"wp:attachment":[{"href":"https:\/\/hexexist.com\/tr\/wp-json\/wp\/v2\/media?parent=14366"}],"wp:term":[{"taxonomy":"product_brand","embeddable":true,"href":"https:\/\/hexexist.com\/tr\/wp-json\/wp\/v2\/product_brand?post=14366"},{"taxonomy":"product_cat","embeddable":true,"href":"https:\/\/hexexist.com\/tr\/wp-json\/wp\/v2\/product_cat?post=14366"},{"taxonomy":"product_tag","embeddable":true,"href":"https:\/\/hexexist.com\/tr\/wp-json\/wp\/v2\/product_tag?post=14366"}],"curies":[{"name":"wp","href":"https:\/\/api.w.org\/{rel}","templated":true}]}}