{"id":14368,"date":"2025-10-08T14:07:58","date_gmt":"2025-10-08T14:07:58","guid":{"rendered":"http:\/\/hexexist.com\/product\/shopmighty\/"},"modified":"2025-10-14T18:16:26","modified_gmt":"2025-10-14T18:16:26","slug":"shopmighty","status":"publish","type":"product","link":"https:\/\/hexexist.com\/tr\/urun\/shopmighty\/","title":{"rendered":"Shopmighty"},"content":{"rendered":"\n<p>Shopmighty, online ma\u011fazan\u0131z\u0131 zahmetsizce a\u00e7man\u0131z i\u00e7in tasarlanm\u0131\u015f minimal, temiz ve \u00e7ok y\u00f6nl\u00fc bir WooCommerce temas\u0131d\u0131r. Bir Tam Site D\u00fczenleme (FSE) temas\u0131 olmas\u0131na ra\u011fmen, web sitenizin her k\u00f6\u015fesini s\u0131n\u0131rlama olmaks\u0131z\u0131n \u00f6zelle\u015ftirmenize olanak tan\u0131yarak \u00fcstbilgi, altbilgi, blog, ma\u011faza katalo\u011fu veya t\u00fcm site olsun, markan\u0131z\u0131n m\u00fckemmel uyumunu ve tasar\u0131m d\u00fczenini elde etmenizi kolayla\u015ft\u0131r\u0131r. Moda ve giyim, g\u00fczellik ve cilt bak\u0131m\u0131, elektronik ve ak\u0131ll\u0131 ara\u00e7lar, ev dekorasyonu ve mobilya, donan\u0131m ve ara\u00e7lar, market ve g\u0131da, fitness ve spor malzemeleri, m\u00fccevher ve aksesuarlar, evcil hayvan malzemeleri, kitaplar ve k\u0131rtasiye malzemeleri, otomotiv par\u00e7alar\u0131, bebek ve \u00e7ocuk \u00fcr\u00fcnleri ve di\u011fer t\u00fcm e-ticaret alanlar\u0131 dahil olmak \u00fczere \u00e7e\u015fitli \u00e7evrimi\u00e7i ma\u011fazalar i\u00e7in uygundur. Shopmighty, tek t\u0131kla demo i\u00e7e aktarma se\u00e7ene\u011fi ile kullan\u0131ma haz\u0131r \u00f6nceden olu\u015fturulmu\u015f b\u00f6l\u00fcmler, \u015fablonlar ve ba\u015flang\u0131\u00e7 sitesi demolar\u0131 sunarak ma\u011fazan\u0131z\u0131 zahmetsizce kurman\u0131z\u0131 sa\u011flar.   <\/p>\n","protected":false},"excerpt":{"rendered":"<p>Shopmighty, online ma\u011fazan\u0131z\u0131 zahmetsizce a\u00e7man\u0131z i\u00e7in tasarlanm\u0131\u015f minimal, temiz ve \u00e7ok y\u00f6nl\u00fc bir WooCommerce temas\u0131d\u0131r. Bir Tam Site D\u00fczenleme (FSE) temas\u0131 olmas\u0131na ra\u011fmen, web sitenizin her k\u00f6\u015fesini s\u0131n\u0131rlama olmaks\u0131z\u0131n \u00f6zelle\u015ftirmenize olanak tan\u0131yarak \u00fcstbilgi, altbilgi, blog, ma\u011faza katalo\u011fu veya t\u00fcm site olsun, markan\u0131z\u0131n m\u00fckemmel uyumunu ve tasar\u0131m d\u00fczenini elde etmenizi kolayla\u015ft\u0131r\u0131r. Moda ve giyim, g\u00fczellik ve [&hellip;]<\/p>\n","protected":false},"featured_media":12772,"comment_status":"open","ping_status":"closed","template":"","meta":[],"product_brand":[],"product_cat":[1415,1416],"product_tag":[2651,1575,2652,2641,2654,2648,2647,2747,2754,2644,2642,2653,2643,2753,2750,2748],"class_list":{"0":"post-14368","1":"product","2":"type-product","3":"status-publish","4":"has-post-thumbnail","6":"product_cat-temalar","7":"product_cat-wordpress-tr","8":"product_tag-bir-sutun","9":"product_tag-blog-tr","10":"product_tag-blok-duzenleyici-kaliplari","11":"product_tag-blok-duzenleyici-stilleri","12":"product_tag-blok-temalari","13":"product_tag-ceviri-hazir","14":"product_tag-disli-yorumlar","15":"product_tag-e-ticaret-tr","16":"product_tag-editor-stili","17":"product_tag-one-cikan-gorseller","18":"product_tag-ozel-arka-plan","19":"product_tag-ozel-logo","20":"product_tag-ozel-menu","21":"product_tag-ozel-renkler","22":"product_tag-rtl-dil-destegi","23":"product_tag-tam-genislikte-sablon","25":"first","26":"instock","27":"downloadable","28":"virtual","29":"product-type-simple"},"_links":{"self":[{"href":"https:\/\/hexexist.com\/tr\/wp-json\/wp\/v2\/product\/14368","targetHints":{"allow":["GET"]}}],"collection":[{"href":"https:\/\/hexexist.com\/tr\/wp-json\/wp\/v2\/product"}],"about":[{"href":"https:\/\/hexexist.com\/tr\/wp-json\/wp\/v2\/types\/product"}],"replies":[{"embeddable":true,"href":"https:\/\/hexexist.com\/tr\/wp-json\/wp\/v2\/comments?post=14368"}],"wp:featuredmedia":[{"embeddable":true,"href":"https:\/\/hexexist.com\/tr\/wp-json\/wp\/v2\/media\/12772"}],"wp:attachment":[{"href":"https:\/\/hexexist.com\/tr\/wp-json\/wp\/v2\/media?parent=14368"}],"wp:term":[{"taxonomy":"product_brand","embeddable":true,"href":"https:\/\/hexexist.com\/tr\/wp-json\/wp\/v2\/product_brand?post=14368"},{"taxonomy":"product_cat","embeddable":true,"href":"https:\/\/hexexist.com\/tr\/wp-json\/wp\/v2\/product_cat?post=14368"},{"taxonomy":"product_tag","embeddable":true,"href":"https:\/\/hexexist.com\/tr\/wp-json\/wp\/v2\/product_tag?post=14368"}],"curies":[{"name":"wp","href":"https:\/\/api.w.org\/{rel}","templated":true}]}}