{"id":14369,"date":"2025-10-08T14:07:54","date_gmt":"2025-10-08T14:07:54","guid":{"rendered":"http:\/\/hexexist.com\/product\/centralnews\/"},"modified":"2025-10-14T18:16:26","modified_gmt":"2025-10-14T18:16:26","slug":"centralnews","status":"publish","type":"product","link":"https:\/\/hexexist.com\/tr\/urun\/centralnews\/","title":{"rendered":"CentralNews"},"content":{"rendered":"\n<p>CentralNews haber, blog ve dergi web siteleri i\u00e7in tasarlanm\u0131\u015f kullan\u0131c\u0131 dostu bir WordPress temas\u0131d\u0131r. Tek t\u0131klamayla demo i\u00e7e aktarma \u00f6zelli\u011fiyle sitenizi h\u0131zl\u0131ca kurman\u0131z\u0131 ve 9+ \u00f6zel widget kullanarak i\u00e7eri\u011fi kolayca y\u00f6netmenizi sa\u011flar. Tema, \u00e7e\u015fitli afi\u015fler, a\u00e7\u0131k \/ koyu mod gibi \u015f\u0131k se\u00e7enekler sunar ve canl\u0131 \u00f6zelle\u015ftirici arac\u0131l\u0131\u011f\u0131yla \u00f6zelle\u015ftirilebilir. RTL dillerini destekleyen ve Elementor, Gutenberg bloklar\u0131 ve WooCommerce ile uyumlu olan tema, \u00e7evrimi\u00e7i bir ma\u011fazan\u0131n sorunsuz entegrasyonuna bile izin veriyor. CentralNews arama motorlar\u0131 i\u00e7in optimize edilmi\u015ftir ve \u00f6zel destek ile birlikte gelir.      <\/p>\n","protected":false},"excerpt":{"rendered":"<p>CentralNews haber, blog ve dergi web siteleri i\u00e7in tasarlanm\u0131\u015f kullan\u0131c\u0131 dostu bir WordPress temas\u0131d\u0131r. Tek t\u0131klamayla demo i\u00e7e aktarma \u00f6zelli\u011fiyle sitenizi h\u0131zl\u0131ca kurman\u0131z\u0131 ve 9+ \u00f6zel widget kullanarak i\u00e7eri\u011fi kolayca y\u00f6netmenizi sa\u011flar. Tema, \u00e7e\u015fitli afi\u015fler, a\u00e7\u0131k \/ koyu mod gibi \u015f\u0131k se\u00e7enekler sunar ve canl\u0131 \u00f6zelle\u015ftirici arac\u0131l\u0131\u011f\u0131yla \u00f6zelle\u015ftirilebilir. RTL dillerini destekleyen ve Elementor, Gutenberg bloklar\u0131 [&hellip;]<\/p>\n","protected":false},"featured_media":10162,"comment_status":"open","ping_status":"closed","template":"","meta":[],"product_brand":[],"product_cat":[1415,1416],"product_tag":[2645,2651,1575,2652,2641,2648,2647,2765,2751,2756,2110,2649,2761,2644,2642,2758,2653,2643,2753,2749,2750,2646,2650,2748,2709,2764],"class_list":{"0":"post-14369","1":"product","2":"type-product","3":"status-publish","4":"has-post-thumbnail","6":"product_cat-temalar","7":"product_cat-wordpress-tr","8":"product_tag-altbilgi-widgetlari","9":"product_tag-bir-sutun","10":"product_tag-blog-tr","11":"product_tag-blok-duzenleyici-kaliplari","12":"product_tag-blok-duzenleyici-stilleri","13":"product_tag-ceviri-hazir","14":"product_tag-disli-yorumlar","15":"product_tag-dort-sutun","16":"product_tag-eglence","17":"product_tag-esnek-baslik","18":"product_tag-haberler","19":"product_tag-iki-sutun","20":"product_tag-izgara-duzeni","21":"product_tag-one-cikan-gorseller","22":"product_tag-ozel-arka-plan","23":"product_tag-ozel-baslik","24":"product_tag-ozel-logo","25":"product_tag-ozel-menu","26":"product_tag-ozel-renkler","27":"product_tag-post-formatlari","28":"product_tag-rtl-dil-destegi","29":"product_tag-sag-kenar-cubugu","30":"product_tag-sol-kenar-cubugu","31":"product_tag-tam-genislikte-sablon","32":"product_tag-tema-secenekleri","33":"product_tag-uc-sutun","35":"first","36":"instock","37":"downloadable","38":"virtual","39":"product-type-simple"},"_links":{"self":[{"href":"https:\/\/hexexist.com\/tr\/wp-json\/wp\/v2\/product\/14369","targetHints":{"allow":["GET"]}}],"collection":[{"href":"https:\/\/hexexist.com\/tr\/wp-json\/wp\/v2\/product"}],"about":[{"href":"https:\/\/hexexist.com\/tr\/wp-json\/wp\/v2\/types\/product"}],"replies":[{"embeddable":true,"href":"https:\/\/hexexist.com\/tr\/wp-json\/wp\/v2\/comments?post=14369"}],"wp:featuredmedia":[{"embeddable":true,"href":"https:\/\/hexexist.com\/tr\/wp-json\/wp\/v2\/media\/10162"}],"wp:attachment":[{"href":"https:\/\/hexexist.com\/tr\/wp-json\/wp\/v2\/media?parent=14369"}],"wp:term":[{"taxonomy":"product_brand","embeddable":true,"href":"https:\/\/hexexist.com\/tr\/wp-json\/wp\/v2\/product_brand?post=14369"},{"taxonomy":"product_cat","embeddable":true,"href":"https:\/\/hexexist.com\/tr\/wp-json\/wp\/v2\/product_cat?post=14369"},{"taxonomy":"product_tag","embeddable":true,"href":"https:\/\/hexexist.com\/tr\/wp-json\/wp\/v2\/product_tag?post=14369"}],"curies":[{"name":"wp","href":"https:\/\/api.w.org\/{rel}","templated":true}]}}