{"id":14371,"date":"2025-10-08T14:07:56","date_gmt":"2025-10-08T14:07:56","guid":{"rendered":"http:\/\/hexexist.com\/product\/multiflex\/"},"modified":"2025-10-14T18:16:26","modified_gmt":"2025-10-14T18:16:26","slug":"multiflex","status":"publish","type":"product","link":"https:\/\/hexexist.com\/tr\/urun\/multiflex\/","title":{"rendered":"Multiflex"},"content":{"rendered":"\n<p>Multiflex &#8211; benzersiz esneklik ve \u00e7ok y\u00f6nl\u00fcl\u00fck sunan tam site d\u00fczenleme ile g\u00fc\u00e7lendirilmi\u015f nihai WordPress temas\u0131! Kullan\u0131c\u0131 dostu tasar\u0131m\u0131 ve \u00e7ok say\u0131da \u00f6zelle\u015ftirilebilir deseniyle web sitenizi yeni zirvelere ta\u015f\u0131y\u0131n. Multiflex ile zahmetsizce \u00e7arp\u0131c\u0131 ve benzersiz bir \u00e7evrimi\u00e7i varl\u0131k olu\u015fturabilirsiniz. Kullan\u0131m\u0131 kolay 16 \u00f6zelle\u015ftirilebilir desenle i\u00e7eri\u011finizi \u015f\u0131k bir \u015fekilde sergileyin ve marka kimli\u011finize uygun \u00e7ok \u00e7e\u015fitli renk \u015femalar\u0131 aras\u0131ndan se\u00e7im yap\u0131n. Bu duyarl\u0131 ve mobil dostu tema, ziyaret\u00e7ileriniz i\u00e7in t\u00fcm cihazlarda sorunsuz bir deneyim sa\u011flar. \u0130ster masa\u00fcst\u00fcnde, ister tablette, ister ak\u0131ll\u0131 telefonda olsunlar, web siteniz kusursuz g\u00f6r\u00fcnecek. D\u00fczenli g\u00fcncellemeler ve ekibimizin \u00f6zel deste\u011fi ile bir ad\u0131m \u00f6nde olun. Multiflex ile web sitenizin ger\u00e7ek potansiyelini ortaya \u00e7\u0131kar\u0131n. \u015eimdi indirin ve yarat\u0131c\u0131l\u0131k ve ba\u015far\u0131 yolculu\u011funa \u00e7\u0131k\u0131n!          <\/p>\n","protected":false},"excerpt":{"rendered":"<p>Multiflex &#8211; benzersiz esneklik ve \u00e7ok y\u00f6nl\u00fcl\u00fck sunan tam site d\u00fczenleme ile g\u00fc\u00e7lendirilmi\u015f nihai WordPress temas\u0131! Kullan\u0131c\u0131 dostu tasar\u0131m\u0131 ve \u00e7ok say\u0131da \u00f6zelle\u015ftirilebilir deseniyle web sitenizi yeni zirvelere ta\u015f\u0131y\u0131n. Multiflex ile zahmetsizce \u00e7arp\u0131c\u0131 ve benzersiz bir \u00e7evrimi\u00e7i varl\u0131k olu\u015fturabilirsiniz. Kullan\u0131m\u0131 kolay 16 \u00f6zelle\u015ftirilebilir desenle i\u00e7eri\u011finizi \u015f\u0131k bir \u015fekilde sergileyin ve marka kimli\u011finize uygun \u00e7ok \u00e7e\u015fitli [&hellip;]<\/p>\n","protected":false},"featured_media":12770,"comment_status":"open","ping_status":"closed","template":"","meta":[],"product_brand":[],"product_cat":[1415,1416],"product_tag":[2651,2652,2654,2647,2754,2644,2653,2643,2753,2750,2755],"class_list":{"0":"post-14371","1":"product","2":"type-product","3":"status-publish","4":"has-post-thumbnail","6":"product_cat-temalar","7":"product_cat-wordpress-tr","8":"product_tag-bir-sutun","9":"product_tag-blok-duzenleyici-kaliplari","10":"product_tag-blok-temalari","11":"product_tag-disli-yorumlar","12":"product_tag-editor-stili","13":"product_tag-one-cikan-gorseller","14":"product_tag-ozel-logo","15":"product_tag-ozel-menu","16":"product_tag-ozel-renkler","17":"product_tag-rtl-dil-destegi","18":"product_tag-yapiskan-gonderi","20":"first","21":"instock","22":"downloadable","23":"virtual","24":"product-type-simple"},"_links":{"self":[{"href":"https:\/\/hexexist.com\/tr\/wp-json\/wp\/v2\/product\/14371","targetHints":{"allow":["GET"]}}],"collection":[{"href":"https:\/\/hexexist.com\/tr\/wp-json\/wp\/v2\/product"}],"about":[{"href":"https:\/\/hexexist.com\/tr\/wp-json\/wp\/v2\/types\/product"}],"replies":[{"embeddable":true,"href":"https:\/\/hexexist.com\/tr\/wp-json\/wp\/v2\/comments?post=14371"}],"wp:featuredmedia":[{"embeddable":true,"href":"https:\/\/hexexist.com\/tr\/wp-json\/wp\/v2\/media\/12770"}],"wp:attachment":[{"href":"https:\/\/hexexist.com\/tr\/wp-json\/wp\/v2\/media?parent=14371"}],"wp:term":[{"taxonomy":"product_brand","embeddable":true,"href":"https:\/\/hexexist.com\/tr\/wp-json\/wp\/v2\/product_brand?post=14371"},{"taxonomy":"product_cat","embeddable":true,"href":"https:\/\/hexexist.com\/tr\/wp-json\/wp\/v2\/product_cat?post=14371"},{"taxonomy":"product_tag","embeddable":true,"href":"https:\/\/hexexist.com\/tr\/wp-json\/wp\/v2\/product_tag?post=14371"}],"curies":[{"name":"wp","href":"https:\/\/api.w.org\/{rel}","templated":true}]}}