{"id":14372,"date":"2025-10-08T14:07:57","date_gmt":"2025-10-08T14:07:57","guid":{"rendered":"http:\/\/hexexist.com\/product\/fikir-akisi\/"},"modified":"2025-10-14T18:16:26","modified_gmt":"2025-10-14T18:16:26","slug":"fikir-akisi","status":"publish","type":"product","link":"https:\/\/hexexist.com\/tr\/urun\/fikir-akisi\/","title":{"rendered":"Fikir Ak\u0131\u015f\u0131"},"content":{"rendered":"\n<p>Idea Flow, bir \u015firket, ajans veya i\u015fletme iseniz sizin i\u00e7in m\u00fckemmel bir WordPress temas\u0131d\u0131r, ayr\u0131ca a\u00e7\u0131l\u0131\u015f sayfalar\u0131, tek sayfalar ve blog yazarlar\u0131 i\u00e7in yeterince \u00e7ok y\u00f6nl\u00fcd\u00fcr. Gutenberg Block Editor, Brizy Page Builder, Elementor Website Builder veya Divi Builder ile olu\u015fturun. Idea Flow, web sitesi olu\u015fturman\u0131z\u0131n hem kolay hem de h\u0131zl\u0131 olmas\u0131n\u0131 sa\u011flar. AdSense ve banner reklamlar\u0131 destekledi\u011fi ve kenar \u00e7ubu\u011fu \u015fablonlu bir bloga sahip oldu\u011fu i\u00e7in pazarlama, e-ticaret ve ba\u011fl\u0131 kurulu\u015f inceleme web siteleri i\u00e7in m\u00fckemmeldir. Temiz, minimalist bir tasar\u0131ma sahip olan Idea Flow, yeni ba\u015flayanlar, kurumsal i\u015fletmeler, yazarlar ve yarat\u0131c\u0131 ajanslar i\u00e7in en iyi se\u00e7imdir. Tamamen duyarl\u0131 ve mobil uyumludur, sitenizin her cihazda harika g\u00f6r\u00fcnmesini sa\u011flar. Tema Gutenberg ve WooCommerce&#8217;e haz\u0131r oldu\u011fundan foto\u011fraf\u00e7\u0131l\u0131k, blog, yaz\u0131, haber, dergi veya gazete siteleri i\u00e7in idealdir. Idea Flow, yerle\u015fik \u015fema i\u015faretleme uyumlulu\u011fu ile SEO&#8217;nuzu art\u0131rarak arama motorlar\u0131nda daha \u00fcst s\u0131ralarda yer alman\u0131za yard\u0131mc\u0131 olur. \u0130ster yazar, ister foto\u011fraf\u00e7\u0131 olun ya da bir portf\u00f6y i\u015fletiyor olun, bu tema profesyonel bir web sitesi olu\u015fturman\u0131n h\u0131zl\u0131 ve basit bir yoludur. Harika bir k\u0131rm\u0131z\u0131 ve mavi renk \u015femas\u0131na sahip Art\u0131, karanl\u0131k mod ve \u00fccretsiz! D\u00f6n\u00fc\u015f\u00fcm\u00fc kolayla\u015ft\u0131ran minimal tema Idea Flow ile i\u015finizi geli\u015ftirin.          <\/p>\n","protected":false},"excerpt":{"rendered":"<p>Idea Flow, bir \u015firket, ajans veya i\u015fletme iseniz sizin i\u00e7in m\u00fckemmel bir WordPress temas\u0131d\u0131r, ayr\u0131ca a\u00e7\u0131l\u0131\u015f sayfalar\u0131, tek sayfalar ve blog yazarlar\u0131 i\u00e7in yeterince \u00e7ok y\u00f6nl\u00fcd\u00fcr. Gutenberg Block Editor, Brizy Page Builder, Elementor Website Builder veya Divi Builder ile olu\u015fturun. Idea Flow, web sitesi olu\u015fturman\u0131z\u0131n hem kolay hem de h\u0131zl\u0131 olmas\u0131n\u0131 sa\u011flar. AdSense ve banner [&hellip;]<\/p>\n","protected":false},"featured_media":12771,"comment_status":"open","ping_status":"closed","template":"","meta":[],"product_brand":[],"product_cat":[1415,1416],"product_tag":[2645,2651,1575,2652,2641,2654,2648,2647,2754,2751,2110,2649,2760,2644,2642,2758,2653,2643,2753,2763,2757,2748,2755],"class_list":{"0":"post-14372","1":"product","2":"type-product","3":"status-publish","4":"has-post-thumbnail","6":"product_cat-temalar","7":"product_cat-wordpress-tr","8":"product_tag-altbilgi-widgetlari","9":"product_tag-bir-sutun","10":"product_tag-blog-tr","11":"product_tag-blok-duzenleyici-kaliplari","12":"product_tag-blok-duzenleyici-stilleri","13":"product_tag-blok-temalari","14":"product_tag-ceviri-hazir","15":"product_tag-disli-yorumlar","16":"product_tag-editor-stili","17":"product_tag-eglence","18":"product_tag-haberler","19":"product_tag-iki-sutun","20":"product_tag-one-cikan-gorsel-basligi","21":"product_tag-one-cikan-gorseller","22":"product_tag-ozel-arka-plan","23":"product_tag-ozel-baslik","24":"product_tag-ozel-logo","25":"product_tag-ozel-menu","26":"product_tag-ozel-renkler","27":"product_tag-sablon-duzenleme","28":"product_tag-stil-varyasyonlari","29":"product_tag-tam-genislikte-sablon","30":"product_tag-yapiskan-gonderi","32":"first","33":"instock","34":"downloadable","35":"virtual","36":"product-type-simple"},"_links":{"self":[{"href":"https:\/\/hexexist.com\/tr\/wp-json\/wp\/v2\/product\/14372","targetHints":{"allow":["GET"]}}],"collection":[{"href":"https:\/\/hexexist.com\/tr\/wp-json\/wp\/v2\/product"}],"about":[{"href":"https:\/\/hexexist.com\/tr\/wp-json\/wp\/v2\/types\/product"}],"replies":[{"embeddable":true,"href":"https:\/\/hexexist.com\/tr\/wp-json\/wp\/v2\/comments?post=14372"}],"wp:featuredmedia":[{"embeddable":true,"href":"https:\/\/hexexist.com\/tr\/wp-json\/wp\/v2\/media\/12771"}],"wp:attachment":[{"href":"https:\/\/hexexist.com\/tr\/wp-json\/wp\/v2\/media?parent=14372"}],"wp:term":[{"taxonomy":"product_brand","embeddable":true,"href":"https:\/\/hexexist.com\/tr\/wp-json\/wp\/v2\/product_brand?post=14372"},{"taxonomy":"product_cat","embeddable":true,"href":"https:\/\/hexexist.com\/tr\/wp-json\/wp\/v2\/product_cat?post=14372"},{"taxonomy":"product_tag","embeddable":true,"href":"https:\/\/hexexist.com\/tr\/wp-json\/wp\/v2\/product_tag?post=14372"}],"curies":[{"name":"wp","href":"https:\/\/api.w.org\/{rel}","templated":true}]}}