{"id":14373,"date":"2025-10-08T14:08:00","date_gmt":"2025-10-08T14:08:00","guid":{"rendered":"http:\/\/hexexist.com\/product\/neve-fse\/"},"modified":"2025-10-14T18:16:26","modified_gmt":"2025-10-14T18:16:26","slug":"neve-fse","status":"publish","type":"product","link":"https:\/\/hexexist.com\/tr\/urun\/neve-fse\/","title":{"rendered":"Neve FSE"},"content":{"rendered":"\n<p>Neve FSE, geriye d\u00f6n\u00fck uyumluluk kodu olmadan tam site d\u00fczenlemesine tam h\u0131zda gitmeye haz\u0131r olanlar i\u00e7in Neve&#8217;nin deneysel bir karde\u015f temas\u0131d\u0131r.Neve FSE, tam site d\u00fczenlemesiyle tamamen uyumlu modern, minimalist bir temad\u0131r, basit tasar\u0131m i\u00e7in m\u00fckemmel k\u0131lan bir dizi desen sunar, bloglar, k\u00fc\u00e7\u00fck i\u015fletmeler, giri\u015fimler, ajanslar, firmalar, e-ticaret ma\u011fazalar\u0131, ki\u015fisel portf\u00f6y siteleri ve daha fazlas\u0131 dahil olmak \u00fczere \u00e7ok \u00e7e\u015fitli ama\u00e7lar i\u00e7in uygundur. Ayr\u0131ca benzersiz esteti\u011finize uyacak \u00e7e\u015fitli stil varyasyonlar\u0131 ile birlikte gelir. <\/p>\n","protected":false},"excerpt":{"rendered":"<p>Neve FSE, geriye d\u00f6n\u00fck uyumluluk kodu olmadan tam site d\u00fczenlemesine tam h\u0131zda gitmeye haz\u0131r olanlar i\u00e7in Neve&#8217;nin deneysel bir karde\u015f temas\u0131d\u0131r.Neve FSE, tam site d\u00fczenlemesiyle tamamen uyumlu modern, minimalist bir temad\u0131r, basit tasar\u0131m i\u00e7in m\u00fckemmel k\u0131lan bir dizi desen sunar, bloglar, k\u00fc\u00e7\u00fck i\u015fletmeler, giri\u015fimler, ajanslar, firmalar, e-ticaret ma\u011fazalar\u0131, ki\u015fisel portf\u00f6y siteleri ve daha fazlas\u0131 dahil [&hellip;]<\/p>\n","protected":false},"featured_media":12776,"comment_status":"open","ping_status":"closed","template":"","meta":[],"product_brand":[],"product_cat":[1415,1416],"product_tag":[2651,2652,2654,2647,2747,2754,2644,2653,2643,2753,2750,2755],"class_list":{"0":"post-14373","1":"product","2":"type-product","3":"status-publish","4":"has-post-thumbnail","6":"product_cat-temalar","7":"product_cat-wordpress-tr","8":"product_tag-bir-sutun","9":"product_tag-blok-duzenleyici-kaliplari","10":"product_tag-blok-temalari","11":"product_tag-disli-yorumlar","12":"product_tag-e-ticaret-tr","13":"product_tag-editor-stili","14":"product_tag-one-cikan-gorseller","15":"product_tag-ozel-logo","16":"product_tag-ozel-menu","17":"product_tag-ozel-renkler","18":"product_tag-rtl-dil-destegi","19":"product_tag-yapiskan-gonderi","21":"first","22":"instock","23":"downloadable","24":"virtual","25":"product-type-simple"},"_links":{"self":[{"href":"https:\/\/hexexist.com\/tr\/wp-json\/wp\/v2\/product\/14373","targetHints":{"allow":["GET"]}}],"collection":[{"href":"https:\/\/hexexist.com\/tr\/wp-json\/wp\/v2\/product"}],"about":[{"href":"https:\/\/hexexist.com\/tr\/wp-json\/wp\/v2\/types\/product"}],"replies":[{"embeddable":true,"href":"https:\/\/hexexist.com\/tr\/wp-json\/wp\/v2\/comments?post=14373"}],"wp:featuredmedia":[{"embeddable":true,"href":"https:\/\/hexexist.com\/tr\/wp-json\/wp\/v2\/media\/12776"}],"wp:attachment":[{"href":"https:\/\/hexexist.com\/tr\/wp-json\/wp\/v2\/media?parent=14373"}],"wp:term":[{"taxonomy":"product_brand","embeddable":true,"href":"https:\/\/hexexist.com\/tr\/wp-json\/wp\/v2\/product_brand?post=14373"},{"taxonomy":"product_cat","embeddable":true,"href":"https:\/\/hexexist.com\/tr\/wp-json\/wp\/v2\/product_cat?post=14373"},{"taxonomy":"product_tag","embeddable":true,"href":"https:\/\/hexexist.com\/tr\/wp-json\/wp\/v2\/product_tag?post=14373"}],"curies":[{"name":"wp","href":"https:\/\/api.w.org\/{rel}","templated":true}]}}