{"id":14374,"date":"2025-10-08T14:08:05","date_gmt":"2025-10-08T14:08:05","guid":{"rendered":"http:\/\/hexexist.com\/product\/colormag\/"},"modified":"2025-10-14T18:16:37","modified_gmt":"2025-10-14T18:16:37","slug":"colormag","status":"publish","type":"product","link":"https:\/\/hexexist.com\/tr\/urun\/colormag\/","title":{"rendered":"ColorMag"},"content":{"rendered":"\n<p>Dergi, haber ve blog WordPress temalar\u0131 s\u00f6z konusu oldu\u011funda ColorMag her zaman en iyi se\u00e7imdir. Haber portallar\u0131, \u00e7evrimi\u00e7i dergiler ve yay\u0131nc\u0131l\u0131k siteleri i\u00e7in zarif ve modern web siteleri olu\u015fturabilirsiniz. ColorMag&#8217;in sa\u011fl\u0131k, g\u0131da, e\u011flence, spor ve moda sekt\u00f6rlerine y\u00f6nelik 8&#8217;den fazla \u00fccretsiz ba\u015flang\u0131\u00e7 demosuyla dergi tarz\u0131 bir web sitesi olu\u015fturmak \u00e7ok kolay. Hepsinden iyisi, ColorMag WordPress temas\u0131 d\u00fczeninde birden fazla reklam alan\u0131 sunar. B\u00f6ylece, bu alanlarda reklam g\u00f6stererek web sitenizden para kazanabilirsiniz. \u00c7evrimi\u00e7i \u00fcr\u00fcn ve hizmet satmay\u0131 planl\u0131yorsan\u0131z, teman\u0131n WooCommerce ile uyumlulu\u011funa g\u00fcvenebilirsiniz. Temel \u00f6zelliklerinden baz\u0131lar\u0131 \u015funlard\u0131r: &amp;gt;&amp;gt; SEO Optimize Edilmi\u015f &amp;gt;&amp;gt; \u00c7eviri ve RTL Haz\u0131r &amp;gt;&amp;gt; \u00c7apraz Taray\u0131c\u0131 Uyumlu &amp;gt;&amp;gt; \u00d6zel Widget&#8217;lar &amp;gt;&amp;gt; Duyarl\u0131 Tasar\u0131m &amp;gt;&amp;gt; Yap\u0131\u015fkan Men\u00fc. \u00dccretsiz ColorMag temas\u0131n\u0131 indirin ve h\u0131zl\u0131 bir \u015fekilde profesyonel dergi web siteleri olu\u015fturun.       <\/p>\n","protected":false},"excerpt":{"rendered":"<p>Dergi, haber ve blog WordPress temalar\u0131 s\u00f6z konusu oldu\u011funda ColorMag her zaman en iyi se\u00e7imdir. Haber portallar\u0131, \u00e7evrimi\u00e7i dergiler ve yay\u0131nc\u0131l\u0131k siteleri i\u00e7in zarif ve modern web siteleri olu\u015fturabilirsiniz. ColorMag&#8217;in sa\u011fl\u0131k, g\u0131da, e\u011flence, spor ve moda sekt\u00f6rlerine y\u00f6nelik 8&#8217;den fazla \u00fccretsiz ba\u015flang\u0131\u00e7 demosuyla dergi tarz\u0131 bir web sitesi olu\u015fturmak \u00e7ok kolay. Hepsinden iyisi, ColorMag WordPress [&hellip;]<\/p>\n","protected":false},"featured_media":12783,"comment_status":"open","ping_status":"closed","template":"","meta":[],"product_brand":[],"product_cat":[1415,1416],"product_tag":[2645,2651,1575,2648,2647,2747,2756,2110,2649,2644,2642,2758,2643,2753,2749,2750,2646,2650,2709,2755],"class_list":{"0":"post-14374","1":"product","2":"type-product","3":"status-publish","4":"has-post-thumbnail","6":"product_cat-temalar","7":"product_cat-wordpress-tr","8":"product_tag-altbilgi-widgetlari","9":"product_tag-bir-sutun","10":"product_tag-blog-tr","11":"product_tag-ceviri-hazir","12":"product_tag-disli-yorumlar","13":"product_tag-e-ticaret-tr","14":"product_tag-esnek-baslik","15":"product_tag-haberler","16":"product_tag-iki-sutun","17":"product_tag-one-cikan-gorseller","18":"product_tag-ozel-arka-plan","19":"product_tag-ozel-baslik","20":"product_tag-ozel-menu","21":"product_tag-ozel-renkler","22":"product_tag-post-formatlari","23":"product_tag-rtl-dil-destegi","24":"product_tag-sag-kenar-cubugu","25":"product_tag-sol-kenar-cubugu","26":"product_tag-tema-secenekleri","27":"product_tag-yapiskan-gonderi","29":"first","30":"instock","31":"downloadable","32":"virtual","33":"product-type-simple"},"_links":{"self":[{"href":"https:\/\/hexexist.com\/tr\/wp-json\/wp\/v2\/product\/14374","targetHints":{"allow":["GET"]}}],"collection":[{"href":"https:\/\/hexexist.com\/tr\/wp-json\/wp\/v2\/product"}],"about":[{"href":"https:\/\/hexexist.com\/tr\/wp-json\/wp\/v2\/types\/product"}],"replies":[{"embeddable":true,"href":"https:\/\/hexexist.com\/tr\/wp-json\/wp\/v2\/comments?post=14374"}],"wp:featuredmedia":[{"embeddable":true,"href":"https:\/\/hexexist.com\/tr\/wp-json\/wp\/v2\/media\/12783"}],"wp:attachment":[{"href":"https:\/\/hexexist.com\/tr\/wp-json\/wp\/v2\/media?parent=14374"}],"wp:term":[{"taxonomy":"product_brand","embeddable":true,"href":"https:\/\/hexexist.com\/tr\/wp-json\/wp\/v2\/product_brand?post=14374"},{"taxonomy":"product_cat","embeddable":true,"href":"https:\/\/hexexist.com\/tr\/wp-json\/wp\/v2\/product_cat?post=14374"},{"taxonomy":"product_tag","embeddable":true,"href":"https:\/\/hexexist.com\/tr\/wp-json\/wp\/v2\/product_tag?post=14374"}],"curies":[{"name":"wp","href":"https:\/\/api.w.org\/{rel}","templated":true}]}}