{"id":14375,"date":"2025-10-08T14:08:01","date_gmt":"2025-10-08T14:08:01","guid":{"rendered":"http:\/\/hexexist.com\/product\/yirmi-on-dort\/"},"modified":"2025-10-14T18:16:37","modified_gmt":"2025-10-14T18:16:37","slug":"yirmi-on-dort","status":"publish","type":"product","link":"https:\/\/hexexist.com\/tr\/urun\/yirmi-on-dort\/","title":{"rendered":"Yirmi On D\u00f6rt"},"content":{"rendered":"\n<p>Varsay\u0131lan temam\u0131z 2014 y\u0131l\u0131nda \u015f\u0131k ve modern bir tasar\u0131ma sahip, duyarl\u0131 bir dergi web sitesi olu\u015fturman\u0131za olanak tan\u0131r. Favori ana sayfa i\u00e7eri\u011finizi bir \u0131zgara veya kayd\u0131r\u0131c\u0131da \u00f6ne \u00e7\u0131kar\u0131n. Web sitenizi \u00f6zelle\u015ftirmek i\u00e7in \u00fc\u00e7 widget alan\u0131n\u0131 kullan\u0131n ve yazarlar\u0131n\u0131z\u0131 g\u00f6stermek i\u00e7in tam geni\u015flikte bir sayfa \u015fablonu ve bir kat\u0131l\u0131mc\u0131 sayfas\u0131 ile i\u00e7eri\u011finizin d\u00fczenini de\u011fi\u015ftirin. WordPress ile bir dergi web sitesi olu\u015fturmak hi\u00e7 bu kadar kolay olmam\u0131\u015ft\u0131.   <\/p>\n","protected":false},"excerpt":{"rendered":"<p>Varsay\u0131lan temam\u0131z 2014 y\u0131l\u0131nda \u015f\u0131k ve modern bir tasar\u0131ma sahip, duyarl\u0131 bir dergi web sitesi olu\u015fturman\u0131za olanak tan\u0131r. Favori ana sayfa i\u00e7eri\u011finizi bir \u0131zgara veya kayd\u0131r\u0131c\u0131da \u00f6ne \u00e7\u0131kar\u0131n. Web sitenizi \u00f6zelle\u015ftirmek i\u00e7in \u00fc\u00e7 widget alan\u0131n\u0131 kullan\u0131n ve yazarlar\u0131n\u0131z\u0131 g\u00f6stermek i\u00e7in tam geni\u015flikte bir sayfa \u015fablonu ve bir kat\u0131l\u0131mc\u0131 sayfas\u0131 ile i\u00e7eri\u011finizin d\u00fczenini de\u011fi\u015ftirin. WordPress ile [&hellip;]<\/p>\n","protected":false},"featured_media":12777,"comment_status":"open","ping_status":"closed","template":"","meta":[],"product_brand":[],"product_cat":[1415,1416],"product_tag":[2645,1575,2652,2648,2754,2759,2756,2110,2649,2752,2644,2642,2758,2643,2749,2750,2646,2650,2748,2709,2764,2755],"class_list":{"0":"post-14375","1":"product","2":"type-product","3":"status-publish","4":"has-post-thumbnail","6":"product_cat-temalar","7":"product_cat-wordpress-tr","8":"product_tag-altbilgi-widgetlari","9":"product_tag-blog-tr","10":"product_tag-blok-duzenleyici-kaliplari","11":"product_tag-ceviri-hazir","12":"product_tag-editor-stili","13":"product_tag-erisilebilirlik-hazir","14":"product_tag-esnek-baslik","15":"product_tag-haberler","16":"product_tag-iki-sutun","17":"product_tag-mikroformatlar","18":"product_tag-one-cikan-gorseller","19":"product_tag-ozel-arka-plan","20":"product_tag-ozel-baslik","21":"product_tag-ozel-menu","22":"product_tag-post-formatlari","23":"product_tag-rtl-dil-destegi","24":"product_tag-sag-kenar-cubugu","25":"product_tag-sol-kenar-cubugu","26":"product_tag-tam-genislikte-sablon","27":"product_tag-tema-secenekleri","28":"product_tag-uc-sutun","29":"product_tag-yapiskan-gonderi","31":"first","32":"instock","33":"downloadable","34":"virtual","35":"product-type-simple"},"_links":{"self":[{"href":"https:\/\/hexexist.com\/tr\/wp-json\/wp\/v2\/product\/14375","targetHints":{"allow":["GET"]}}],"collection":[{"href":"https:\/\/hexexist.com\/tr\/wp-json\/wp\/v2\/product"}],"about":[{"href":"https:\/\/hexexist.com\/tr\/wp-json\/wp\/v2\/types\/product"}],"replies":[{"embeddable":true,"href":"https:\/\/hexexist.com\/tr\/wp-json\/wp\/v2\/comments?post=14375"}],"wp:featuredmedia":[{"embeddable":true,"href":"https:\/\/hexexist.com\/tr\/wp-json\/wp\/v2\/media\/12777"}],"wp:attachment":[{"href":"https:\/\/hexexist.com\/tr\/wp-json\/wp\/v2\/media?parent=14375"}],"wp:term":[{"taxonomy":"product_brand","embeddable":true,"href":"https:\/\/hexexist.com\/tr\/wp-json\/wp\/v2\/product_brand?post=14375"},{"taxonomy":"product_cat","embeddable":true,"href":"https:\/\/hexexist.com\/tr\/wp-json\/wp\/v2\/product_cat?post=14375"},{"taxonomy":"product_tag","embeddable":true,"href":"https:\/\/hexexist.com\/tr\/wp-json\/wp\/v2\/product_tag?post=14375"}],"curies":[{"name":"wp","href":"https:\/\/api.w.org\/{rel}","templated":true}]}}