{"id":14376,"date":"2025-10-08T14:08:05","date_gmt":"2025-10-08T14:08:05","guid":{"rendered":"http:\/\/hexexist.com\/product\/blog-yazilari\/"},"modified":"2025-10-14T18:16:37","modified_gmt":"2025-10-14T18:16:37","slug":"blog-yazilari","status":"publish","type":"product","link":"https:\/\/hexexist.com\/tr\/urun\/blog-yazilari\/","title":{"rendered":"Blog Yaz\u0131lar\u0131"},"content":{"rendered":"\n<p>Blog Makaleleri, benzersiz, ruhani bir estetik arayan blog yazarlar\u0131 i\u00e7in tasarlanm\u0131\u015f modern, g\u00f6rsel olarak \u00e7arp\u0131c\u0131 bir WordPress temas\u0131d\u0131r. G\u00fczel, h\u0131zl\u0131 y\u00fcklenen ve eri\u015filebilir web siteleri olu\u015fturmak i\u00e7in minimal, hafif ve \u00f6zelle\u015ftirici tabanl\u0131 bir temad\u0131r. Bu yeni nesil temiz tasar\u0131m blog temas\u0131, g\u00f6r\u00fcnt\u00fcler ve arka planlar i\u00e7in \u015f\u0131k, cam benzeri yar\u0131 saydaml\u0131\u011fa sahiptir, \u00f6zelle\u015ftirilebilir \u015feffafl\u0131k seviyeleri ve \u00e7e\u015fitli zarif, duyarl\u0131 d\u00fczenler sunar. Tema SEO i\u00e7in optimize edilmi\u015ftir, h\u0131zl\u0131 y\u00fckleme s\u00fcreleri sa\u011flar ve sezgisel \u00f6zelle\u015ftirme se\u00e7enekleri, g\u00fczel tipografi ve sosyal medya entegrasyonu i\u00e7erir. Blog Makaleleri mobil uyumlu ve \u00e7apraz taray\u0131c\u0131 uyumludur, t\u00fcm cihazlarda, bilgisayarlarda ve ekran boyutlar\u0131nda harika g\u00f6r\u00fcn\u00fcr. Unutulmaz bir \u00e7evrimi\u00e7i varl\u0131k olu\u015fturmak i\u00e7in m\u00fckemmel olan Blog Makaleleri, geli\u015fmi\u015fli\u011fi kullan\u0131c\u0131 dostu i\u015flevsellikle birle\u015ftirir.\/     <\/p>\n","protected":false},"excerpt":{"rendered":"<p>Blog Makaleleri, benzersiz, ruhani bir estetik arayan blog yazarlar\u0131 i\u00e7in tasarlanm\u0131\u015f modern, g\u00f6rsel olarak \u00e7arp\u0131c\u0131 bir WordPress temas\u0131d\u0131r. G\u00fczel, h\u0131zl\u0131 y\u00fcklenen ve eri\u015filebilir web siteleri olu\u015fturmak i\u00e7in minimal, hafif ve \u00f6zelle\u015ftirici tabanl\u0131 bir temad\u0131r. Bu yeni nesil temiz tasar\u0131m blog temas\u0131, g\u00f6r\u00fcnt\u00fcler ve arka planlar i\u00e7in \u015f\u0131k, cam benzeri yar\u0131 saydaml\u0131\u011fa sahiptir, \u00f6zelle\u015ftirilebilir \u015feffafl\u0131k seviyeleri [&hellip;]<\/p>\n","protected":false},"featured_media":12782,"comment_status":"open","ping_status":"closed","template":"","meta":[],"product_brand":[],"product_cat":[1415,1416],"product_tag":[2645,2651,1575,2648,2647,2158,2644,2642,2758,2653,2643,1702,2646,2650,2709],"class_list":{"0":"post-14376","1":"product","2":"type-product","3":"status-publish","4":"has-post-thumbnail","6":"product_cat-temalar","7":"product_cat-wordpress-tr","8":"product_tag-altbilgi-widgetlari","9":"product_tag-bir-sutun","10":"product_tag-blog-tr","11":"product_tag-ceviri-hazir","12":"product_tag-disli-yorumlar","13":"product_tag-fotografcilik","14":"product_tag-one-cikan-gorseller","15":"product_tag-ozel-arka-plan","16":"product_tag-ozel-baslik","17":"product_tag-ozel-logo","18":"product_tag-ozel-menu","19":"product_tag-portfoy","20":"product_tag-sag-kenar-cubugu","21":"product_tag-sol-kenar-cubugu","22":"product_tag-tema-secenekleri","24":"first","25":"instock","26":"downloadable","27":"virtual","28":"product-type-simple"},"_links":{"self":[{"href":"https:\/\/hexexist.com\/tr\/wp-json\/wp\/v2\/product\/14376","targetHints":{"allow":["GET"]}}],"collection":[{"href":"https:\/\/hexexist.com\/tr\/wp-json\/wp\/v2\/product"}],"about":[{"href":"https:\/\/hexexist.com\/tr\/wp-json\/wp\/v2\/types\/product"}],"replies":[{"embeddable":true,"href":"https:\/\/hexexist.com\/tr\/wp-json\/wp\/v2\/comments?post=14376"}],"wp:featuredmedia":[{"embeddable":true,"href":"https:\/\/hexexist.com\/tr\/wp-json\/wp\/v2\/media\/12782"}],"wp:attachment":[{"href":"https:\/\/hexexist.com\/tr\/wp-json\/wp\/v2\/media?parent=14376"}],"wp:term":[{"taxonomy":"product_brand","embeddable":true,"href":"https:\/\/hexexist.com\/tr\/wp-json\/wp\/v2\/product_brand?post=14376"},{"taxonomy":"product_cat","embeddable":true,"href":"https:\/\/hexexist.com\/tr\/wp-json\/wp\/v2\/product_cat?post=14376"},{"taxonomy":"product_tag","embeddable":true,"href":"https:\/\/hexexist.com\/tr\/wp-json\/wp\/v2\/product_tag?post=14376"}],"curies":[{"name":"wp","href":"https:\/\/api.w.org\/{rel}","templated":true}]}}