{"id":14377,"date":"2025-10-08T14:08:02","date_gmt":"2025-10-08T14:08:02","guid":{"rendered":"http:\/\/hexexist.com\/product\/yirmi-on-bir\/"},"modified":"2025-10-14T18:16:37","modified_gmt":"2025-10-14T18:16:37","slug":"yirmi-on-bir","status":"publish","type":"product","link":"https:\/\/hexexist.com\/tr\/urun\/yirmi-on-bir\/","title":{"rendered":"Yirmi On Bir"},"content":{"rendered":"\n<p>WordPress i\u00e7in 2011 temas\u0131 sofistike, hafif ve uyarlanabilirdir. \u00d6zel bir men\u00fc, ba\u015fl\u0131k resmi ve arka plan ile temay\u0131 kendinize \u00f6zel hale getirin &#8211; ard\u0131ndan a\u00e7\u0131k veya koyu renk d\u00fczeni, \u00f6zel ba\u011flant\u0131 renkleri ve \u00fc\u00e7 d\u00fczen se\u00e7ene\u011fi i\u00e7in mevcut tema se\u00e7enekleriyle daha da ileri gidin. Twenty Eleven, en iyi i\u00e7eri\u011finizi g\u00f6stermek i\u00e7in \u00f6n sayfan\u0131z\u0131 bir vitrine d\u00f6n\u00fc\u015ft\u00fcren bir Vitrin sayfas\u0131 \u015fablonu, bol miktarda widget deste\u011fi (kenar \u00e7ubu\u011fu, \u00fc\u00e7 altbilgi alan\u0131 ve bir Vitrin sayfas\u0131 widget alan\u0131) ve Aside, Link, Al\u0131nt\u0131 veya Durum g\u00f6nderilerinizi g\u00f6r\u00fcnt\u00fclemek i\u00e7in \u00f6zel bir &#8220;Ephemera&#8221; widget&#8217;\u0131 ile donat\u0131lm\u0131\u015ft\u0131r. Bask\u0131 ve y\u00f6netici edit\u00f6r\u00fc i\u00e7in stiller, \u00f6ne \u00e7\u0131kan resimler i\u00e7in destek (yaz\u0131larda ve sayfalarda \u00f6zel ba\u015fl\u0131k resimleri olarak ve \u00f6ne \u00e7\u0131kan &#8220;yap\u0131\u015fkan&#8221; yaz\u0131larda b\u00fcy\u00fck resimler olarak) ve alt\u0131 farkl\u0131 yaz\u0131 bi\u00e7imi i\u00e7in \u00f6zel stiller dahildir.   <\/p>\n","protected":false},"excerpt":{"rendered":"<p>WordPress i\u00e7in 2011 temas\u0131 sofistike, hafif ve uyarlanabilirdir. \u00d6zel bir men\u00fc, ba\u015fl\u0131k resmi ve arka plan ile temay\u0131 kendinize \u00f6zel hale getirin &#8211; ard\u0131ndan a\u00e7\u0131k veya koyu renk d\u00fczeni, \u00f6zel ba\u011flant\u0131 renkleri ve \u00fc\u00e7 d\u00fczen se\u00e7ene\u011fi i\u00e7in mevcut tema se\u00e7enekleriyle daha da ileri gidin. Twenty Eleven, en iyi i\u00e7eri\u011finizi g\u00f6stermek i\u00e7in \u00f6n sayfan\u0131z\u0131 bir vitrine [&hellip;]<\/p>\n","protected":false},"featured_media":12778,"comment_status":"open","ping_status":"closed","template":"","meta":[],"product_brand":[],"product_cat":[1415,1416],"product_tag":[2645,2651,1575,2652,2648,2754,2756,2649,2752,2760,2644,2642,2758,2643,2753,2749,2750,2646,2650,2748,2709,2755],"class_list":{"0":"post-14377","1":"product","2":"type-product","3":"status-publish","4":"has-post-thumbnail","6":"product_cat-temalar","7":"product_cat-wordpress-tr","8":"product_tag-altbilgi-widgetlari","9":"product_tag-bir-sutun","10":"product_tag-blog-tr","11":"product_tag-blok-duzenleyici-kaliplari","12":"product_tag-ceviri-hazir","13":"product_tag-editor-stili","14":"product_tag-esnek-baslik","15":"product_tag-iki-sutun","16":"product_tag-mikroformatlar","17":"product_tag-one-cikan-gorsel-basligi","18":"product_tag-one-cikan-gorseller","19":"product_tag-ozel-arka-plan","20":"product_tag-ozel-baslik","21":"product_tag-ozel-menu","22":"product_tag-ozel-renkler","23":"product_tag-post-formatlari","24":"product_tag-rtl-dil-destegi","25":"product_tag-sag-kenar-cubugu","26":"product_tag-sol-kenar-cubugu","27":"product_tag-tam-genislikte-sablon","28":"product_tag-tema-secenekleri","29":"product_tag-yapiskan-gonderi","31":"first","32":"instock","33":"downloadable","34":"virtual","35":"product-type-simple"},"_links":{"self":[{"href":"https:\/\/hexexist.com\/tr\/wp-json\/wp\/v2\/product\/14377","targetHints":{"allow":["GET"]}}],"collection":[{"href":"https:\/\/hexexist.com\/tr\/wp-json\/wp\/v2\/product"}],"about":[{"href":"https:\/\/hexexist.com\/tr\/wp-json\/wp\/v2\/types\/product"}],"replies":[{"embeddable":true,"href":"https:\/\/hexexist.com\/tr\/wp-json\/wp\/v2\/comments?post=14377"}],"wp:featuredmedia":[{"embeddable":true,"href":"https:\/\/hexexist.com\/tr\/wp-json\/wp\/v2\/media\/12778"}],"wp:attachment":[{"href":"https:\/\/hexexist.com\/tr\/wp-json\/wp\/v2\/media?parent=14377"}],"wp:term":[{"taxonomy":"product_brand","embeddable":true,"href":"https:\/\/hexexist.com\/tr\/wp-json\/wp\/v2\/product_brand?post=14377"},{"taxonomy":"product_cat","embeddable":true,"href":"https:\/\/hexexist.com\/tr\/wp-json\/wp\/v2\/product_cat?post=14377"},{"taxonomy":"product_tag","embeddable":true,"href":"https:\/\/hexexist.com\/tr\/wp-json\/wp\/v2\/product_tag?post=14377"}],"curies":[{"name":"wp","href":"https:\/\/api.w.org\/{rel}","templated":true}]}}