{"id":14378,"date":"2025-10-08T14:08:06","date_gmt":"2025-10-08T14:08:06","guid":{"rendered":"http:\/\/hexexist.com\/product\/sinatra\/"},"modified":"2025-10-14T18:16:37","modified_gmt":"2025-10-14T18:16:37","slug":"sinatra","status":"publish","type":"product","link":"https:\/\/hexexist.com\/tr\/urun\/sinatra\/","title":{"rendered":"Sinatra"},"content":{"rendered":"\n<p>Sinatra, herkesin m\u00fckemmel web sitesini olu\u015fturmas\u0131n\u0131 kolayla\u015ft\u0131ran hafif ve son derece \u00f6zelle\u015ftirilebilir \u00e7ok ama\u00e7l\u0131 bir temad\u0131r. Bloglar, i\u015fletmeler, \u00e7evrimi\u00e7i ma\u011fazalar, reklam \u00f6\u011feleri, oteller, restoranlar, yeni ba\u015flayanlar ve daha fazlas\u0131 i\u00e7in her t\u00fcr web sitesi i\u00e7in kullanabilirsiniz. Sinatra ile performans, modern tasar\u0131m ve g\u00fc\u00e7l\u00fc ancak kullan\u0131m\u0131 kolay se\u00e7eneklerin m\u00fckemmel bir kar\u0131\u015f\u0131m\u0131n\u0131 elde edersiniz. Yeni blok edit\u00f6r\u00fc (Gutenberg) ve a\u015fa\u011f\u0131daki gibi favori eklentilerinizle m\u00fckemmel \u00e7al\u0131\u015f\u0131r: WooCommerce, JetPack, sayfa olu\u015fturucular, SEO eklentileri ve di\u011ferleri. Microdata entegrasyonu, s\u0131n\u0131rs\u0131z renkler, \u00e7oklu d\u00fczenler, \u00f6nceden olu\u015fturulmu\u015f demo web siteleri ve \u00e7ok daha fazlas\u0131 ile birlikte gelir. Ayr\u0131ca \u00e7evrilebilir ve en iyi SEO uygulamalar\u0131 ile olu\u015fturulmu\u015ftur.     <\/p>\n","protected":false},"excerpt":{"rendered":"<p>Sinatra, herkesin m\u00fckemmel web sitesini olu\u015fturmas\u0131n\u0131 kolayla\u015ft\u0131ran hafif ve son derece \u00f6zelle\u015ftirilebilir \u00e7ok ama\u00e7l\u0131 bir temad\u0131r. Bloglar, i\u015fletmeler, \u00e7evrimi\u00e7i ma\u011fazalar, reklam \u00f6\u011feleri, oteller, restoranlar, yeni ba\u015flayanlar ve daha fazlas\u0131 i\u00e7in her t\u00fcr web sitesi i\u00e7in kullanabilirsiniz. Sinatra ile performans, modern tasar\u0131m ve g\u00fc\u00e7l\u00fc ancak kullan\u0131m\u0131 kolay se\u00e7eneklerin m\u00fckemmel bir kar\u0131\u015f\u0131m\u0131n\u0131 elde edersiniz. Yeni blok edit\u00f6r\u00fc [&hellip;]<\/p>\n","protected":false},"featured_media":12785,"comment_status":"open","ping_status":"closed","template":"","meta":[],"product_brand":[],"product_cat":[1415,1416],"product_tag":[2645,1575,2648,2647,2747,2754,2110,2649,2752,2644,2642,2643,2753,2749,2646,2650,2748,2709,2755],"class_list":{"0":"post-14378","1":"product","2":"type-product","3":"status-publish","4":"has-post-thumbnail","6":"product_cat-temalar","7":"product_cat-wordpress-tr","8":"product_tag-altbilgi-widgetlari","9":"product_tag-blog-tr","10":"product_tag-ceviri-hazir","11":"product_tag-disli-yorumlar","12":"product_tag-e-ticaret-tr","13":"product_tag-editor-stili","14":"product_tag-haberler","15":"product_tag-iki-sutun","16":"product_tag-mikroformatlar","17":"product_tag-one-cikan-gorseller","18":"product_tag-ozel-arka-plan","19":"product_tag-ozel-menu","20":"product_tag-ozel-renkler","21":"product_tag-post-formatlari","22":"product_tag-sag-kenar-cubugu","23":"product_tag-sol-kenar-cubugu","24":"product_tag-tam-genislikte-sablon","25":"product_tag-tema-secenekleri","26":"product_tag-yapiskan-gonderi","28":"first","29":"instock","30":"downloadable","31":"virtual","32":"product-type-simple"},"_links":{"self":[{"href":"https:\/\/hexexist.com\/tr\/wp-json\/wp\/v2\/product\/14378","targetHints":{"allow":["GET"]}}],"collection":[{"href":"https:\/\/hexexist.com\/tr\/wp-json\/wp\/v2\/product"}],"about":[{"href":"https:\/\/hexexist.com\/tr\/wp-json\/wp\/v2\/types\/product"}],"replies":[{"embeddable":true,"href":"https:\/\/hexexist.com\/tr\/wp-json\/wp\/v2\/comments?post=14378"}],"wp:featuredmedia":[{"embeddable":true,"href":"https:\/\/hexexist.com\/tr\/wp-json\/wp\/v2\/media\/12785"}],"wp:attachment":[{"href":"https:\/\/hexexist.com\/tr\/wp-json\/wp\/v2\/media?parent=14378"}],"wp:term":[{"taxonomy":"product_brand","embeddable":true,"href":"https:\/\/hexexist.com\/tr\/wp-json\/wp\/v2\/product_brand?post=14378"},{"taxonomy":"product_cat","embeddable":true,"href":"https:\/\/hexexist.com\/tr\/wp-json\/wp\/v2\/product_cat?post=14378"},{"taxonomy":"product_tag","embeddable":true,"href":"https:\/\/hexexist.com\/tr\/wp-json\/wp\/v2\/product_tag?post=14378"}],"curies":[{"name":"wp","href":"https:\/\/api.w.org\/{rel}","templated":true}]}}