{"id":14379,"date":"2025-10-08T14:08:03","date_gmt":"2025-10-08T14:08:03","guid":{"rendered":"http:\/\/hexexist.com\/product\/fresh-blog-lite\/"},"modified":"2025-10-14T18:16:37","modified_gmt":"2025-10-14T18:16:37","slug":"fresh-blog-lite","status":"publish","type":"product","link":"https:\/\/hexexist.com\/tr\/urun\/fresh-blog-lite\/","title":{"rendered":"Fresh Blog Lite"},"content":{"rendered":"\n<p>Ki\u015fisel Blog Temas\u0131. Fresh Blog Lite, zahmetsiz i\u00e7erik olu\u015fturma i\u00e7in tasarlanm\u0131\u015f modern ve kullan\u0131c\u0131 dostu bir \u00dccretsiz Ki\u015fisel Blog WordPress Temas\u0131d\u0131r. Bir Tam Site D\u00fczenleme (FSE) temas\u0131 olarak, WordPress blok edit\u00f6r\u00fc Gutenberg ile sorunsuz bir \u015fekilde entegre olur ve sitenizi kolayl\u0131kla \u00f6zelle\u015ftirmenize olanak tan\u0131r. WordPress kodlama standartlar\u0131 \u00fczerine in\u015fa edilen tema, kararl\u0131l\u0131k, performans ve en son g\u00fcncellemelerle uyumluluk sa\u011flar. \u0130ster dergi tarz\u0131 bir blog ister ki\u015fisel bir hikaye anlat\u0131m\u0131 web sitesi ba\u015flat\u0131yor olun, Fresh Blog Lite \u00f6nceden tasarlanm\u0131\u015f bir ana \u015fablon sa\u011flayarak kodlama becerilerine olan ihtiyac\u0131 ortadan kald\u0131r\u0131r. Birden fazla yerle\u015fik renk \u015femas\u0131 ve \u00f6zenle se\u00e7ilmi\u015f tipografi e\u015fle\u015ftirmeleri ile sadece birka\u00e7 t\u0131klamayla g\u00f6rsel olarak \u00e7arp\u0131c\u0131 ve ilgi \u00e7ekici bir web sitesi olu\u015fturabilirsiniz.     <\/p>\n","protected":false},"excerpt":{"rendered":"<p>Ki\u015fisel Blog Temas\u0131. Fresh Blog Lite, zahmetsiz i\u00e7erik olu\u015fturma i\u00e7in tasarlanm\u0131\u015f modern ve kullan\u0131c\u0131 dostu bir \u00dccretsiz Ki\u015fisel Blog WordPress Temas\u0131d\u0131r. Bir Tam Site D\u00fczenleme (FSE) temas\u0131 olarak, WordPress blok edit\u00f6r\u00fc Gutenberg ile sorunsuz bir \u015fekilde entegre olur ve sitenizi kolayl\u0131kla \u00f6zelle\u015ftirmenize olanak tan\u0131r. WordPress kodlama standartlar\u0131 \u00fczerine in\u015fa edilen tema, kararl\u0131l\u0131k, performans ve en [&hellip;]<\/p>\n","protected":false},"featured_media":12779,"comment_status":"open","ping_status":"closed","template":"","meta":[],"product_brand":[],"product_cat":[1415,1416],"product_tag":[2651,1575,2652,2641,2654,2648,2647,2754,2110,2644,2653,2643,2753,1702,2750,2757,2755],"class_list":{"0":"post-14379","1":"product","2":"type-product","3":"status-publish","4":"has-post-thumbnail","6":"product_cat-temalar","7":"product_cat-wordpress-tr","8":"product_tag-bir-sutun","9":"product_tag-blog-tr","10":"product_tag-blok-duzenleyici-kaliplari","11":"product_tag-blok-duzenleyici-stilleri","12":"product_tag-blok-temalari","13":"product_tag-ceviri-hazir","14":"product_tag-disli-yorumlar","15":"product_tag-editor-stili","16":"product_tag-haberler","17":"product_tag-one-cikan-gorseller","18":"product_tag-ozel-logo","19":"product_tag-ozel-menu","20":"product_tag-ozel-renkler","21":"product_tag-portfoy","22":"product_tag-rtl-dil-destegi","23":"product_tag-stil-varyasyonlari","24":"product_tag-yapiskan-gonderi","26":"first","27":"instock","28":"downloadable","29":"virtual","30":"product-type-simple"},"_links":{"self":[{"href":"https:\/\/hexexist.com\/tr\/wp-json\/wp\/v2\/product\/14379","targetHints":{"allow":["GET"]}}],"collection":[{"href":"https:\/\/hexexist.com\/tr\/wp-json\/wp\/v2\/product"}],"about":[{"href":"https:\/\/hexexist.com\/tr\/wp-json\/wp\/v2\/types\/product"}],"replies":[{"embeddable":true,"href":"https:\/\/hexexist.com\/tr\/wp-json\/wp\/v2\/comments?post=14379"}],"wp:featuredmedia":[{"embeddable":true,"href":"https:\/\/hexexist.com\/tr\/wp-json\/wp\/v2\/media\/12779"}],"wp:attachment":[{"href":"https:\/\/hexexist.com\/tr\/wp-json\/wp\/v2\/media?parent=14379"}],"wp:term":[{"taxonomy":"product_brand","embeddable":true,"href":"https:\/\/hexexist.com\/tr\/wp-json\/wp\/v2\/product_brand?post=14379"},{"taxonomy":"product_cat","embeddable":true,"href":"https:\/\/hexexist.com\/tr\/wp-json\/wp\/v2\/product_cat?post=14379"},{"taxonomy":"product_tag","embeddable":true,"href":"https:\/\/hexexist.com\/tr\/wp-json\/wp\/v2\/product_tag?post=14379"}],"curies":[{"name":"wp","href":"https:\/\/api.w.org\/{rel}","templated":true}]}}