{"id":14380,"date":"2025-10-08T14:08:06","date_gmt":"2025-10-08T14:08:06","guid":{"rendered":"http:\/\/hexexist.com\/product\/sal\/"},"modified":"2025-10-14T18:16:37","modified_gmt":"2025-10-14T18:16:37","slug":"sal","status":"publish","type":"product","link":"https:\/\/hexexist.com\/tr\/urun\/sal\/","title":{"rendered":"Sal"},"content":{"rendered":"\n<p>Raft, bir sonraki web siteniz i\u00e7in haz\u0131r, hafif, tam site d\u00fczenleme uyumlu (FSE) bir temad\u0131r. Raft s\u00fcper h\u0131zl\u0131, kolayca \u00f6zelle\u015ftirilebilir, basit bir temad\u0131r. Bloglar, k\u00fc\u00e7\u00fck i\u015fletmeler, giri\u015fimler, ajanslar, firmalar, e-ticaret ma\u011fazalar\u0131 (WooCommerce vitrin), ki\u015fisel portf\u00f6y siteleri ve \u00e7o\u011fu proje t\u00fcr\u00fc i\u00e7in m\u00fckemmeldir. Raft, Gutenberg ve en pop\u00fcler sayfa olu\u015fturucularla (Elementor, Brizy, Beaver Builder veya Block Editor) m\u00fckemmel \u00e7al\u0131\u015f\u0131r. Raft ayr\u0131ca WooCommerce&#8217;e haz\u0131r, duyarl\u0131, RTL ve \u00e7eviriye haz\u0131rd\u0131r. .<\/p>\n","protected":false},"excerpt":{"rendered":"<p>Raft, bir sonraki web siteniz i\u00e7in haz\u0131r, hafif, tam site d\u00fczenleme uyumlu (FSE) bir temad\u0131r. Raft s\u00fcper h\u0131zl\u0131, kolayca \u00f6zelle\u015ftirilebilir, basit bir temad\u0131r. Bloglar, k\u00fc\u00e7\u00fck i\u015fletmeler, giri\u015fimler, ajanslar, firmalar, e-ticaret ma\u011fazalar\u0131 (WooCommerce vitrin), ki\u015fisel portf\u00f6y siteleri ve \u00e7o\u011fu proje t\u00fcr\u00fc i\u00e7in m\u00fckemmeldir. Raft, Gutenberg ve en pop\u00fcler sayfa olu\u015fturucularla (Elementor, Brizy, Beaver Builder veya Block [&hellip;]<\/p>\n","protected":false},"featured_media":12784,"comment_status":"open","ping_status":"closed","template":"","meta":[],"product_brand":[],"product_cat":[1415,1416],"product_tag":[2651,2652,2654,2647,2747,2754,2644,2653,2643,2753,2750,2755],"class_list":{"0":"post-14380","1":"product","2":"type-product","3":"status-publish","4":"has-post-thumbnail","6":"product_cat-temalar","7":"product_cat-wordpress-tr","8":"product_tag-bir-sutun","9":"product_tag-blok-duzenleyici-kaliplari","10":"product_tag-blok-temalari","11":"product_tag-disli-yorumlar","12":"product_tag-e-ticaret-tr","13":"product_tag-editor-stili","14":"product_tag-one-cikan-gorseller","15":"product_tag-ozel-logo","16":"product_tag-ozel-menu","17":"product_tag-ozel-renkler","18":"product_tag-rtl-dil-destegi","19":"product_tag-yapiskan-gonderi","21":"first","22":"instock","23":"downloadable","24":"virtual","25":"product-type-simple"},"_links":{"self":[{"href":"https:\/\/hexexist.com\/tr\/wp-json\/wp\/v2\/product\/14380","targetHints":{"allow":["GET"]}}],"collection":[{"href":"https:\/\/hexexist.com\/tr\/wp-json\/wp\/v2\/product"}],"about":[{"href":"https:\/\/hexexist.com\/tr\/wp-json\/wp\/v2\/types\/product"}],"replies":[{"embeddable":true,"href":"https:\/\/hexexist.com\/tr\/wp-json\/wp\/v2\/comments?post=14380"}],"wp:featuredmedia":[{"embeddable":true,"href":"https:\/\/hexexist.com\/tr\/wp-json\/wp\/v2\/media\/12784"}],"wp:attachment":[{"href":"https:\/\/hexexist.com\/tr\/wp-json\/wp\/v2\/media?parent=14380"}],"wp:term":[{"taxonomy":"product_brand","embeddable":true,"href":"https:\/\/hexexist.com\/tr\/wp-json\/wp\/v2\/product_brand?post=14380"},{"taxonomy":"product_cat","embeddable":true,"href":"https:\/\/hexexist.com\/tr\/wp-json\/wp\/v2\/product_cat?post=14380"},{"taxonomy":"product_tag","embeddable":true,"href":"https:\/\/hexexist.com\/tr\/wp-json\/wp\/v2\/product_tag?post=14380"}],"curies":[{"name":"wp","href":"https:\/\/api.w.org\/{rel}","templated":true}]}}