{"id":14382,"date":"2025-10-08T14:08:07","date_gmt":"2025-10-08T14:08:07","guid":{"rendered":"http:\/\/hexexist.com\/product\/yirmi-on-iki\/"},"modified":"2025-10-14T18:16:37","modified_gmt":"2025-10-14T18:16:37","slug":"yirmi-on-iki","status":"publish","type":"product","link":"https:\/\/hexexist.com\/tr\/urun\/yirmi-on-iki\/","title":{"rendered":"Yirmi On \u0130ki"},"content":{"rendered":"\n<p>WordPress i\u00e7in 2012 temas\u0131, her cihazda harika g\u00f6r\u00fcnen tamamen duyarl\u0131 bir temad\u0131r. \u00d6zellikler aras\u0131nda kendi widget&#8217;lar\u0131na sahip bir \u00f6n sayfa \u015fablonu, iste\u011fe ba\u011fl\u0131 bir ekran yaz\u0131 tipi, hem dizin hem de tek g\u00f6r\u00fcn\u00fcmlerde yaz\u0131 bi\u00e7imleri i\u00e7in stil ve iste\u011fe ba\u011fl\u0131 kenar \u00e7ubu\u011fu olmayan bir sayfa \u015fablonu bulunur. \u00d6zel bir men\u00fc, ba\u015fl\u0131k resmi ve arka plan ile temay\u0131 kendinize \u00f6zel hale getirin.  <\/p>\n","protected":false},"excerpt":{"rendered":"<p>WordPress i\u00e7in 2012 temas\u0131, her cihazda harika g\u00f6r\u00fcnen tamamen duyarl\u0131 bir temad\u0131r. \u00d6zellikler aras\u0131nda kendi widget&#8217;lar\u0131na sahip bir \u00f6n sayfa \u015fablonu, iste\u011fe ba\u011fl\u0131 bir ekran yaz\u0131 tipi, hem dizin hem de tek g\u00f6r\u00fcn\u00fcmlerde yaz\u0131 bi\u00e7imleri i\u00e7in stil ve iste\u011fe ba\u011fl\u0131 kenar \u00e7ubu\u011fu olmayan bir sayfa \u015fablonu bulunur. \u00d6zel bir men\u00fc, ba\u015fl\u0131k resmi ve arka plan [&hellip;]<\/p>\n","protected":false},"featured_media":12786,"comment_status":"open","ping_status":"closed","template":"","meta":[],"product_brand":[],"product_cat":[1415,1416],"product_tag":[2645,2651,1575,2652,2648,2754,2756,2649,2752,2644,2642,2758,2643,2749,2750,2646,2748,2709,2755],"class_list":{"0":"post-14382","1":"product","2":"type-product","3":"status-publish","4":"has-post-thumbnail","6":"product_cat-temalar","7":"product_cat-wordpress-tr","8":"product_tag-altbilgi-widgetlari","9":"product_tag-bir-sutun","10":"product_tag-blog-tr","11":"product_tag-blok-duzenleyici-kaliplari","12":"product_tag-ceviri-hazir","13":"product_tag-editor-stili","14":"product_tag-esnek-baslik","15":"product_tag-iki-sutun","16":"product_tag-mikroformatlar","17":"product_tag-one-cikan-gorseller","18":"product_tag-ozel-arka-plan","19":"product_tag-ozel-baslik","20":"product_tag-ozel-menu","21":"product_tag-post-formatlari","22":"product_tag-rtl-dil-destegi","23":"product_tag-sag-kenar-cubugu","24":"product_tag-tam-genislikte-sablon","25":"product_tag-tema-secenekleri","26":"product_tag-yapiskan-gonderi","28":"first","29":"instock","30":"downloadable","31":"virtual","32":"product-type-simple"},"_links":{"self":[{"href":"https:\/\/hexexist.com\/tr\/wp-json\/wp\/v2\/product\/14382","targetHints":{"allow":["GET"]}}],"collection":[{"href":"https:\/\/hexexist.com\/tr\/wp-json\/wp\/v2\/product"}],"about":[{"href":"https:\/\/hexexist.com\/tr\/wp-json\/wp\/v2\/types\/product"}],"replies":[{"embeddable":true,"href":"https:\/\/hexexist.com\/tr\/wp-json\/wp\/v2\/comments?post=14382"}],"wp:featuredmedia":[{"embeddable":true,"href":"https:\/\/hexexist.com\/tr\/wp-json\/wp\/v2\/media\/12786"}],"wp:attachment":[{"href":"https:\/\/hexexist.com\/tr\/wp-json\/wp\/v2\/media?parent=14382"}],"wp:term":[{"taxonomy":"product_brand","embeddable":true,"href":"https:\/\/hexexist.com\/tr\/wp-json\/wp\/v2\/product_brand?post=14382"},{"taxonomy":"product_cat","embeddable":true,"href":"https:\/\/hexexist.com\/tr\/wp-json\/wp\/v2\/product_cat?post=14382"},{"taxonomy":"product_tag","embeddable":true,"href":"https:\/\/hexexist.com\/tr\/wp-json\/wp\/v2\/product_tag?post=14382"}],"curies":[{"name":"wp","href":"https:\/\/api.w.org\/{rel}","templated":true}]}}