{"id":14383,"date":"2025-10-08T14:08:04","date_gmt":"2025-10-08T14:08:04","guid":{"rendered":"http:\/\/hexexist.com\/product\/minimalistblog-hikayeleri\/"},"modified":"2025-10-14T18:16:37","modified_gmt":"2025-10-14T18:16:37","slug":"minimalistblog-hikayeleri","status":"publish","type":"product","link":"https:\/\/hexexist.com\/tr\/urun\/minimalistblog-hikayeleri\/","title":{"rendered":"Minimalistblog Hikayeleri"},"content":{"rendered":"\n<p>Minimalistblog Stories, blog yazarlar\u0131 ve gazeteler i\u00e7in duyarl\u0131 bir WordPress blog ve haber temas\u0131d\u0131r. Beyaz, zarif ve minimalist bir g\u00f6r\u00fcn\u00fcme sahiptir, bu da onu yemek, moda, seyahat, giyim, film veya genel olarak ya\u015fam tarzlar\u0131 hakk\u0131ndaki g\u00f6r\u00fc\u015flerini yazmak isteyen yazarlar i\u00e7in \u00e7ekici bir tema haline getirir. Minimalistblogger, g\u00fcn\u00fcm\u00fczde bir teman\u0131n olmas\u0131 gerekti\u011fi gibi hem h\u0131zl\u0131 hem de arama motoru optimizasyonlu (SEO dostu) olmas\u0131 a\u00e7\u0131s\u0131ndan elbette moderndir. Bu, beyaz Minimalistblogger&#8217;\u0131n siyah versiyonu, bir dizi yeni \u00f6zellik ve reklam f\u0131rsat\u0131yla birlikte geliyor. Kenar \u00e7ubu\u011fu widget&#8217;lara, Adsense ortakl\u0131k ba\u011flant\u0131lar\u0131na veya oraya koymak istedi\u011finiz ba\u015fka \u015feylere izin verir. Teman\u0131n kurulumu ve ayarlanmas\u0131 herhangi bir yazar i\u00e7in basittir, aray\u00fcz\u00fc temiz hale getirerek kullan\u0131c\u0131 dostu olmas\u0131n\u0131 optimize etmeye \u00e7al\u0131\u015ft\u0131k, b\u00f6ylece kurulumu ve kullanmaya ba\u015flamas\u0131 m\u00fcmk\u00fcn oldu\u011funca kolay. \u0130\u015f y\u00f6n\u00fc sizin i\u00e7in \u00f6nemliyse, \u00f6rne\u011fin, bunu bir gazete veya ki\u015fisel yaz\u0131 \/ gazeteci portf\u00f6y\u00fc olarak kullan\u0131yorsan\u0131z, web siteniz temam\u0131zla internette her yerde, \u00f6rne\u011fin Yahoo, Bing veya Google&#8217;da s\u0131ralanabildi\u011fi i\u00e7in harika.      <\/p>\n","protected":false},"excerpt":{"rendered":"<p>Minimalistblog Stories, blog yazarlar\u0131 ve gazeteler i\u00e7in duyarl\u0131 bir WordPress blog ve haber temas\u0131d\u0131r. Beyaz, zarif ve minimalist bir g\u00f6r\u00fcn\u00fcme sahiptir, bu da onu yemek, moda, seyahat, giyim, film veya genel olarak ya\u015fam tarzlar\u0131 hakk\u0131ndaki g\u00f6r\u00fc\u015flerini yazmak isteyen yazarlar i\u00e7in \u00e7ekici bir tema haline getirir. Minimalistblogger, g\u00fcn\u00fcm\u00fczde bir teman\u0131n olmas\u0131 gerekti\u011fi gibi hem h\u0131zl\u0131 hem [&hellip;]<\/p>\n","protected":false},"featured_media":12780,"comment_status":"open","ping_status":"closed","template":"","meta":[],"product_brand":[],"product_cat":[1415,1416],"product_tag":[2645,2651,1575,2648,2647,2751,2756,2110,2649,2760,2644,2642,2758,2653,2643,2753,2646,2709,2755],"class_list":{"0":"post-14383","1":"product","2":"type-product","3":"status-publish","4":"has-post-thumbnail","6":"product_cat-temalar","7":"product_cat-wordpress-tr","8":"product_tag-altbilgi-widgetlari","9":"product_tag-bir-sutun","10":"product_tag-blog-tr","11":"product_tag-ceviri-hazir","12":"product_tag-disli-yorumlar","13":"product_tag-eglence","14":"product_tag-esnek-baslik","15":"product_tag-haberler","16":"product_tag-iki-sutun","17":"product_tag-one-cikan-gorsel-basligi","18":"product_tag-one-cikan-gorseller","19":"product_tag-ozel-arka-plan","20":"product_tag-ozel-baslik","21":"product_tag-ozel-logo","22":"product_tag-ozel-menu","23":"product_tag-ozel-renkler","24":"product_tag-sag-kenar-cubugu","25":"product_tag-tema-secenekleri","26":"product_tag-yapiskan-gonderi","28":"first","29":"instock","30":"featured","31":"downloadable","32":"virtual","33":"product-type-simple"},"_links":{"self":[{"href":"https:\/\/hexexist.com\/tr\/wp-json\/wp\/v2\/product\/14383","targetHints":{"allow":["GET"]}}],"collection":[{"href":"https:\/\/hexexist.com\/tr\/wp-json\/wp\/v2\/product"}],"about":[{"href":"https:\/\/hexexist.com\/tr\/wp-json\/wp\/v2\/types\/product"}],"replies":[{"embeddable":true,"href":"https:\/\/hexexist.com\/tr\/wp-json\/wp\/v2\/comments?post=14383"}],"wp:featuredmedia":[{"embeddable":true,"href":"https:\/\/hexexist.com\/tr\/wp-json\/wp\/v2\/media\/12780"}],"wp:attachment":[{"href":"https:\/\/hexexist.com\/tr\/wp-json\/wp\/v2\/media?parent=14383"}],"wp:term":[{"taxonomy":"product_brand","embeddable":true,"href":"https:\/\/hexexist.com\/tr\/wp-json\/wp\/v2\/product_brand?post=14383"},{"taxonomy":"product_cat","embeddable":true,"href":"https:\/\/hexexist.com\/tr\/wp-json\/wp\/v2\/product_cat?post=14383"},{"taxonomy":"product_tag","embeddable":true,"href":"https:\/\/hexexist.com\/tr\/wp-json\/wp\/v2\/product_tag?post=14383"}],"curies":[{"name":"wp","href":"https:\/\/api.w.org\/{rel}","templated":true}]}}