{"id":14384,"date":"2025-10-08T14:08:08","date_gmt":"2025-10-08T14:08:08","guid":{"rendered":"http:\/\/hexexist.com\/product\/provo-haberleri\/"},"modified":"2025-10-14T18:16:47","modified_gmt":"2025-10-14T18:16:47","slug":"provo-haberleri","status":"publish","type":"product","link":"https:\/\/hexexist.com\/tr\/urun\/provo-haberleri\/","title":{"rendered":"Provo Haberleri"},"content":{"rendered":"\n<p>Provo News, bloglar, dergiler, gazeteler, haber portallar\u0131 ve yay\u0131nc\u0131l\u0131k web siteleri i\u00e7in modern ve profesyonel bir WordPress temas\u0131d\u0131r. \u0130\u00e7eri\u011finizin herhangi bir medya cihaz\u0131 i\u00e7in g\u00fczel ve okunmas\u0131 kolay bir \u015fekilde g\u00f6r\u00fcnt\u00fclenmesini sa\u011flayan g\u00f6rsel olarak \u00e7arp\u0131c\u0131 bir d\u00fczen i\u00e7in benzersiz bir tasar\u0131ma sahiptir. Hatta kullan\u0131c\u0131 dostu, SEO&#8217;ya haz\u0131r, zahmetsizce, hafif ve en iyi performans ve Core Web Vitals i\u00e7in optimize edilmi\u015ftir. Tema, haberler, dergiler, yay\u0131nc\u0131lar, edit\u00f6rler, haber portallar\u0131, gazeteler, ki\u015fisel bloglar, haber ba\u015fyaz\u0131lar\u0131, rehberler, gazetecilik, seyahat bloglar\u0131, ni\u015f bloglar, ba\u011fl\u0131 bloglar, misafir bloglar\u0131 ve inceleme web siteleri i\u00e7in en uygun olan\u0131d\u0131r. Ayr\u0131ca s\u0131n\u0131rs\u0131z renk, s\u0131n\u0131rs\u0131z Google yaz\u0131 tipi, tipografi, duyarl\u0131 tasar\u0131m ve Rtl dil deste\u011fi ile temel ihtiya\u00e7lar i\u00e7in yeterli olan esnek ve \u00e7ok y\u00f6nl\u00fc d\u00fczenlere sahiptir. Web sitenizi arama motoru performans\u0131nda optimize etmeye yard\u0131mc\u0131 olabilecek, potansiyel ziyaret\u00e7iler i\u00e7in bulmay\u0131 kolayla\u015ft\u0131racak son derece SEO dostu olacak \u015fekilde tasarlanm\u0131\u015ft\u0131r ve tema, daha k\u0131sa s\u00fcrede tek bir t\u0131klama ile i\u00e7e aktar\u0131labilen \u00f6nceden tan\u0131mlanm\u0131\u015f g\u00fczel demolar sa\u011flar. Provo News ayr\u0131ca Elementor, Yoast SEO, WooCommerce, Gutenberg, Contact Form 7, Jetpack, Google Analytics ve \u00e7ok daha fazlas\u0131 gibi pop\u00fcler \u00fccretsiz ve premium WordPress eklentilerini de destekler.      <\/p>\n","protected":false},"excerpt":{"rendered":"<p>Provo News, bloglar, dergiler, gazeteler, haber portallar\u0131 ve yay\u0131nc\u0131l\u0131k web siteleri i\u00e7in modern ve profesyonel bir WordPress temas\u0131d\u0131r. \u0130\u00e7eri\u011finizin herhangi bir medya cihaz\u0131 i\u00e7in g\u00fczel ve okunmas\u0131 kolay bir \u015fekilde g\u00f6r\u00fcnt\u00fclenmesini sa\u011flayan g\u00f6rsel olarak \u00e7arp\u0131c\u0131 bir d\u00fczen i\u00e7in benzersiz bir tasar\u0131ma sahiptir. Hatta kullan\u0131c\u0131 dostu, SEO&#8217;ya haz\u0131r, zahmetsizce, hafif ve en iyi performans ve Core [&hellip;]<\/p>\n","protected":false},"featured_media":12787,"comment_status":"open","ping_status":"closed","template":"","meta":[],"product_brand":[],"product_cat":[1415,1416],"product_tag":[2645,2651,1575,2648,2647,2747,2754,2756,2649,2644,2642,2758,2653,2643,1702,2749,2750,2646,2748,2709],"class_list":{"0":"post-14384","1":"product","2":"type-product","3":"status-publish","4":"has-post-thumbnail","6":"product_cat-temalar","7":"product_cat-wordpress-tr","8":"product_tag-altbilgi-widgetlari","9":"product_tag-bir-sutun","10":"product_tag-blog-tr","11":"product_tag-ceviri-hazir","12":"product_tag-disli-yorumlar","13":"product_tag-e-ticaret-tr","14":"product_tag-editor-stili","15":"product_tag-esnek-baslik","16":"product_tag-iki-sutun","17":"product_tag-one-cikan-gorseller","18":"product_tag-ozel-arka-plan","19":"product_tag-ozel-baslik","20":"product_tag-ozel-logo","21":"product_tag-ozel-menu","22":"product_tag-portfoy","23":"product_tag-post-formatlari","24":"product_tag-rtl-dil-destegi","25":"product_tag-sag-kenar-cubugu","26":"product_tag-tam-genislikte-sablon","27":"product_tag-tema-secenekleri","29":"first","30":"instock","31":"featured","32":"downloadable","33":"virtual","34":"product-type-simple"},"_links":{"self":[{"href":"https:\/\/hexexist.com\/tr\/wp-json\/wp\/v2\/product\/14384","targetHints":{"allow":["GET"]}}],"collection":[{"href":"https:\/\/hexexist.com\/tr\/wp-json\/wp\/v2\/product"}],"about":[{"href":"https:\/\/hexexist.com\/tr\/wp-json\/wp\/v2\/types\/product"}],"replies":[{"embeddable":true,"href":"https:\/\/hexexist.com\/tr\/wp-json\/wp\/v2\/comments?post=14384"}],"wp:featuredmedia":[{"embeddable":true,"href":"https:\/\/hexexist.com\/tr\/wp-json\/wp\/v2\/media\/12787"}],"wp:attachment":[{"href":"https:\/\/hexexist.com\/tr\/wp-json\/wp\/v2\/media?parent=14384"}],"wp:term":[{"taxonomy":"product_brand","embeddable":true,"href":"https:\/\/hexexist.com\/tr\/wp-json\/wp\/v2\/product_brand?post=14384"},{"taxonomy":"product_cat","embeddable":true,"href":"https:\/\/hexexist.com\/tr\/wp-json\/wp\/v2\/product_cat?post=14384"},{"taxonomy":"product_tag","embeddable":true,"href":"https:\/\/hexexist.com\/tr\/wp-json\/wp\/v2\/product_tag?post=14384"}],"curies":[{"name":"wp","href":"https:\/\/api.w.org\/{rel}","templated":true}]}}