{"id":14385,"date":"2025-10-08T14:08:12","date_gmt":"2025-10-08T14:08:12","guid":{"rendered":"http:\/\/hexexist.com\/product\/newsexo\/"},"modified":"2025-10-14T18:16:48","modified_gmt":"2025-10-14T18:16:48","slug":"newsexo","status":"publish","type":"product","link":"https:\/\/hexexist.com\/tr\/urun\/newsexo\/","title":{"rendered":"NewsExo"},"content":{"rendered":"\n<p>NewsExo, Haber Blogu ve Dergi web siteleri i\u00e7in temiz, \u015f\u0131k ve g\u00fc\u00e7l\u00fc bir WordPress temas\u0131d\u0131r. \u0130\u00e7eri\u011finizin herhangi bir medya cihaz\u0131 i\u00e7in g\u00fczel ve kolay okunmas\u0131n\u0131 sa\u011flayan g\u00f6rsel olarak \u00e7arp\u0131c\u0131 bir d\u00fczen i\u00e7in benzersiz bir tasar\u0131ma sahiptir. Kullan\u0131c\u0131 dostu, SEO&#8217;ya haz\u0131r, zahmetsizce, hafif ve en iyi performans ve Core Web Vitals i\u00e7in optimize edilmi\u015f olsa bile. Tema, haberler, gazeteler, dergiler, yay\u0131nc\u0131lar, edit\u00f6rler, haber portallar\u0131, ki\u015fisel bloglar, dinamik haberler, i\u015f bloglar\u0131, haber ba\u015fyaz\u0131lar\u0131, rehberler, gazetecilik, ya\u015fam tarz\u0131 bloglar\u0131, seyahat bloglar\u0131, ni\u015f blog, yemek blogu, moda dergisi, g\u00fczellik blogu, ba\u011fl\u0131 blog, multimedya blogu, misafir blogu ve inceleme web siteleri i\u00e7in en uygunudur. Ayr\u0131ca s\u0131n\u0131rs\u0131z renk, s\u0131n\u0131rs\u0131z Google yaz\u0131 tipi, tipografi, duyarl\u0131 tasar\u0131m ve Rtl dil deste\u011fi ile temel ihtiya\u00e7lar i\u00e7in yeterli esnek ve \u00e7ok y\u00f6nl\u00fc d\u00fczenlere sahiptir. Web sitenizi arama motoru performans\u0131nda optimize etmeye yard\u0131mc\u0131 olabilecek, potansiyel ziyaret\u00e7iler i\u00e7in bulmay\u0131 kolayla\u015ft\u0131racak son derece SEO dostu olacak \u015fekilde tasarlanm\u0131\u015ft\u0131r ve tema, daha k\u0131sa s\u00fcrede tek bir t\u0131klama ile i\u00e7e aktar\u0131labilen \u00f6nceden tan\u0131mlanm\u0131\u015f g\u00fczel demolar sa\u011flar. NewsExo ayr\u0131ca Elementor, Yoast SEO, WooCommerce, Gutenberg, Contact Form 7, Jetpack, Google Analytics ve \u00e7ok daha fazlas\u0131 gibi pop\u00fcler \u00fccretsiz ve premium WordPress eklentilerini de destekler.      <\/p>\n","protected":false},"excerpt":{"rendered":"<p>NewsExo, Haber Blogu ve Dergi web siteleri i\u00e7in temiz, \u015f\u0131k ve g\u00fc\u00e7l\u00fc bir WordPress temas\u0131d\u0131r. \u0130\u00e7eri\u011finizin herhangi bir medya cihaz\u0131 i\u00e7in g\u00fczel ve kolay okunmas\u0131n\u0131 sa\u011flayan g\u00f6rsel olarak \u00e7arp\u0131c\u0131 bir d\u00fczen i\u00e7in benzersiz bir tasar\u0131ma sahiptir. Kullan\u0131c\u0131 dostu, SEO&#8217;ya haz\u0131r, zahmetsizce, hafif ve en iyi performans ve Core Web Vitals i\u00e7in optimize edilmi\u015f olsa bile. [&hellip;]<\/p>\n","protected":false},"featured_media":12791,"comment_status":"open","ping_status":"closed","template":"","meta":[],"product_brand":[],"product_cat":[1415,1416],"product_tag":[2645,2651,1575,2648,2647,2158,2110,2649,2761,2644,2642,2653,2643,2750,2646,2748,2755],"class_list":{"0":"post-14385","1":"product","2":"type-product","3":"status-publish","4":"has-post-thumbnail","6":"product_cat-temalar","7":"product_cat-wordpress-tr","8":"product_tag-altbilgi-widgetlari","9":"product_tag-bir-sutun","10":"product_tag-blog-tr","11":"product_tag-ceviri-hazir","12":"product_tag-disli-yorumlar","13":"product_tag-fotografcilik","14":"product_tag-haberler","15":"product_tag-iki-sutun","16":"product_tag-izgara-duzeni","17":"product_tag-one-cikan-gorseller","18":"product_tag-ozel-arka-plan","19":"product_tag-ozel-logo","20":"product_tag-ozel-menu","21":"product_tag-rtl-dil-destegi","22":"product_tag-sag-kenar-cubugu","23":"product_tag-tam-genislikte-sablon","24":"product_tag-yapiskan-gonderi","26":"first","27":"instock","28":"downloadable","29":"virtual","30":"product-type-simple"},"_links":{"self":[{"href":"https:\/\/hexexist.com\/tr\/wp-json\/wp\/v2\/product\/14385","targetHints":{"allow":["GET"]}}],"collection":[{"href":"https:\/\/hexexist.com\/tr\/wp-json\/wp\/v2\/product"}],"about":[{"href":"https:\/\/hexexist.com\/tr\/wp-json\/wp\/v2\/types\/product"}],"replies":[{"embeddable":true,"href":"https:\/\/hexexist.com\/tr\/wp-json\/wp\/v2\/comments?post=14385"}],"wp:featuredmedia":[{"embeddable":true,"href":"https:\/\/hexexist.com\/tr\/wp-json\/wp\/v2\/media\/12791"}],"wp:attachment":[{"href":"https:\/\/hexexist.com\/tr\/wp-json\/wp\/v2\/media?parent=14385"}],"wp:term":[{"taxonomy":"product_brand","embeddable":true,"href":"https:\/\/hexexist.com\/tr\/wp-json\/wp\/v2\/product_brand?post=14385"},{"taxonomy":"product_cat","embeddable":true,"href":"https:\/\/hexexist.com\/tr\/wp-json\/wp\/v2\/product_cat?post=14385"},{"taxonomy":"product_tag","embeddable":true,"href":"https:\/\/hexexist.com\/tr\/wp-json\/wp\/v2\/product_tag?post=14385"}],"curies":[{"name":"wp","href":"https:\/\/api.w.org\/{rel}","templated":true}]}}