{"id":14386,"date":"2025-10-08T14:08:13","date_gmt":"2025-10-08T14:08:13","guid":{"rendered":"http:\/\/hexexist.com\/product\/swift-fse\/"},"modified":"2025-10-14T18:16:48","modified_gmt":"2025-10-14T18:16:48","slug":"swift-fse","status":"publish","type":"product","link":"https:\/\/hexexist.com\/tr\/urun\/swift-fse\/","title":{"rendered":"Swift FSE"},"content":{"rendered":"\n<p>Swift FSE \u00e7ok ama\u00e7l\u0131 bir Tam Site D\u00fczenleme temas\u0131d\u0131r. Swift FSE temas\u0131, benzersiz ve g\u00f6z al\u0131c\u0131 web tasar\u0131m\u0131 olu\u015fturmak i\u00e7in WordPress blok d\u00fczenleyicisini ve Plover Kit taraf\u0131ndan sa\u011flanan uzant\u0131lar\u0131 kullan\u0131r. Karanl\u0131k mod ve mobil optimizasyon ziyaret\u00e7ileri daha iyi tutabilir. Ajanslar, \u015firketler ve blog yazarlar\u0131 i\u00e7in etkili bir \u00e7evrimi\u00e7i web sitesi olu\u015fturmak i\u00e7in m\u00fckemmeldir. Yeni ba\u015flayanlar veya pazarlama kampanyalar\u0131 da blok edit\u00f6r\u00fc arac\u0131l\u0131\u011f\u0131yla kolayca a\u00e7\u0131l\u0131\u015f sayfalar\u0131 olu\u015fturabilir, bu da Swift FSE&#8217;yi herhangi bir yarat\u0131c\u0131 \u00e7aba i\u00e7in en h\u0131zl\u0131 ve en uyarlanabilir tema haline getirir.    <\/p>\n","protected":false},"excerpt":{"rendered":"<p>Swift FSE \u00e7ok ama\u00e7l\u0131 bir Tam Site D\u00fczenleme temas\u0131d\u0131r. Swift FSE temas\u0131, benzersiz ve g\u00f6z al\u0131c\u0131 web tasar\u0131m\u0131 olu\u015fturmak i\u00e7in WordPress blok d\u00fczenleyicisini ve Plover Kit taraf\u0131ndan sa\u011flanan uzant\u0131lar\u0131 kullan\u0131r. Karanl\u0131k mod ve mobil optimizasyon ziyaret\u00e7ileri daha iyi tutabilir. Ajanslar, \u015firketler ve blog yazarlar\u0131 i\u00e7in etkili bir \u00e7evrimi\u00e7i web sitesi olu\u015fturmak i\u00e7in m\u00fckemmeldir. Yeni ba\u015flayanlar [&hellip;]<\/p>\n","protected":false},"featured_media":12793,"comment_status":"open","ping_status":"closed","template":"","meta":[],"product_brand":[],"product_cat":[1415,1416],"product_tag":[2645,2651,1575,2652,2641,2654,2648,2647,2754,2756,2110,2649,2761,2760,2644,2642,2758,2653,2643,2753,1702,2750,2646,2650,2757,2748,2764,2755],"class_list":{"0":"post-14386","1":"product","2":"type-product","3":"status-publish","4":"has-post-thumbnail","6":"product_cat-temalar","7":"product_cat-wordpress-tr","8":"product_tag-altbilgi-widgetlari","9":"product_tag-bir-sutun","10":"product_tag-blog-tr","11":"product_tag-blok-duzenleyici-kaliplari","12":"product_tag-blok-duzenleyici-stilleri","13":"product_tag-blok-temalari","14":"product_tag-ceviri-hazir","15":"product_tag-disli-yorumlar","16":"product_tag-editor-stili","17":"product_tag-esnek-baslik","18":"product_tag-haberler","19":"product_tag-iki-sutun","20":"product_tag-izgara-duzeni","21":"product_tag-one-cikan-gorsel-basligi","22":"product_tag-one-cikan-gorseller","23":"product_tag-ozel-arka-plan","24":"product_tag-ozel-baslik","25":"product_tag-ozel-logo","26":"product_tag-ozel-menu","27":"product_tag-ozel-renkler","28":"product_tag-portfoy","29":"product_tag-rtl-dil-destegi","30":"product_tag-sag-kenar-cubugu","31":"product_tag-sol-kenar-cubugu","32":"product_tag-stil-varyasyonlari","33":"product_tag-tam-genislikte-sablon","34":"product_tag-uc-sutun","35":"product_tag-yapiskan-gonderi","37":"first","38":"instock","39":"downloadable","40":"virtual","41":"product-type-simple"},"_links":{"self":[{"href":"https:\/\/hexexist.com\/tr\/wp-json\/wp\/v2\/product\/14386","targetHints":{"allow":["GET"]}}],"collection":[{"href":"https:\/\/hexexist.com\/tr\/wp-json\/wp\/v2\/product"}],"about":[{"href":"https:\/\/hexexist.com\/tr\/wp-json\/wp\/v2\/types\/product"}],"replies":[{"embeddable":true,"href":"https:\/\/hexexist.com\/tr\/wp-json\/wp\/v2\/comments?post=14386"}],"wp:featuredmedia":[{"embeddable":true,"href":"https:\/\/hexexist.com\/tr\/wp-json\/wp\/v2\/media\/12793"}],"wp:attachment":[{"href":"https:\/\/hexexist.com\/tr\/wp-json\/wp\/v2\/media?parent=14386"}],"wp:term":[{"taxonomy":"product_brand","embeddable":true,"href":"https:\/\/hexexist.com\/tr\/wp-json\/wp\/v2\/product_brand?post=14386"},{"taxonomy":"product_cat","embeddable":true,"href":"https:\/\/hexexist.com\/tr\/wp-json\/wp\/v2\/product_cat?post=14386"},{"taxonomy":"product_tag","embeddable":true,"href":"https:\/\/hexexist.com\/tr\/wp-json\/wp\/v2\/product_tag?post=14386"}],"curies":[{"name":"wp","href":"https:\/\/api.w.org\/{rel}","templated":true}]}}