{"id":14387,"date":"2025-10-08T14:08:09","date_gmt":"2025-10-08T14:08:09","guid":{"rendered":"http:\/\/hexexist.com\/product\/altr\/"},"modified":"2025-10-14T18:16:48","modified_gmt":"2025-10-14T18:16:48","slug":"altr","status":"publish","type":"product","link":"https:\/\/hexexist.com\/tr\/urun\/altr\/","title":{"rendered":"Altr"},"content":{"rendered":"\n<p>Altr, giyim, moda, elektronik, e-kitap, elbise ma\u011fazas\u0131, spor ma\u011fazas\u0131, pazar yeri, multivendor, ekipman veya \u00e7evrimi\u00e7i \u00fcr\u00fcnler gibi e-ticaret ma\u011fazalar\u0131 i\u00e7in h\u0131zl\u0131, temiz, hafif, \u00f6zelle\u015ftirilebilir ve modern g\u00f6r\u00fcn\u00fcml\u00fc \u00fccretsiz duyarl\u0131 bir WooCommerce WordPress temas\u0131d\u0131r. Tema, yeni blok edit\u00f6r\u00fc (Gutenberg) ve Elementor, Beaver Builder, SiteOrigin, Thrive Architect, Divi, Brizy, Visual Composer gibi pop\u00fcler sayfa olu\u015fturucularla m\u00fckemmel bir \u015fekilde \u00e7al\u0131\u015f\u0131r. Tema, YITH WooCommerce Wishlist, YITH WooCommerce Compare, WooCommerce Variation Swatches ve di\u011fer pop\u00fcler eklentilerle uyumludur. Tema SEO dostu, WPML ve RTL haz\u0131rd\u0131r.   <\/p>\n","protected":false},"excerpt":{"rendered":"<p>Altr, giyim, moda, elektronik, e-kitap, elbise ma\u011fazas\u0131, spor ma\u011fazas\u0131, pazar yeri, multivendor, ekipman veya \u00e7evrimi\u00e7i \u00fcr\u00fcnler gibi e-ticaret ma\u011fazalar\u0131 i\u00e7in h\u0131zl\u0131, temiz, hafif, \u00f6zelle\u015ftirilebilir ve modern g\u00f6r\u00fcn\u00fcml\u00fc \u00fccretsiz duyarl\u0131 bir WooCommerce WordPress temas\u0131d\u0131r. Tema, yeni blok edit\u00f6r\u00fc (Gutenberg) ve Elementor, Beaver Builder, SiteOrigin, Thrive Architect, Divi, Brizy, Visual Composer gibi pop\u00fcler sayfa olu\u015fturucularla m\u00fckemmel bir [&hellip;]<\/p>\n","protected":false},"featured_media":12788,"comment_status":"open","ping_status":"closed","template":"","meta":[],"product_brand":[],"product_cat":[1415,1416],"product_tag":[2645,2651,1575,2648,2647,2747,2754,2649,2644,2642,2758,2653,2643,2750,2646,2748],"class_list":{"0":"post-14387","1":"product","2":"type-product","3":"status-publish","4":"has-post-thumbnail","6":"product_cat-temalar","7":"product_cat-wordpress-tr","8":"product_tag-altbilgi-widgetlari","9":"product_tag-bir-sutun","10":"product_tag-blog-tr","11":"product_tag-ceviri-hazir","12":"product_tag-disli-yorumlar","13":"product_tag-e-ticaret-tr","14":"product_tag-editor-stili","15":"product_tag-iki-sutun","16":"product_tag-one-cikan-gorseller","17":"product_tag-ozel-arka-plan","18":"product_tag-ozel-baslik","19":"product_tag-ozel-logo","20":"product_tag-ozel-menu","21":"product_tag-rtl-dil-destegi","22":"product_tag-sag-kenar-cubugu","23":"product_tag-tam-genislikte-sablon","25":"first","26":"instock","27":"downloadable","28":"virtual","29":"product-type-simple"},"_links":{"self":[{"href":"https:\/\/hexexist.com\/tr\/wp-json\/wp\/v2\/product\/14387","targetHints":{"allow":["GET"]}}],"collection":[{"href":"https:\/\/hexexist.com\/tr\/wp-json\/wp\/v2\/product"}],"about":[{"href":"https:\/\/hexexist.com\/tr\/wp-json\/wp\/v2\/types\/product"}],"replies":[{"embeddable":true,"href":"https:\/\/hexexist.com\/tr\/wp-json\/wp\/v2\/comments?post=14387"}],"wp:featuredmedia":[{"embeddable":true,"href":"https:\/\/hexexist.com\/tr\/wp-json\/wp\/v2\/media\/12788"}],"wp:attachment":[{"href":"https:\/\/hexexist.com\/tr\/wp-json\/wp\/v2\/media?parent=14387"}],"wp:term":[{"taxonomy":"product_brand","embeddable":true,"href":"https:\/\/hexexist.com\/tr\/wp-json\/wp\/v2\/product_brand?post=14387"},{"taxonomy":"product_cat","embeddable":true,"href":"https:\/\/hexexist.com\/tr\/wp-json\/wp\/v2\/product_cat?post=14387"},{"taxonomy":"product_tag","embeddable":true,"href":"https:\/\/hexexist.com\/tr\/wp-json\/wp\/v2\/product_tag?post=14387"}],"curies":[{"name":"wp","href":"https:\/\/api.w.org\/{rel}","templated":true}]}}