{"id":14388,"date":"2025-10-08T14:08:10","date_gmt":"2025-10-08T14:08:10","guid":{"rendered":"http:\/\/hexexist.com\/product\/newsplace\/"},"modified":"2025-10-14T18:16:48","modified_gmt":"2025-10-14T18:16:48","slug":"newsplace","status":"publish","type":"product","link":"https:\/\/hexexist.com\/tr\/urun\/newsplace\/","title":{"rendered":"NewsPlace"},"content":{"rendered":"\n<p>NewsPlace, geli\u015fmi\u015f bir okuma deneyimi i\u00e7in hem a\u00e7\u0131k hem de koyu mod se\u00e7enekleri sunan haber, blog ve dergi web siteleri i\u00e7in modern bir WordPress temas\u0131d\u0131r. MoreNews&#8217;in alt temas\u0131 olarak tasarlanan tema, tek t\u0131kla demo i\u00e7e aktarma, h\u0131zl\u0131 y\u00fckleme h\u0131z\u0131 ve SEO optimizasyonu gibi g\u00fc\u00e7l\u00fc \u00f6zelliklere sahiptir. Gutenberg, Elementor, Brizy, Beaver Builder ve Divi ile tamamen uyumludur ve \u00f6zelle\u015ftirmeyi zahmetsiz hale getirir. NewsPlace, kolay \u00e7evrimi\u00e7i ma\u011faza entegrasyonu i\u00e7in WooCommerce&#8217;e haz\u0131rd\u0131r ve \u0130ngilizce, \u0130spanyolca, \u00c7ince, Arap\u00e7a, Frans\u0131zca ve Japonca dillerinde mevcut demo i\u00e7eri\u011fi ile \u00e7ok dilli siteleri destekler. 30&#8217;dan fazla \u00f6zelle\u015ftirilebilir widget, Gutenberg kal\u0131plar\u0131, \u00e7e\u015fitli banner ve d\u00fczen se\u00e7enekleri ve RTL deste\u011fi ile k\u00fcresel kitleler i\u00e7in tasarlanm\u0131\u015ft\u0131r. Duyarl\u0131 tasar\u0131m, canl\u0131 \u00f6zelle\u015ftirici deste\u011fi ve Jetpack, Yoast SEO ve Contact Form 7 gibi pop\u00fcler eklentilerle uyumluluk, NewsPlace&#8217;i profesyonel ve zengin \u00f6zelliklere sahip web siteleri olu\u015fturmak i\u00e7in g\u00fcvenilir bir se\u00e7im haline getiriyor.     <\/p>\n","protected":false},"excerpt":{"rendered":"<p>NewsPlace, geli\u015fmi\u015f bir okuma deneyimi i\u00e7in hem a\u00e7\u0131k hem de koyu mod se\u00e7enekleri sunan haber, blog ve dergi web siteleri i\u00e7in modern bir WordPress temas\u0131d\u0131r. MoreNews&#8217;in alt temas\u0131 olarak tasarlanan tema, tek t\u0131kla demo i\u00e7e aktarma, h\u0131zl\u0131 y\u00fckleme h\u0131z\u0131 ve SEO optimizasyonu gibi g\u00fc\u00e7l\u00fc \u00f6zelliklere sahiptir. Gutenberg, Elementor, Brizy, Beaver Builder ve Divi ile tamamen [&hellip;]<\/p>\n","protected":false},"featured_media":12789,"comment_status":"open","ping_status":"closed","template":"","meta":[],"product_brand":[],"product_cat":[1415,1416],"product_tag":[2645,2651,1575,2652,2641,2648,2647,2765,2751,2756,2110,2649,2761,2644,2642,2758,2653,2643,2753,2749,2750,2646,2650,2748,2709,2764],"class_list":{"0":"post-14388","1":"product","2":"type-product","3":"status-publish","4":"has-post-thumbnail","6":"product_cat-temalar","7":"product_cat-wordpress-tr","8":"product_tag-altbilgi-widgetlari","9":"product_tag-bir-sutun","10":"product_tag-blog-tr","11":"product_tag-blok-duzenleyici-kaliplari","12":"product_tag-blok-duzenleyici-stilleri","13":"product_tag-ceviri-hazir","14":"product_tag-disli-yorumlar","15":"product_tag-dort-sutun","16":"product_tag-eglence","17":"product_tag-esnek-baslik","18":"product_tag-haberler","19":"product_tag-iki-sutun","20":"product_tag-izgara-duzeni","21":"product_tag-one-cikan-gorseller","22":"product_tag-ozel-arka-plan","23":"product_tag-ozel-baslik","24":"product_tag-ozel-logo","25":"product_tag-ozel-menu","26":"product_tag-ozel-renkler","27":"product_tag-post-formatlari","28":"product_tag-rtl-dil-destegi","29":"product_tag-sag-kenar-cubugu","30":"product_tag-sol-kenar-cubugu","31":"product_tag-tam-genislikte-sablon","32":"product_tag-tema-secenekleri","33":"product_tag-uc-sutun","35":"first","36":"instock","37":"downloadable","38":"virtual","39":"product-type-simple"},"_links":{"self":[{"href":"https:\/\/hexexist.com\/tr\/wp-json\/wp\/v2\/product\/14388","targetHints":{"allow":["GET"]}}],"collection":[{"href":"https:\/\/hexexist.com\/tr\/wp-json\/wp\/v2\/product"}],"about":[{"href":"https:\/\/hexexist.com\/tr\/wp-json\/wp\/v2\/types\/product"}],"replies":[{"embeddable":true,"href":"https:\/\/hexexist.com\/tr\/wp-json\/wp\/v2\/comments?post=14388"}],"wp:featuredmedia":[{"embeddable":true,"href":"https:\/\/hexexist.com\/tr\/wp-json\/wp\/v2\/media\/12789"}],"wp:attachment":[{"href":"https:\/\/hexexist.com\/tr\/wp-json\/wp\/v2\/media?parent=14388"}],"wp:term":[{"taxonomy":"product_brand","embeddable":true,"href":"https:\/\/hexexist.com\/tr\/wp-json\/wp\/v2\/product_brand?post=14388"},{"taxonomy":"product_cat","embeddable":true,"href":"https:\/\/hexexist.com\/tr\/wp-json\/wp\/v2\/product_cat?post=14388"},{"taxonomy":"product_tag","embeddable":true,"href":"https:\/\/hexexist.com\/tr\/wp-json\/wp\/v2\/product_tag?post=14388"}],"curies":[{"name":"wp","href":"https:\/\/api.w.org\/{rel}","templated":true}]}}